{"id":2282,"date":"2023-11-14T16:03:40","date_gmt":"2023-11-14T15:03:40","guid":{"rendered":"https:\/\/camping-lac-au-duc.fr\/vertrouwelijkheid-en-persoonlijke-gegevens\/"},"modified":"2024-02-27T16:45:05","modified_gmt":"2024-02-27T15:45:05","slug":"vertrouwelijkheid-en-persoonlijke-gegevens","status":"publish","type":"page","link":"https:\/\/camping-lac-au-duc.fr\/nl\/vertrouwelijkheid-en-persoonlijke-gegevens\/","title":{"rendered":"Privacy en persoonlijke gegevens"},"content":{"rendered":"\n<h1 class=\"border boxage has-blanc-color has-text-color\">Privacybeleid en beheer van persoonlijke gegevens<\/h1>\n\n<div class=\"wp-block-group boxage section-page has-typo-color has-text-color\"><div class=\"wp-block-group__inner-container\">\n<div class=\"wp-block-columns\">\n<div class=\"wp-block-column\">\n<h2 class=\"has-primaire-color has-text-color\">Collecte de l\u2019information<\/h2>\n\n\n\n<p>Nous recueillons des informations lorsque vous naviguez sur le site, lorsque vous passez une commande et lorsque vous remplissez l\u2019un des formulaires.<br\/><br\/>En outre, nous recevons et enregistrons automatiquement des informations \u00e0 partir de votre ordinateur et navigateur, comme :<\/p>\n\n\n\n<ul class=\"liste\"><li>votre adresse IP<\/li><li>le type de mat\u00e9riel et de navigateur utilis\u00e9s<\/li><li>la\/les page(s) que vous consultez<\/li><\/ul>\n<\/div>\n\n\n\n<div class=\"wp-block-column\">\n<h2 class=\"has-primaire-color has-text-color\">Utilisation des informations<\/h2>\n\n\n\n<p>Toute les informations que nous recueillons aupr\u00e8s de vous peuvent \u00eatre utilis\u00e9es pour :<\/p>\n\n\n\n<ul class=\"liste\"><li>Personnaliser votre exp\u00e9rience et r\u00e9pondre \u00e0 vos besoins individuels<\/li><li>Fournir un contenu publicitaire personnalis\u00e9<\/li><li>Am\u00e9liorer notre site Web<\/li><li>Am\u00e9liorer le service client et vos besoins de prise en charge<\/li><li>Vous contacter par email<\/li><li>Administrer un concours, une promotion, ou une enqu\u00eate<\/li><\/ul>\n<\/div>\n<\/div>\n\n\n\n<h2 class=\"has-primaire-color has-text-color\">Divulgation \u00e0 des tiers<\/h2>\n\n\n\n<p>Nous ne vendons, n\u2019\u00e9changeons et ne transf\u00e9rons pas vos informations personnelles identifiables \u00e0 des tiers. Cela ne comprend pas les tierces parties de confiance qui nous aident \u00e0 exploiter notre site Web, tant que ces parties conviennent de garder ces informations confidentielles.<\/p>\n\n\n\n<p>Les informations non-priv\u00e9es, cependant, peuvent \u00eatre fournies \u00e0 d\u2019autres parties pour le marketing, la publicit\u00e9, ou d\u2019autres utilisations.<\/p>\n\n\n\n<h3 class=\"has-secondaire-color has-text-color\">Droit d\u2019acc\u00e8s, de modification et de suppression de vos donn\u00e9es<\/h3>\n\n\n\n<p>Nous nous engageons \u00e0 vous offrir un droit d\u2019opposition et de retrait quant \u00e0 vos renseignements personnels. Le droit d\u2019opposition s\u2019entend comme \u00e9tant la possibilit\u00e9 offerte aux internautes de refuser que leurs renseignements personnels soient utilis\u00e9s \u00e0 certaines fins mentionn\u00e9es lors de la collecte.<\/p>\n\n\n\n<p>Si, \u00e0 tout moment, vous souhaitez avoir acc\u00e8s aux informations personnelles vous concernant, ou si vous souhaitez les modifier ou les supprimer, il vous suffit d\u2019en faire la demande directement via les contacts cit\u00e9s ou le formulaire ci-dessous<\/p>\n\n\n\n<div class=\"wp-block-columns\">\n<div class=\"wp-block-column\" style=\"flex-basis:60%\">\n<h4 class=\"has-typo-color has-text-color\">Vous pouvez faire votre demande directement via ce formulaire :<\/h4>\n\n\n<script type=\"text\/javascript\">if(!gform){document.addEventListener(\"gform_main_scripts_loaded\",function(){gform.scriptsLoaded=!0}),window.addEventListener(\"DOMContentLoaded\",function(){gform.domLoaded=!0});var gform={domLoaded:!1,scriptsLoaded:!1,initializeOnLoaded:function(o){gform.domLoaded&&gform.scriptsLoaded?o():!gform.domLoaded&&gform.scriptsLoaded?window.addEventListener(\"DOMContentLoaded\",o):document.addEventListener(\"gform_main_scripts_loaded\",o)},hooks:{action:{},filter:{}},addAction:function(o,n,r,t){gform.addHook(\"action\",o,n,r,t)},addFilter:function(o,n,r,t){gform.addHook(\"filter\",o,n,r,t)},doAction:function(o){gform.doHook(\"action\",o,arguments)},applyFilters:function(o){return gform.doHook(\"filter\",o,arguments)},removeAction:function(o,n){gform.removeHook(\"action\",o,n)},removeFilter:function(o,n,r){gform.removeHook(\"filter\",o,n,r)},addHook:function(o,n,r,t,i){null==gform.hooks[o][n]&&(gform.hooks[o][n]=[]);var e=gform.hooks[o][n];null==i&&(i=n+\"_\"+e.length),null==t&&(t=10),gform.hooks[o][n].push({tag:i,callable:r,priority:t})},doHook:function(o,n,r){if(r=Array.prototype.slice.call(r,1),null!=gform.hooks[o][n]){var t,i=gform.hooks[o][n];i.sort(function(o,n){return o.priority-n.priority});for(var e=0;e<i.length;e++)\"function\"!=typeof(t=i[e].callable)&#038;&#038;(t=window[t]),\"action\"==o?t.apply(null,r):r[0]=t.apply(null,r)}if(\"filter\"==o)return r[0]},removeHook:function(o,n,r,t){if(null!=gform.hooks[o][n])for(var i=gform.hooks[o][n],e=i.length-1;0<=e;e--)null!=t&#038;&#038;t!=i[e].tag||null!=r&#038;&#038;r!=i[e].priority||i.splice(e,1)}}}<\/script>\n                <div class='gf_browser_gecko gform_wrapper gform_legacy_markup_wrapper' id='gform_wrapper_1' ><div id='gf_1' class='gform_anchor' tabindex='-1'><\/div><form method='post' enctype='multipart\/form-data' target='gform_ajax_frame_1' id='gform_1'  action='\/nl\/wp-json\/wp\/v2\/pages\/2282#gf_1' >\n                        <div class='gform_body gform-body'><ul id='gform_fields_1' class='gform_fields top_label form_sublabel_below description_below'><li id=\"field_1_3\" class=\"gfield field_sublabel_below field_description_below gfield_visibility_visible\" ><label class='gfield_label gfield_label_before_complex'  >Contactgegevens<\/label><div class='ginput_complex ginput_container no_prefix has_first_name no_middle_name has_last_name no_suffix gf_name_has_2 ginput_container_name' id='input_1_3'>\n                            \n                            <span id='input_1_3_3_container' class='name_first' >\n                                                    <input type='text' name='input_3.3' id='input_1_3_3' value='' aria-label='First name'   aria-required='false'     \/>\n                                                    <label for='input_1_3_3' >First<\/label>\n                                                <\/span>\n                            \n                            <span id='input_1_3_6_container' class='name_last' >\n                                                    <input type='text' name='input_3.6' id='input_1_3_6' value='' aria-label='Last name'   aria-required='false'     \/>\n                                                    <label for='input_1_3_6' >Last<\/label>\n                                                <\/span>\n                            \n                        <\/div><\/li><li id=\"field_1_4\" class=\"gfield gfield_contains_required field_sublabel_below field_description_below gfield_visibility_visible\" ><label class='gfield_label' for='input_1_4' >E-mail<span class=\"gfield_required\"><span class=\"gfield_required gfield_required_asterisk\">*<\/span><\/span><\/label><div class='ginput_container ginput_container_email'>\n                            <input name='input_4' id='input_1_4' type='text' value='' class='medium'    aria-required=\"true\" aria-invalid=\"false\"  \/>\n                        <\/div><\/li><li id=\"field_1_5\" class=\"gfield field_sublabel_below field_description_below gfield_visibility_visible\" ><label class='gfield_label gfield_label_before_complex'  >Keuze<\/label><div class='ginput_container ginput_container_checkbox'><ul class='gfield_checkbox' id='input_1_5'><li class='gchoice gchoice_1_5_1'>\n\t\t\t\t\t\t\t\t<input class='gfield-choice-input' name='input_5.1' type='checkbox'  value='Mijn e-mailadres uitschrijven van mailinglijsten'  id='choice_1_5_1'   \/>\n\t\t\t\t\t\t\t\t<label for='choice_1_5_1' id='label_1_5_1'>Mijn e-mailadres uitschrijven van mailinglijsten<\/label>\n\t\t\t\t\t\t\t<\/li><li class='gchoice gchoice_1_5_2'>\n\t\t\t\t\t\t\t\t<input class='gfield-choice-input' name='input_5.2' type='checkbox'  value='Toegang tot mijn persoonlijke gegevens'  id='choice_1_5_2'   \/>\n\t\t\t\t\t\t\t\t<label for='choice_1_5_2' id='label_1_5_2'>Toegang tot mijn persoonlijke gegevens<\/label>\n\t\t\t\t\t\t\t<\/li><li class='gchoice gchoice_1_5_3'>\n\t\t\t\t\t\t\t\t<input class='gfield-choice-input' name='input_5.3' type='checkbox'  value='Mijn persoonlijke gegevens wijzigen'  id='choice_1_5_3'   \/>\n\t\t\t\t\t\t\t\t<label for='choice_1_5_3' id='label_1_5_3'>Mijn persoonlijke gegevens wijzigen<\/label>\n\t\t\t\t\t\t\t<\/li><li class='gchoice gchoice_1_5_4'>\n\t\t\t\t\t\t\t\t<input class='gfield-choice-input' name='input_5.4' type='checkbox'  value='Mijn persoonlijke gegevens verwijderen'  id='choice_1_5_4'   \/>\n\t\t\t\t\t\t\t\t<label for='choice_1_5_4' id='label_1_5_4'>Mijn persoonlijke gegevens verwijderen<\/label>\n\t\t\t\t\t\t\t<\/li><li class='gchoice gchoice_1_5_5'>\n\t\t\t\t\t\t\t\t<input class='gfield-choice-input' name='input_5.5' type='checkbox'  value='Mijn toestemming voor het gebruik van mijn persoonlijke gegevens intrekken'  id='choice_1_5_5'   \/>\n\t\t\t\t\t\t\t\t<label for='choice_1_5_5' id='label_1_5_5'>Mijn toestemming voor het gebruik van mijn persoonlijke gegevens intrekken<\/label>\n\t\t\t\t\t\t\t<\/li><li class='gchoice gchoice_1_5_6'>\n\t\t\t\t\t\t\t\t<input class='gfield-choice-input' name='input_5.6' type='checkbox'  value='Mijn persoonlijke gegevens doorgeven aan een derde partij'  id='choice_1_5_6'   \/>\n\t\t\t\t\t\t\t\t<label for='choice_1_5_6' id='label_1_5_6'>Mijn persoonlijke gegevens doorgeven aan een derde partij<\/label>\n\t\t\t\t\t\t\t<\/li><\/ul><\/div><\/li><li id=\"field_1_6\" class=\"gfield gfield_contains_required field_sublabel_below field_description_below gfield_visibility_visible\" ><label class='gfield_label' for='input_1_6' >Beschrijf je verzoek<span class=\"gfield_required\"><span class=\"gfield_required gfield_required_asterisk\">*<\/span><\/span><\/label><div class='ginput_container ginput_container_textarea'><textarea name='input_6' id='input_1_6' class='textarea medium'     aria-required=\"true\" aria-invalid=\"false\"   rows='10' cols='50'><\/textarea><\/div><\/li><li id=\"field_1_7\" class=\"gfield gfield_contains_required field_sublabel_below field_description_below hidden_label gfield_visibility_visible\" ><label class='gfield_label gfield_label_before_complex'  >GDPR<span class=\"gfield_required\"><span class=\"gfield_required gfield_required_asterisk\">*<\/span><\/span><\/label><div class='ginput_container ginput_container_checkbox'><ul class='gfield_checkbox' id='input_1_7'><li class='gchoice gchoice_1_7_1'>\n\t\t\t\t\t\t\t\t<input class='gfield-choice-input' name='input_7.1' type='checkbox'  value='Ik ga akkoord met het gebruik van mijn persoonsgegevens vermeld in het &lt;a href=&quot;https:\/\/camping-lac-au-duc.fr\/nl\/vertrouwelijkheid-en-persoonlijke-gegevens\/&quot; target=&quot;_blank&quot;&gt;Privacybeleid en beheer persoonsgegevens&lt;\/a&gt;.'  id='choice_1_7_1'   \/>\n\t\t\t\t\t\t\t\t<label for='choice_1_7_1' id='label_1_7_1'>Ik ga akkoord met het gebruik van mijn persoonsgegevens vermeld in het <a href=\"https:\/\/camping-lac-au-duc.fr\/nl\/vertrouwelijkheid-en-persoonlijke-gegevens\/\" target=\"_blank\">Privacybeleid en beheer persoonsgegevens<\/a>.<\/label>\n\t\t\t\t\t\t\t<\/li><\/ul><\/div><\/li><li id=\"field_1_8\" class=\"gfield field_sublabel_below field_description_below hidden_label gfield_visibility_visible\" ><label class='gfield_label' for='input_1_8' >CAPTCHA<\/label><div id='input_1_8' class='ginput_container ginput_recaptcha' data-sitekey='6Le9fXcbAAAAAGHb7ETQz-wzK74blA7QLl2apxc4'  data-theme='light' data-tabindex='-1' data-size='invisible' data-badge='bottomright'><\/div><\/li><\/ul><\/div>\n        <div class='gform_footer top_label'> <input type='submit' id='gform_submit_button_1' class='gform_button button' value='Stuur'  onclick='if(window[\"gf_submitting_1\"]){return false;}  window[\"gf_submitting_1\"]=true;  ' onkeypress='if( event.keyCode == 13 ){ if(window[\"gf_submitting_1\"]){return false;} window[\"gf_submitting_1\"]=true;  jQuery(\"#gform_1\").trigger(\"submit\",[true]); }' \/> <input type='hidden' name='gform_ajax' value='form_id=1&amp;title=&amp;description=&amp;tabindex=0' \/>\n            <input type='hidden' class='gform_hidden' name='is_submit_1' value='1' \/>\n            <input type='hidden' class='gform_hidden' name='gform_submit' value='1' \/>\n            \n            <input type='hidden' class='gform_hidden' name='gform_unique_id' value='' \/>\n            <input type='hidden' class='gform_hidden' name='state_1' value='WyJbXSIsIjRkMDE4NWU3MzQyZTFkZDk4YzFiYzM0OWRmMThiNmNkIl0=' \/>\n            <input type='hidden' class='gform_hidden' name='gform_target_page_number_1' id='gform_target_page_number_1' value='0' \/>\n            <input type='hidden' class='gform_hidden' name='gform_source_page_number_1' id='gform_source_page_number_1' value='1' \/>\n            <input type='hidden' name='gform_field_values' value='' \/>\n            \n        <\/div>\n                        <\/form>\n                        <\/div>\n                <iframe style='display:none;width:0px;height:0px;' src='about:blank' name='gform_ajax_frame_1' id='gform_ajax_frame_1' title='This iframe contains the logic required to handle Ajax powered Gravity Forms.'><\/iframe>\n                <script type='text\/javascript'>gform.initializeOnLoaded( function() {gformInitSpinner( 1, 'https:\/\/camping-lac-au-duc.fr\/wp-content\/plugins\/gravityforms\/images\/spinner.svg' );jQuery('#gform_ajax_frame_1').on('load',function(){var contents = jQuery(this).contents().find('*').html();var is_postback = contents.indexOf('GF_AJAX_POSTBACK') >= 0;if(!is_postback){return;}var form_content = jQuery(this).contents().find('#gform_wrapper_1');var is_confirmation = jQuery(this).contents().find('#gform_confirmation_wrapper_1').length > 0;var is_redirect = contents.indexOf('gformRedirect(){') >= 0;var is_form = form_content.length > 0 && ! is_redirect && ! is_confirmation;var mt = parseInt(jQuery('html').css('margin-top'), 10) + parseInt(jQuery('body').css('margin-top'), 10) + 100;if(is_form){jQuery('#gform_wrapper_1').html(form_content.html());if(form_content.hasClass('gform_validation_error')){jQuery('#gform_wrapper_1').addClass('gform_validation_error');} else {jQuery('#gform_wrapper_1').removeClass('gform_validation_error');}setTimeout( function() { \/* delay the scroll by 50 milliseconds to fix a bug in chrome *\/ jQuery(document).scrollTop(jQuery('#gform_wrapper_1').offset().top - mt); }, 50 );if(window['gformInitDatepicker']) {gformInitDatepicker();}if(window['gformInitPriceFields']) {gformInitPriceFields();}var current_page = jQuery('#gform_source_page_number_1').val();gformInitSpinner( 1, 'https:\/\/camping-lac-au-duc.fr\/wp-content\/plugins\/gravityforms\/images\/spinner.svg' );jQuery(document).trigger('gform_page_loaded', [1, current_page]);window['gf_submitting_1'] = false;}else if(!is_redirect){var confirmation_content = jQuery(this).contents().find('.GF_AJAX_POSTBACK').html();if(!confirmation_content){confirmation_content = contents;}setTimeout(function(){jQuery('#gform_wrapper_1').replaceWith(confirmation_content);jQuery(document).scrollTop(jQuery('#gf_1').offset().top - mt);jQuery(document).trigger('gform_confirmation_loaded', [1]);window['gf_submitting_1'] = false;wp.a11y.speak(jQuery('#gform_confirmation_message_1').text());}, 50);}else{jQuery('#gform_1').append(contents);if(window['gformRedirect']) {gformRedirect();}}jQuery(document).trigger('gform_post_render', [1, current_page]);} );} );<\/script><\/div>\n\n\n\n<div class=\"wp-block-column\" style=\"flex-basis:40%\">\n<h4 class=\"has-typo-color has-text-color\">Pour pouvoir exercer ces droits, vous pouvez nous contacter<\/h4>\n\n\n\n<p><strong><span itemprop=\"name\">Lac au Duc<\/span><\/strong><br\/><span class=\"wrp_adresse\"><span itemprop=\"address\">Lieu-dit Les belles rives, 56800 TAUPONT<\/span><\/span><br\/><strong>T\u00e9l. :<\/strong> <a itemprop=\"telephone\" href=\"tel:+33297740122\">02 97 74 01 22<\/a><br\/><strong>Email :<\/strong> <a itemprop=\"email\" href=\"mailto:campingdulactaupont@gmail.com\">campingdulactaupont@gmail.com<\/a><\/p>\n\n\n\n<div style=\"height:39px\" aria-hidden=\"true\" class=\"wp-block-spacer\"><\/div>\n\n\n\n<h4>Informations relatives aux cookies sur notre site<\/h4>\n\n\n\n<p>L\u2019informations d\u00e9taill\u00e9e des cookies et leurs gestions sur le site sont disponibles ici : <a href=\"https:\/\/camping-lac-au-duc.fr\/nl\/cookiebeleid-eu\/\">Politique de cookies (EU)<\/a><\/p>\n<\/div>\n<\/div>\n\n\n\n<h2 class=\"has-primaire-color has-text-color\"><strong><strong>Protection des informations<\/strong><\/strong> <strong>et donn\u00e9es personnelles<\/strong><\/h2>\n\n\n\n<p>L\u2019internaute peut \u00eatre amen\u00e9 \u00e0 d\u00e9poser certaines donn\u00e9es personnelles en r\u00e9pondant aux formulaires qui lui sont propos\u00e9s. La saisie de ces donn\u00e9es est n\u00e9cessaire au traitement de la demande de l\u2019internaute, par <strong>Francecom<\/strong>.<\/p>\n\n\n\n<p><strong>Francecom<\/strong> s\u2019engage \u00e0 respecter les dispositions de la loi n\u00b078-17 du 6 janvier 1978 relative \u00e0 l\u2019informatique, aux fichiers et aux libert\u00e9s modifi\u00e9e et prendre toute pr\u00e9caution n\u00e9cessaire pour pr\u00e9server la s\u00e9curit\u00e9 des informations nominatives confi\u00e9es. Aucune information \u00e0 caract\u00e8re personnel ne sera communiqu\u00e9e \u00e0 des soci\u00e9t\u00e9s tierces sans l\u2019accord pr\u00e9alable et \u00e9clair\u00e9 de l\u2019internaute.<\/p>\n\n\n\n<p>Nous mettons en \u0153uvre une vari\u00e9t\u00e9 de mesures de s\u00e9curit\u00e9 pour pr\u00e9server la s\u00e9curit\u00e9 de vos informations personnelles :<\/p>\n\n\n\n<ul id=\"block-342f7f15-5b2e-452e-8c64-ef467007c504\" class=\"liste\"><li>Protocole SSL<\/li><li>Gestion des acc\u00e8s par login\/mot de passe<\/li><li>Logiciels de surveillance r\u00e9seau<\/li><li>Sauvegardes informatiques multiples<\/li><li>Pare-feu<\/li><\/ul>\n\n\n\n<p>Nous prot\u00e9geons \u00e9galement vos informations hors ligne. Seuls les employ\u00e9s qui ont besoin d\u2019effectuer un travail sp\u00e9cifique (par exemple, la facturation ou le service \u00e0 la client\u00e8le) ont acc\u00e8s aux informations personnelles identifiables. Les ordinateurs et serveurs utilis\u00e9s pour stocker des informations personnelles identifiables sont conserv\u00e9s dans un environnement s\u00e9curis\u00e9<\/p>\n<\/div><\/div>\n","protected":false},"excerpt":{"rendered":"<p>Privacybeleid en beheer van persoonlijke gegevens<\/p>\n","protected":false},"author":1,"featured_media":0,"parent":0,"menu_order":0,"comment_status":"closed","ping_status":"closed","template":"","meta":[],"yoast_head":"<!-- This site is optimized with the Yoast SEO plugin v16.3 - https:\/\/yoast.com\/wordpress\/plugins\/seo\/ -->\n<title>Privacy en persoonlijke gegevens - Camping du Lac in Taupont<\/title>\n<meta name=\"robots\" content=\"index, follow, max-snippet:-1, max-image-preview:large, max-video-preview:-1\" \/>\n<link rel=\"canonical\" href=\"https:\/\/camping-lac-au-duc.fr\/nl\/vertrouwelijkheid-en-persoonlijke-gegevens\/\" \/>\n<meta property=\"og:locale\" content=\"nl_NL\" \/>\n<meta property=\"og:type\" content=\"article\" \/>\n<meta property=\"og:title\" content=\"Privacy en persoonlijke gegevens - Camping du Lac in Taupont\" \/>\n<meta property=\"og:description\" content=\"Privacybeleid en beheer van persoonlijke gegevens\" \/>\n<meta property=\"og:url\" content=\"https:\/\/camping-lac-au-duc.fr\/nl\/vertrouwelijkheid-en-persoonlijke-gegevens\/\" \/>\n<meta property=\"og:site_name\" content=\"Camping du Lac in Taupont\" \/>\n<meta property=\"article:modified_time\" content=\"2024-02-27T15:45:05+00:00\" \/>\n<meta name=\"twitter:card\" content=\"summary_large_image\" \/>\n<meta name=\"twitter:label1\" content=\"Est. reading time\">\n\t<meta name=\"twitter:data1\" content=\"3 minutes\">\n<script type=\"application\/ld+json\" class=\"yoast-schema-graph\">{\"@context\":\"https:\/\/schema.org\",\"@graph\":[{\"@type\":\"WebSite\",\"@id\":\"https:\/\/camping-lac-au-duc.fr\/#website\",\"url\":\"https:\/\/camping-lac-au-duc.fr\/\",\"name\":\"Lac au duc\",\"description\":\"\",\"potentialAction\":[{\"@type\":\"SearchAction\",\"target\":\"https:\/\/camping-lac-au-duc.fr\/?s={search_term_string}\",\"query-input\":\"required name=search_term_string\"}],\"inLanguage\":\"nl-NL\"},{\"@type\":\"WebPage\",\"@id\":\"https:\/\/camping-lac-au-duc.fr\/nl\/vertrouwelijkheid-en-persoonlijke-gegevens\/#webpage\",\"url\":\"https:\/\/camping-lac-au-duc.fr\/nl\/vertrouwelijkheid-en-persoonlijke-gegevens\/\",\"name\":\"Privacy en persoonlijke gegevens - Camping du Lac in Taupont\",\"isPartOf\":{\"@id\":\"https:\/\/camping-lac-au-duc.fr\/#website\"},\"datePublished\":\"2023-11-14T15:03:40+00:00\",\"dateModified\":\"2024-02-27T15:45:05+00:00\",\"breadcrumb\":{\"@id\":\"https:\/\/camping-lac-au-duc.fr\/nl\/vertrouwelijkheid-en-persoonlijke-gegevens\/#breadcrumb\"},\"inLanguage\":\"nl-NL\",\"potentialAction\":[{\"@type\":\"ReadAction\",\"target\":[\"https:\/\/camping-lac-au-duc.fr\/nl\/vertrouwelijkheid-en-persoonlijke-gegevens\/\"]}]},{\"@type\":\"BreadcrumbList\",\"@id\":\"https:\/\/camping-lac-au-duc.fr\/nl\/vertrouwelijkheid-en-persoonlijke-gegevens\/#breadcrumb\",\"itemListElement\":[{\"@type\":\"ListItem\",\"position\":1,\"item\":{\"@type\":\"WebPage\",\"@id\":\"https:\/\/camping-lac-au-duc.fr\/nl\/\",\"url\":\"https:\/\/camping-lac-au-duc.fr\/nl\/\",\"name\":\"Home\"}},{\"@type\":\"ListItem\",\"position\":2,\"item\":{\"@id\":\"https:\/\/camping-lac-au-duc.fr\/nl\/vertrouwelijkheid-en-persoonlijke-gegevens\/#webpage\"}}]}]}<\/script>\n<!-- \/ Yoast SEO plugin. -->","_links":{"self":[{"href":"https:\/\/camping-lac-au-duc.fr\/nl\/wp-json\/wp\/v2\/pages\/2282"}],"collection":[{"href":"https:\/\/camping-lac-au-duc.fr\/nl\/wp-json\/wp\/v2\/pages"}],"about":[{"href":"https:\/\/camping-lac-au-duc.fr\/nl\/wp-json\/wp\/v2\/types\/page"}],"author":[{"embeddable":true,"href":"https:\/\/camping-lac-au-duc.fr\/nl\/wp-json\/wp\/v2\/users\/1"}],"replies":[{"embeddable":true,"href":"https:\/\/camping-lac-au-duc.fr\/nl\/wp-json\/wp\/v2\/comments?post=2282"}],"version-history":[{"count":5,"href":"https:\/\/camping-lac-au-duc.fr\/nl\/wp-json\/wp\/v2\/pages\/2282\/revisions"}],"predecessor-version":[{"id":3091,"href":"https:\/\/camping-lac-au-duc.fr\/nl\/wp-json\/wp\/v2\/pages\/2282\/revisions\/3091"}],"wp:attachment":[{"href":"https:\/\/camping-lac-au-duc.fr\/nl\/wp-json\/wp\/v2\/media?parent=2282"}],"curies":[{"name":"wp","href":"https:\/\/api.w.org\/{rel}","templated":true}]}}