{"id":2265,"date":"2023-11-14T11:54:27","date_gmt":"2023-11-14T10:54:27","guid":{"rendered":"https:\/\/camping-lac-au-duc.fr\/camping-malestroit-2\/"},"modified":"2024-02-27T16:42:12","modified_gmt":"2024-02-27T15:42:12","slug":"camping-malestroit","status":"publish","type":"page","link":"https:\/\/camping-lac-au-duc.fr\/nl\/camping-malestroit\/","title":{"rendered":"Camping Malestroit"},"content":{"rendered":"\n<div class=\"wp-block-columns alignfull section-images_texte section_vagues has-fond-background-color has-background\">\n<div class=\"wp-block-column images_2\">\n<figure class=\"wp-block-image size-large fade-left\"><img width=\"1024\" height=\"768\" src=\"https:\/\/camping-lac-au-duc.fr\/wp-content\/uploads\/2022\/09\/Malestroit_-_Oust_03-1024x768.jpg\" alt=\"Malestroit Oust (03)\" class=\"wp-image-1685\" srcset=\"https:\/\/camping-lac-au-duc.fr\/wp-content\/uploads\/2022\/09\/Malestroit_-_Oust_03-1024x768.jpg 1024w, https:\/\/camping-lac-au-duc.fr\/wp-content\/uploads\/2022\/09\/Malestroit_-_Oust_03-300x225.jpg 300w, https:\/\/camping-lac-au-duc.fr\/wp-content\/uploads\/2022\/09\/Malestroit_-_Oust_03-768x576.jpg 768w, https:\/\/camping-lac-au-duc.fr\/wp-content\/uploads\/2022\/09\/Malestroit_-_Oust_03-1536x1152.jpg 1536w, https:\/\/camping-lac-au-duc.fr\/wp-content\/uploads\/2022\/09\/Malestroit_-_Oust_03-2048x1536.jpg 2048w\" sizes=\"(max-width: 1024px) 100vw, 1024px\" \/><\/figure>\n\n\n\n<figure class=\"wp-block-image size-large fade-up\"><img width=\"1024\" height=\"681\" src=\"https:\/\/camping-lac-au-duc.fr\/wp-content\/uploads\/2022\/09\/France_Bretagne_56_Malestroit_01-1024x681.jpg\" alt=\"Bretagne 56 Malestroit\" class=\"wp-image-1679\" srcset=\"https:\/\/camping-lac-au-duc.fr\/wp-content\/uploads\/2022\/09\/France_Bretagne_56_Malestroit_01-1024x681.jpg 1024w, https:\/\/camping-lac-au-duc.fr\/wp-content\/uploads\/2022\/09\/France_Bretagne_56_Malestroit_01-300x199.jpg 300w, https:\/\/camping-lac-au-duc.fr\/wp-content\/uploads\/2022\/09\/France_Bretagne_56_Malestroit_01-768x511.jpg 768w, https:\/\/camping-lac-au-duc.fr\/wp-content\/uploads\/2022\/09\/France_Bretagne_56_Malestroit_01-1536x1021.jpg 1536w, https:\/\/camping-lac-au-duc.fr\/wp-content\/uploads\/2022\/09\/France_Bretagne_56_Malestroit_01-2048x1362.jpg 2048w\" sizes=\"(max-width: 1024px) 100vw, 1024px\" \/><\/figure>\n<\/div>\n\n\n\n<div class=\"wp-block-column\">\n<h1 class=\"has-text-align-center has-primaire-color has-text-color\">Camping Malestroit in Zuid-Bretagne<\/h1>\n\n\n\n<h2 class=\"alignwide has-text-align-center titre_2\"> Verblijf op camping &#8220;Lac au duc&#8221; bij Malestroit<\/h2>\n\n\n\n<div style=\"height:11px\" aria-hidden=\"true\" class=\"wp-block-spacer\"><\/div>\n\n\n\n<p class=\"has-text-align-left\">Een bezoek aan Malestroit in Bretagne is alsof je terug in de tijd stapt <strong>naar de tijd van de ridders<\/strong>. Deze Petite Cit\u00e9 de Caract\u00e8re ligt in het binnenland, tussen het mythische <a href=\"https:\/\/camping-lac-au-duc.fr\/nl\/camping-foret-de-broceliande\/\">bos van Broc\u00e9liande<\/a> en de schitterende Golf van Morbihan. <br\/>Tussen land en zee zijn de attracties van dit geografische gebied talrijk. Een ideale streek voor een gezinsvakantie op camping Malestroit.<\/p>\n\n\n\n<h2 class=\"has-text-align-left has-primaire-color has-text-color\">Wat kun je doen in Malestroit in de buurt van onze camping?<\/h2>\n\n\n\n<p class=\"has-text-align-left\">Vanaf de camping Lac au Duc ben je in slechts twintig minuten in Malestroit. Een bezoek dat je niet mag missen tijdens je verblijf in ons etablissement!<\/p>\n\n\n\n<h3 class=\"has-text-align-left\">Malestroit, &#8220;de parel van het westen&#8221;<\/h3>\n\n\n\n<p class=\"has-text-align-left\">Malestroit is een van de &#8220;<strong>Petites Cit\u00e9s de Caract\u00e8re<\/strong>&#8221; (Kleine Karaktervolle Steden) van Bretagne die een blijvende indruk achterlaten. Opgericht aan de kant van een meander van de rivier de Oust rond het jaar 1000, heeft het centrum zijn middeleeuwse charme behouden. De vakwerkhuizen versierd met ongewone of provocerende beeldjes getuigen van het roemrijke verleden. De opmerkelijke kerk van Saint-Gilles onthult het belang ervan voor pelgrims op weg naar Santiago de Compostela in de Middeleeuwen.<\/p>\n\n\n\n<p class=\"has-text-align-left\">De <strong>rivier<\/strong> is al sinds de stichting de basis van de rijkdom van de stad. In de 19e eeuw ging de ontwikkeling verder met de aanleg van het kanaal Nantes-Brest om de verscheping van goederen naar de rest van Bretagne en Frankrijk te vergemakkelijken. <\/p>\n\n\n\n<p class=\"has-text-align-left\">Malestroit, een must tijdens je verblijf in Morbihan. <br\/>Op het programma:<\/p>\n\n\n\n<ul class=\"has-typo-color has-text-color\"><li>Dwaal door de geplaveide straten;<\/li><li>Verdwaal tussen Place du Bouffay en Ile Notre-Dame ;<\/li><li>Fiets langs het jaagpad van het kanaal Nantes-Brest of de <a href=\"https:\/\/camping-lac-au-duc.fr\/nl\/camping-voie-verte-een-ploermel\/\"><strong>Voie Verte<\/strong><\/a> ;<\/li><li>De sluis zien passeren is al een spektakel op zich.<\/li><\/ul>\n\n\n\n<div style=\"height:24px\" aria-hidden=\"true\" class=\"wp-block-spacer\"><\/div>\n\n\n\n<h3 class=\"has-text-align-left\">Gezinsactiviteiten<\/h3>\n\n\n\n<p class=\"has-text-align-left\">In deze kleine Bretonse &#8220;Cit\u00e9 de Caract\u00e8re&#8221; zijn er tal van activiteiten om samen met je kinderen van te genieten.<\/p>\n\n\n\n<p class=\"has-text-align-left\"><strong>Voor wandelaars is er een<\/strong> ontdekkingspad waarmee je alle wijken van de stad kunt verkennen. Tussen het gebouwde erfgoed en het riviererfgoed zul je niets missen van de belangrijkste bezienswaardigheden. Via iets langere wandelpaden kun je genieten van de rust aan de oevers van het kanaal Nantes-Brest en de rivier de Oust.<\/p>\n\n\n\n<p class=\"has-text-align-left\"><strong>Voor fietsers<\/strong> is het jaagpad langs het kanaal een ideale plek om veilig te fietsen. Bekijk deze waterweg niet alleen vanaf de oevers! Je kunt een boot huren zonder vaarbewijs of een riviercruise boeken vanuit Gl\u00e9nac. Rond deze ontdekking van het natuurlijke erfgoed van Morbihan af met een bezoek aan het Maison de l&#8217;Eau et de la P\u00eache in Malestroit. De permanente tentoonstelling en aquaria zullen jong en oud bekoren.<\/p>\n\n\n\n<p class=\"has-text-align-left\">Om je peuters aan te moedigen je zonder mopperen te vergezellen naar de donderdagmarkt, kun je ze een cr\u00eape of een kouign-amann aanbieden terwijl je lekkere Bretonse producten inslaat.<\/p>\n<\/div>\n<\/div>\n\n<div class=\"wp-block-columns alignfull section-images_texte\">\n<div class=\"wp-block-column\">\n<h2 class=\"has-text-align-center titre_1 has-primaire-color has-text-color\">Verblijf op onze camping in de buurt van Malestroit<\/h2>\n\n\n\n<div style=\"height:48px\" aria-hidden=\"true\" class=\"wp-block-spacer\"><\/div>\n\n\n\n<p class=\"has-text-align-left\">Voor een verblijf in de buurt van <a href=\"https:\/\/www.broceliande-vacances.com\/decouvrir\/incontournables\/canal-nantes-brest\/petites-cites-caractere-canal\/malestroit\/\" target=\"_blank\" rel=\"noreferrer noopener\">Malestroit<\/a> heten we je welkom op onze camping aan de oevers van <a href=\"https:\/\/camping-lac-au-duc.fr\/nl\/lac-au-duc\/\" target=\"_blank\" rel=\"noreferrer noopener\">Lac au Duc<\/a>, bij Taupon. Ons aanbod van comfortabele stacaravans en chalets te huur in Morbihan zal je zeker bevallen. Een geweldige plek om nieuwe energie op te doen na een drukke dag om het Bretonse erfgoed te verkennen, waaronder het mooie stadje <a href=\"https:\/\/camping-lac-au-duc.fr\/nl\/camping-josselin\/\">Josselin<\/a> en <a href=\"https:\/\/camping-lac-au-duc.fr\/nl\/gacilly\/\" target=\"_blank\" rel=\"noreferrer noopener\">La Gacilly<\/a>.<\/p>\n\n\n\n<h3 class=\"has-text-align-left\">Activiteiten in de buurt van de camping<\/h3>\n\n\n\n<p class=\"has-text-align-left\">Onze directe toegang tot het Lac de Taupon biedt talloze mogelijkheden voor activiteiten:<\/p>\n\n\n\n<ul><li>Zwemmen en zandkastelen voor de allerkleinsten;<\/li><li>Waterfietsen, kajakken, paddleboarden, wandelen of fietsen voor de sportievelingen;<\/li><li>Vissen voor de stillen.<\/li><\/ul>\n\n\n\n<h3 class=\"has-text-align-left\">Rijd je met een motorvoertuig over de weg? <\/h3>\n\n\n\n<p class=\"has-text-align-left\">Welkom in onze vestiging! Beter dan een camperpark, geniet je van een ruime staanplaats in het hart van een bevoorrechte omgeving. <a href=\"https:\/\/camping-lac-au-duc.fr\/nl\/\">Camping Lac au Duc<\/a> ligt midden in de natuur. Rust, schaduw en een meer zorgen voor een aangenaam en ontspannend verblijf.<\/p>\n<\/div>\n\n\n\n<div class=\"wp-block-column images_2\">\n<div id=\"fade-right\" class=\"wp-block-image\"><figure class=\"aligncenter size-large\"><img src=\"https:\/\/camping-lac-au-duc.fr\/wp-content\/uploads\/2022\/02\/Camping-du-Lac_SLG6718-1024x684.jpg\" alt=\"Camping Du Lac &#xE0; Taupont : Camping Du Lac Slg6718\" class=\"wp-image-1150\"\/><\/figure><\/div>\n\n\n\n<figure class=\"wp-block-image size-large fade-up\"><img src=\"https:\/\/camping-lac-au-duc.fr\/wp-content\/uploads\/2021\/07\/Camping-du-Lac_SLG5405.webp\" alt=\"Camping Lac au duc\" class=\"wp-image-885\"\/><\/figure>\n<\/div>\n<\/div>\n","protected":false},"excerpt":{"rendered":"<p>Camping Malestroit in Zuid-Bretagne Verblijf op camping &#8220;Lac au duc&#8221; bij Malestroit Een bezoek aan Malestroit in Bretagne is alsof je terug in de tijd stapt naar de tijd van de ridders. Deze Petite Cit\u00e9 de Caract\u00e8re ligt in het binnenland, tussen het mythische bos van Broc\u00e9liande en de schitterende Golf van Morbihan. Tussen land [&hellip;]<\/p>\n","protected":false},"author":1,"featured_media":2267,"parent":0,"menu_order":0,"comment_status":"closed","ping_status":"closed","template":"","meta":[],"yoast_head":"<!-- This site is optimized with the Yoast SEO plugin v16.3 - https:\/\/yoast.com\/wordpress\/plugins\/seo\/ -->\n<title>Camping Malestroit - Verblijf op camping Lac au Duc in Taupont<\/title>\n<meta name=\"description\" content=\"Ontdek Malestroit, een klein stadje met middeleeuwse charme in Morbihan, verblijf op onze camping aan het Lac au Duc, vlakbij Broc\u00e9liande;\" \/>\n<meta name=\"robots\" content=\"index, follow, max-snippet:-1, max-image-preview:large, max-video-preview:-1\" \/>\n<link rel=\"canonical\" href=\"https:\/\/camping-lac-au-duc.fr\/nl\/camping-malestroit\/\" \/>\n<meta property=\"og:locale\" content=\"nl_NL\" \/>\n<meta property=\"og:type\" content=\"article\" \/>\n<meta property=\"og:title\" content=\"Camping Malestroit - Verblijf op camping Lac au Duc in Taupont\" \/>\n<meta property=\"og:description\" content=\"Ontdek Malestroit, een klein stadje met middeleeuwse charme in Morbihan, verblijf op onze camping aan het Lac au Duc, vlakbij Broc\u00e9liande;\" \/>\n<meta property=\"og:url\" content=\"https:\/\/camping-lac-au-duc.fr\/nl\/camping-malestroit\/\" \/>\n<meta property=\"og:site_name\" content=\"Camping du Lac in Taupont\" \/>\n<meta property=\"article:modified_time\" content=\"2024-02-27T15:42:12+00:00\" \/>\n<meta property=\"og:image\" content=\"https:\/\/camping-lac-au-duc.fr\/wp-content\/uploads\/2022\/09\/France_Bretagne_56_Malestroit_01-scaled.jpg\" \/>\n\t<meta property=\"og:image:width\" content=\"2560\" \/>\n\t<meta property=\"og:image:height\" content=\"1702\" \/>\n<meta name=\"twitter:card\" content=\"summary_large_image\" \/>\n<meta name=\"twitter:label1\" content=\"Est. reading time\">\n\t<meta name=\"twitter:data1\" content=\"3 minutes\">\n<script type=\"application\/ld+json\" class=\"yoast-schema-graph\">{\"@context\":\"https:\/\/schema.org\",\"@graph\":[{\"@type\":\"WebSite\",\"@id\":\"https:\/\/camping-lac-au-duc.fr\/#website\",\"url\":\"https:\/\/camping-lac-au-duc.fr\/\",\"name\":\"Lac au duc\",\"description\":\"\",\"potentialAction\":[{\"@type\":\"SearchAction\",\"target\":\"https:\/\/camping-lac-au-duc.fr\/?s={search_term_string}\",\"query-input\":\"required name=search_term_string\"}],\"inLanguage\":\"nl-NL\"},{\"@type\":\"ImageObject\",\"@id\":\"https:\/\/camping-lac-au-duc.fr\/nl\/camping-malestroit\/#primaryimage\",\"inLanguage\":\"nl-NL\",\"url\":\"https:\/\/camping-lac-au-duc.fr\/wp-content\/uploads\/2022\/09\/France_Bretagne_56_Malestroit_01-scaled.jpg\",\"contentUrl\":\"https:\/\/camping-lac-au-duc.fr\/wp-content\/uploads\/2022\/09\/France_Bretagne_56_Malestroit_01-scaled.jpg\",\"width\":2560,\"height\":1702},{\"@type\":\"WebPage\",\"@id\":\"https:\/\/camping-lac-au-duc.fr\/nl\/camping-malestroit\/#webpage\",\"url\":\"https:\/\/camping-lac-au-duc.fr\/nl\/camping-malestroit\/\",\"name\":\"Camping Malestroit - Verblijf op camping Lac au Duc in Taupont\",\"isPartOf\":{\"@id\":\"https:\/\/camping-lac-au-duc.fr\/#website\"},\"primaryImageOfPage\":{\"@id\":\"https:\/\/camping-lac-au-duc.fr\/nl\/camping-malestroit\/#primaryimage\"},\"datePublished\":\"2023-11-14T10:54:27+00:00\",\"dateModified\":\"2024-02-27T15:42:12+00:00\",\"description\":\"Ontdek Malestroit, een klein stadje met middeleeuwse charme in Morbihan, verblijf op onze camping aan het Lac au Duc, vlakbij Broc\\u00e9liande;\",\"breadcrumb\":{\"@id\":\"https:\/\/camping-lac-au-duc.fr\/nl\/camping-malestroit\/#breadcrumb\"},\"inLanguage\":\"nl-NL\",\"potentialAction\":[{\"@type\":\"ReadAction\",\"target\":[\"https:\/\/camping-lac-au-duc.fr\/nl\/camping-malestroit\/\"]}]},{\"@type\":\"BreadcrumbList\",\"@id\":\"https:\/\/camping-lac-au-duc.fr\/nl\/camping-malestroit\/#breadcrumb\",\"itemListElement\":[{\"@type\":\"ListItem\",\"position\":1,\"item\":{\"@type\":\"WebPage\",\"@id\":\"https:\/\/camping-lac-au-duc.fr\/nl\/\",\"url\":\"https:\/\/camping-lac-au-duc.fr\/nl\/\",\"name\":\"Home\"}},{\"@type\":\"ListItem\",\"position\":2,\"item\":{\"@id\":\"https:\/\/camping-lac-au-duc.fr\/nl\/camping-malestroit\/#webpage\"}}]}]}<\/script>\n<!-- \/ Yoast SEO plugin. -->","_links":{"self":[{"href":"https:\/\/camping-lac-au-duc.fr\/nl\/wp-json\/wp\/v2\/pages\/2265"}],"collection":[{"href":"https:\/\/camping-lac-au-duc.fr\/nl\/wp-json\/wp\/v2\/pages"}],"about":[{"href":"https:\/\/camping-lac-au-duc.fr\/nl\/wp-json\/wp\/v2\/types\/page"}],"author":[{"embeddable":true,"href":"https:\/\/camping-lac-au-duc.fr\/nl\/wp-json\/wp\/v2\/users\/1"}],"replies":[{"embeddable":true,"href":"https:\/\/camping-lac-au-duc.fr\/nl\/wp-json\/wp\/v2\/comments?post=2265"}],"version-history":[{"count":5,"href":"https:\/\/camping-lac-au-duc.fr\/nl\/wp-json\/wp\/v2\/pages\/2265\/revisions"}],"predecessor-version":[{"id":3080,"href":"https:\/\/camping-lac-au-duc.fr\/nl\/wp-json\/wp\/v2\/pages\/2265\/revisions\/3080"}],"wp:featuredmedia":[{"embeddable":true,"href":"https:\/\/camping-lac-au-duc.fr\/nl\/wp-json\/wp\/v2\/media\/2267"}],"wp:attachment":[{"href":"https:\/\/camping-lac-au-duc.fr\/nl\/wp-json\/wp\/v2\/media?parent=2265"}],"curies":[{"name":"wp","href":"https:\/\/api.w.org\/{rel}","templated":true}]}}