{"id":2245,"date":"2023-11-13T12:41:04","date_gmt":"2023-11-13T11:41:04","guid":{"rendered":"https:\/\/camping-lac-au-duc.fr\/boscamping-broceliande\/"},"modified":"2024-02-27T16:36:53","modified_gmt":"2024-02-27T15:36:53","slug":"camping-foret-de-broceliande","status":"publish","type":"page","link":"https:\/\/camping-lac-au-duc.fr\/nl\/camping-foret-de-broceliande\/","title":{"rendered":"Boscamping Broc\u00e9liande"},"content":{"rendered":"\n<div class=\"wp-block-columns alignfull section-images_texte section_vagues has-fond-background-color has-background\">\n<div class=\"wp-block-column images_2\">\n<figure class=\"wp-block-image size-large fade-left\"><img src=\"https:\/\/camping-lac-au-duc.fr\/wp-content\/uploads\/2022\/02\/Camping-du-Lac_SLG6718-1024x684.jpg\" alt=\"Camping Du Lac &#xE0; Taupont : Camping Du Lac Slg6718\" class=\"wp-image-1150\"\/><\/figure>\n\n\n\n<figure class=\"wp-block-image size-large fade-up\"><img width=\"1024\" height=\"683\" src=\"https:\/\/camping-lac-au-duc.fr\/wp-content\/uploads\/2022\/04\/to-go-biking-gc39da6886_1920-1024x683.jpg\" alt=\"Camping Du Lac &#xE0; Taupont : Groene fietsroute\" class=\"wp-image-1238\" srcset=\"https:\/\/camping-lac-au-duc.fr\/wp-content\/uploads\/2022\/04\/to-go-biking-gc39da6886_1920-1024x683.jpg 1024w, https:\/\/camping-lac-au-duc.fr\/wp-content\/uploads\/2022\/04\/to-go-biking-gc39da6886_1920-300x200.jpg 300w, https:\/\/camping-lac-au-duc.fr\/wp-content\/uploads\/2022\/04\/to-go-biking-gc39da6886_1920-768x512.jpg 768w, https:\/\/camping-lac-au-duc.fr\/wp-content\/uploads\/2022\/04\/to-go-biking-gc39da6886_1920-1536x1024.jpg 1536w, https:\/\/camping-lac-au-duc.fr\/wp-content\/uploads\/2022\/04\/to-go-biking-gc39da6886_1920.jpg 1920w\" sizes=\"(max-width: 1024px) 100vw, 1024px\" \/><\/figure>\n<\/div>\n\n\n\n<div class=\"wp-block-column\">\n<h1 class=\"has-text-align-center titre_1 has-primaire-color has-text-color\">Boscamping Broc\u00e9liande, Paimpont<\/h1>\n\n\n\n<h2 class=\"alignwide has-text-align-center titre_2\"> Verblijf op camping &#8220;Lac au duc&#8221; in Taupont, Bretagne<\/h2>\n\n\n\n<div style=\"height:11px\" aria-hidden=\"true\" class=\"wp-block-spacer\"><\/div>\n\n\n\n<p class=\"has-text-align-left\"><strong>Boscamping Broc\u00e9liande<\/strong> Le Lac au Duc is een 2-sterren camping in de buurt van Paimpont. De camping ligt aan de rand van het bos van Broc\u00e9liande, ook wel &#8220;het betoverde bos&#8221; genoemd. <\/p>\n\n\n\n<p class=\"has-text-align-left\">Hou je van legendes? Dit bos is een legendarisch land, ooit bewoond door de dru\u00efden, en de magische uitstraling trekt elk jaar vele vakantiegangers. Het is een ideale plek voor sightseeing en kamperen. Ontdek het bos van Broc\u00e9liande, de Vallei van de Terugweg, het kasteel van Paimpont en de fontein. Wandel door een wilde en betoverende omgeving, in het hart van de natuur en Bretonse legendes. Profiteer van je verblijf in het bos van Broc\u00e9liande om de streek en de Golf van Morbihan te ontdekken.<\/p>\n\n\n\n<h3 class=\"has-text-align-left\">Een breed scala aan activiteiten op camping Broc\u00e9liande<\/h3>\n\n\n\n<p class=\"has-text-align-left\">De camping ligt tegenover het Lac de Taupont, in een groene omgeving, vlakbij een watersportcentrum. Ideaal om te genieten van het meer, wateractiviteiten, natuur en vissen. <\/p>\n\n\n\n<p class=\"has-text-align-left\">De camping biedt een breed scala aan activiteiten: <\/p>\n\n\n\n<ul><li>Mountainbiken, boogschieten, multisportterrein<\/li><li>Kinderspeelplaats met springkussen<\/li><li>Strand aan het meer met zeilschool<\/li><\/ul>\n\n\n\n<p class=\"has-text-align-left\">Op een steenworp afstand van de camping mag u :<\/p>\n\n\n\n<ul><li>Watersporten op het meer: zeilen, kajakken, paddleboarden, waterski\u00ebn, sleepboeien, waterfietsen<\/li><li>Golf, 9 holes<\/li><li>Tennis<\/li><\/ul>\n<\/div>\n<\/div>\n\n<div class=\"wp-block-columns alignfull section-images_texte\">\n<div class=\"wp-block-column\">\n<h2 class=\"has-text-align-center titre_1 has-primaire-color has-text-color\">Camping Broc\u00e9liande, treed binnen in de legende<\/h2>\n\n\n\n<h3 class=\"has-text-align-center titre_2\">Legende van het bos van Broc\u00e9liande<\/h3>\n\n\n\n<p class=\"has-text-align-left\">Het bos van Broc\u00e9liande, in <a href=\"https:\/\/tourisme-broceliande.bzh\/\" target=\"_blank\" rel=\"noreferrer noopener\">Paimpont<\/a>: waar de denkbeeldige wereld de echte wereld ontmoet! Ga het bos in en ontdek prachtige wandelingen, betoverende landschappen en megalithische vindplaatsen. <\/p>\n\n\n\n<h3>Idee\u00ebn voor wandelingen door het bos van Broc\u00e9liande en zijn legendes<\/h3>\n\n\n\n<p>Ontdek vele legendarische plekken in het hart van de natuur en legendes:<\/p>\n\n\n\n<ul><li>De vallei van waaruit geen weg terug is, Morgana Fairy Estate<\/li><li>De fontein van Barenton, een magische natuurlijke bron,<\/li><li>De tombe van de reus,<\/li><li>De graftombe van Merlijn, de beroemde tovenaar en adviseur van koning Arthur<\/li><li>Het centrum van de verbeelding, het kasteel in het bos van Broc\u00e9liande<\/li><li>En niet te vergeten: de verhalenwandeling en het sprookjespad door de Deur der Geheimen.<\/li><\/ul>\n\n\n\n<h3>Volgens de legende&#8230;<\/h3>\n\n\n\n<p class=\"has-text-align-left\">Het bos van Broc\u00e9liande is de thuisbasis van vele verhalen en legendes. <br\/>De legende vertelt over de fee Morgana, in de Val Sans Retour, halfzus van koning Arthur, die haar minnaar en heel Va zou hebben betoverd, die later werd gered door Lancelot du Lac. <\/p>\n\n\n\n<p class=\"has-text-align-left\">In dit betoverde bos wonen naar verluidt dru\u00efden en elfen. De tombe van Merlijn ligt op een open plek die wordt bewaakt door eiken. Er wordt gezegd dat het bos vele schatten bevat, waaronder de Heilige Graal en het zwaard Excalibur van koning Arthur. <br\/>In de legende rustte de Cornse ridder Merlijn uit op zijn open plek toen hij werd bezocht door een oude vrouw en haar drie dochters, die Merlijn beschermden terwijl ze sliepen. De oude vrouw belooft dat ze op een dag zal terugkeren en een van de meisjes tot haar dochter zal nemen, terwijl ze haar een betoverde ring geeft. Een van de meisjes wordt wakker en bevindt zich op de open plek, maar ze keert nooit meer terug.<\/p>\n<\/div>\n\n\n\n<div class=\"wp-block-column images_2\">\n<div class=\"wp-block-image fade-right\"><figure class=\"aligncenter size-full is-resized\"><img src=\"https:\/\/camping-lac-au-duc.fr\/wp-content\/uploads\/2021\/05\/kevin-et-laurianne-langlais-xlUbPsK0skY-unsplash-scaled.jpg\" alt=\"Brc Horizon: Kevin Et Laurianne Langlais Xlubpsk0sky Unsplash\" class=\"wp-image-295\" width=\"640\" height=\"427\" srcset=\"https:\/\/camping-lac-au-duc.fr\/wp-content\/uploads\/2021\/05\/kevin-et-laurianne-langlais-xlUbPsK0skY-unsplash-scaled.jpg 2560w, https:\/\/camping-lac-au-duc.fr\/wp-content\/uploads\/2021\/05\/kevin-et-laurianne-langlais-xlUbPsK0skY-unsplash-300x200.jpg 300w, https:\/\/camping-lac-au-duc.fr\/wp-content\/uploads\/2021\/05\/kevin-et-laurianne-langlais-xlUbPsK0skY-unsplash-1024x683.jpg 1024w, https:\/\/camping-lac-au-duc.fr\/wp-content\/uploads\/2021\/05\/kevin-et-laurianne-langlais-xlUbPsK0skY-unsplash-768x512.jpg 768w, https:\/\/camping-lac-au-duc.fr\/wp-content\/uploads\/2021\/05\/kevin-et-laurianne-langlais-xlUbPsK0skY-unsplash-1536x1024.jpg 1536w, https:\/\/camping-lac-au-duc.fr\/wp-content\/uploads\/2021\/05\/kevin-et-laurianne-langlais-xlUbPsK0skY-unsplash-2048x1365.jpg 2048w\" sizes=\"(max-width: 640px) 100vw, 640px\" \/><\/figure><\/div>\n\n\n\n<figure class=\"wp-block-image size-large is-resized fade-up\"><img src=\"https:\/\/camping-lac-au-duc.fr\/wp-content\/uploads\/2021\/06\/arbre-broceliande.webp\" alt=\"Lac Au Duc: Broceliande boom\" class=\"wp-image-651\" width=\"750\" height=\"500\"\/><\/figure>\n<\/div>\n<\/div>\n\n<div class=\"wp-block-group alignfull section-texte_milieu section_vagues has-fondsecondaire-background-color has-background\"><div class=\"wp-block-group__inner-container\">\n<h2 class=\"alignwide has-text-align-center titre_1 has-primaire-color has-text-color\">Camping Paimpont<\/h2>\n\n\n\n<p class=\"has-text-align-center titre_2\">&#8220;Le Lac au Duc&#8221;, <strong>camping Paimpont<\/strong> in de buurt van het bos van Broc\u00e9liande, neemt je mee op vakantie in het hart van de natuur.<\/p>\n\n\n\n<div class=\"wp-block-columns alignfull\">\n<div class=\"wp-block-column\">\n<h3>Camping Paimpont, in het hart van Broc\u00e9liande<\/h3>\n\n\n\n<p>Vanaf onze camping in Paimpont zijn er vele mooie wandelingen en ontdekkingen te maken. Mis de po\u00ebtische wandeling rond het meer niet, van 2 tot 4 km, en ontdek de abdij van Paimpont, de Porte des Secrets en het watersportcentrum van Paimpont: <\/p>\n\n\n\n<ul><li><strong>De abdij van Paimpont<\/strong>, een architectonisch herkenningspunt in Broc\u00e9liande. Aanvankelijk een priorij, groeide de site in de loop der tijd uit tot een abdij die het bos van Broc\u00e9liande domineerde, met economische, juridische en andere functies.<\/li><li>The <strong>De deur van geheimen,<\/strong> is een magische rondleiding door de abdij van Paimpont die bezoekers meeneemt op een zintuiglijke reis naar het hart van de legende, de flora en fauna en de geschiedenis van de smeden,<\/li><li><strong>Watersportcentrum van Paimpont<\/strong>: kajakken, peddelen, kano\u00ebn en waterfietsen, met een prachtig uitzicht op de abdij en het ongerepte landschap.<\/li><\/ul>\n\n\n\n<p>De ideale plek om nieuwe energie op te doen, midden in het groen, tegenover het meer en op een steenworp afstand van het bos van Broc\u00e9liande, in een stacaravan, chalet of ongewone accommodatie in Morbihan. <br\/>Tussen watersporten op het meer, activiteiten in de natuur en het ontdekken van Bretagne en zijn beroemde legendes, beleef je een authentieke vakantie vol magie! <\/p>\n<\/div>\n\n\n\n<div class=\"wp-block-column\">\n<h2>Verblijf op camping Paimpont, bij Broceliande<\/h2>\n\n\n\n<h3>Ontdek onze ongewone camping Broc\u00e9liande<\/h3>\n\n\n\n<p class=\"has-text-align-left\"><a href=\"https:\/\/camping-lac-au-duc.fr\/nl\/\">Camping<\/a> &#8220;Le Lac au Duc&#8221;, gelegen in Taupont, Bretagne, ligt vlakbij het bos van Broceliande, een echte toeristische trekpleister! We bieden <a href=\"https:\/\/camping-lac-au-duc.fr\/nl\/accommodatie\/\">accommodatie<\/a> naar ieders smaak: kampeerplaatsen voor tenten, caravans en campers, stacaravans en huurchalets. Geen zwembad nodig, kom nieuwe energie opdoen op onze camping met uitzicht op het meer, midden in de natuur, voor een gezinsvakantie, een romantisch weekend of een paar nachten in Paimpont. Als je een premium kampeerplaats boekt, kun je genieten van je eigen priv\u00e9-sanitair, voor een geweldige vakantie die natuur en comfort combineert. <\/p>\n\n\n\n<p class=\"has-text-align-left\">Je vindt hier een hoekje van rust in een idyllische omgeving midden in de natuur, tegenover het Lac de Taupont! Camping Lac au Duc, op 30 minuten van Broc\u00e9liande, biedt ongewone houten accommodaties, ideaal om natuur en comfort te combineren in Morbihan. We bieden een 2-sterrenservice met standaard- en priv\u00e9-sanitair. <\/p>\n\n\n\n<h3>Ontdek de omgeving van de camping<\/h3>\n\n\n\n<p>Onze camping is ideaal gelegen om de regio en de omliggende steden te ontdekken: <a href=\"https:\/\/camping-lac-au-duc.fr\/nl\/camping-josselin-2\/\">Josselinet<\/a>, met zijn middeleeuwse kasteel, en <a href=\"https:\/\/camping-lac-au-duc.fr\/nl\/camping-malestroit\/\">Malestroit<\/a>, een mooi stadje vol karakter en middeleeuwse charme. Wandel of fiets langs het kanaal Nantes-Brest of de <a href=\"https:\/\/camping-lac-au-duc.fr\/nl\/camping-voie-verte-een-ploermel\/\">Voie Verte fietsroute<\/a>. Maak een reis door Morbihan en Bretagne, waar je een schat aan prachtige dingen kunt ontdekken, en niet te vergeten de heerlijke Bretonse producten: cr\u00eapes, cider, chouchen, kig ar farz, kouign amann&#8230;<\/p>\n<\/div>\n<\/div>\n<\/div><\/div>\n","protected":false},"excerpt":{"rendered":"<p>Boscamping Broc\u00e9liande, Paimpont Verblijf op camping &#8220;Lac au duc&#8221; in Taupont, Bretagne Boscamping Broc\u00e9liande Le Lac au Duc is een 2-sterren camping in de buurt van Paimpont. De camping ligt aan de rand van het bos van Broc\u00e9liande, ook wel &#8220;het betoverde bos&#8221; genoemd. Hou je van legendes? Dit bos is een legendarisch land, ooit [&hellip;]<\/p>\n","protected":false},"author":1,"featured_media":0,"parent":0,"menu_order":0,"comment_status":"closed","ping_status":"closed","template":"","meta":[],"yoast_head":"<!-- This site is optimized with the Yoast SEO plugin v16.3 - https:\/\/yoast.com\/wordpress\/plugins\/seo\/ -->\n<title>Boscamping Broc\u00e9liande - Camping du Lac in Taupont<\/title>\n<meta name=\"description\" content=\"Verblijf op onze boscamping Broc\u00e9liande in Paimpont, midden in de natuur en tegenover het meer: ongewone accommodatie, stacaravan, chalet, in de buurt van de Voie Verte (Groene Weg)\" \/>\n<meta name=\"robots\" content=\"index, follow, max-snippet:-1, max-image-preview:large, max-video-preview:-1\" \/>\n<link rel=\"canonical\" href=\"https:\/\/camping-lac-au-duc.fr\/nl\/camping-foret-de-broceliande\/\" \/>\n<meta property=\"og:locale\" content=\"nl_NL\" \/>\n<meta property=\"og:type\" content=\"article\" \/>\n<meta property=\"og:title\" content=\"Boscamping Broc\u00e9liande - Camping du Lac in Taupont\" \/>\n<meta property=\"og:description\" content=\"Verblijf op onze boscamping Broc\u00e9liande in Paimpont, midden in de natuur en tegenover het meer: ongewone accommodatie, stacaravan, chalet, in de buurt van de Voie Verte (Groene Weg)\" \/>\n<meta property=\"og:url\" content=\"https:\/\/camping-lac-au-duc.fr\/nl\/camping-foret-de-broceliande\/\" \/>\n<meta property=\"og:site_name\" content=\"Camping du Lac in Taupont\" \/>\n<meta property=\"article:modified_time\" content=\"2024-02-27T15:36:53+00:00\" \/>\n<meta property=\"og:image\" content=\"https:\/\/camping-lac-au-duc.fr\/wp-content\/uploads\/2022\/02\/Camping-du-Lac_SLG6718-1024x684.jpg\" \/>\n<meta name=\"twitter:card\" content=\"summary_large_image\" \/>\n<meta name=\"twitter:label1\" content=\"Est. reading time\">\n\t<meta name=\"twitter:data1\" content=\"5 minutes\">\n<script type=\"application\/ld+json\" class=\"yoast-schema-graph\">{\"@context\":\"https:\/\/schema.org\",\"@graph\":[{\"@type\":\"WebSite\",\"@id\":\"https:\/\/camping-lac-au-duc.fr\/#website\",\"url\":\"https:\/\/camping-lac-au-duc.fr\/\",\"name\":\"Lac au duc\",\"description\":\"\",\"potentialAction\":[{\"@type\":\"SearchAction\",\"target\":\"https:\/\/camping-lac-au-duc.fr\/?s={search_term_string}\",\"query-input\":\"required name=search_term_string\"}],\"inLanguage\":\"nl-NL\"},{\"@type\":\"ImageObject\",\"@id\":\"https:\/\/camping-lac-au-duc.fr\/nl\/camping-foret-de-broceliande\/#primaryimage\",\"inLanguage\":\"nl-NL\",\"url\":\"https:\/\/camping-lac-au-duc.fr\/wp-content\/uploads\/2022\/02\/Camping-du-Lac_SLG6718-1024x684.jpg\",\"contentUrl\":\"https:\/\/camping-lac-au-duc.fr\/wp-content\/uploads\/2022\/02\/Camping-du-Lac_SLG6718-1024x684.jpg\"},{\"@type\":\"WebPage\",\"@id\":\"https:\/\/camping-lac-au-duc.fr\/nl\/camping-foret-de-broceliande\/#webpage\",\"url\":\"https:\/\/camping-lac-au-duc.fr\/nl\/camping-foret-de-broceliande\/\",\"name\":\"Boscamping Broc\\u00e9liande - Camping du Lac in Taupont\",\"isPartOf\":{\"@id\":\"https:\/\/camping-lac-au-duc.fr\/#website\"},\"primaryImageOfPage\":{\"@id\":\"https:\/\/camping-lac-au-duc.fr\/nl\/camping-foret-de-broceliande\/#primaryimage\"},\"datePublished\":\"2023-11-13T11:41:04+00:00\",\"dateModified\":\"2024-02-27T15:36:53+00:00\",\"description\":\"Verblijf op onze boscamping Broc\\u00e9liande in Paimpont, midden in de natuur en tegenover het meer: ongewone accommodatie, stacaravan, chalet, in de buurt van de Voie Verte (Groene Weg)\",\"breadcrumb\":{\"@id\":\"https:\/\/camping-lac-au-duc.fr\/nl\/camping-foret-de-broceliande\/#breadcrumb\"},\"inLanguage\":\"nl-NL\",\"potentialAction\":[{\"@type\":\"ReadAction\",\"target\":[\"https:\/\/camping-lac-au-duc.fr\/nl\/camping-foret-de-broceliande\/\"]}]},{\"@type\":\"BreadcrumbList\",\"@id\":\"https:\/\/camping-lac-au-duc.fr\/nl\/camping-foret-de-broceliande\/#breadcrumb\",\"itemListElement\":[{\"@type\":\"ListItem\",\"position\":1,\"item\":{\"@type\":\"WebPage\",\"@id\":\"https:\/\/camping-lac-au-duc.fr\/nl\/\",\"url\":\"https:\/\/camping-lac-au-duc.fr\/nl\/\",\"name\":\"Home\"}},{\"@type\":\"ListItem\",\"position\":2,\"item\":{\"@id\":\"https:\/\/camping-lac-au-duc.fr\/nl\/camping-foret-de-broceliande\/#webpage\"}}]}]}<\/script>\n<!-- \/ Yoast SEO plugin. -->","_links":{"self":[{"href":"https:\/\/camping-lac-au-duc.fr\/nl\/wp-json\/wp\/v2\/pages\/2245"}],"collection":[{"href":"https:\/\/camping-lac-au-duc.fr\/nl\/wp-json\/wp\/v2\/pages"}],"about":[{"href":"https:\/\/camping-lac-au-duc.fr\/nl\/wp-json\/wp\/v2\/types\/page"}],"author":[{"embeddable":true,"href":"https:\/\/camping-lac-au-duc.fr\/nl\/wp-json\/wp\/v2\/users\/1"}],"replies":[{"embeddable":true,"href":"https:\/\/camping-lac-au-duc.fr\/nl\/wp-json\/wp\/v2\/comments?post=2245"}],"version-history":[{"count":5,"href":"https:\/\/camping-lac-au-duc.fr\/nl\/wp-json\/wp\/v2\/pages\/2245\/revisions"}],"predecessor-version":[{"id":3068,"href":"https:\/\/camping-lac-au-duc.fr\/nl\/wp-json\/wp\/v2\/pages\/2245\/revisions\/3068"}],"wp:attachment":[{"href":"https:\/\/camping-lac-au-duc.fr\/nl\/wp-json\/wp\/v2\/media?parent=2245"}],"curies":[{"name":"wp","href":"https:\/\/api.w.org\/{rel}","templated":true}]}}