{"id":2514,"date":"2023-11-16T16:09:50","date_gmt":"2023-11-16T15:09:50","guid":{"rendered":"https:\/\/camping-lac-au-duc.fr\/unterkuenfte\/"},"modified":"2023-11-17T12:07:19","modified_gmt":"2023-11-17T11:07:19","slug":"unterkuenfte","status":"publish","type":"page","link":"https:\/\/camping-lac-au-duc.fr\/de\/unterkuenfte\/","title":{"rendered":"Unterk\u00fcnfte"},"content":{"rendered":"\n<div class=\"wp-block-group alignfull section-texte_milieu section_vagues has-fond-background-color has-background\"><div class=\"wp-block-group__inner-container\">\n<h1 class=\"has-text-align-center titre_1\">Mieten &amp; Stellpl\u00e4tze in der N\u00e4he von Plo\u00ebrmel und Broc\u00e9liande<\/h1>\n\n\n\n<p class=\"has-text-align-center\"><strong>Camping Plo\u00ebrmel<\/strong> biedt verschillende <strong>accommodatiemogelijkheden<\/strong> voor iedereen. Je kunt stacaravans, chalets, kampeerplaatsen (sommige met <strong>priv\u00e9-sanitair<\/strong>), <strong>ongebruikelijke accommodatie<\/strong> en <strong>camperaccommodatie<\/strong> <strong>huren<\/strong>.<\/p>\n\n\n\n<figure class=\"wp-block-gallery columns-3 is-cropped\"><ul class=\"blocks-gallery-grid\"><li class=\"blocks-gallery-item\"><figure><img src=\"https:\/\/camping-lac-au-duc.fr\/wp-content\/uploads\/2022\/04\/Capture-decran-pod.jpg\" alt=\"ungew\u00f6hnliche unterkunft morbihan pod\" data-id=\"1182\" data-full-url=\"https:\/\/camping-lac-au-duc.fr\/wp-content\/uploads\/2022\/04\/Capture-decran-pod.jpg\" data-link=\"https:\/\/camping-lac-au-duc.fr\/hebergements\/capture-decran-pod\/\" class=\"wp-image-1182\"\/><\/figure><\/li><li class=\"blocks-gallery-item\"><figure><img src=\"https:\/\/camping-lac-au-duc.fr\/wp-content\/uploads\/2021\/07\/Camping-du-Lac_SLG6718-1.webp\" alt=\"Lac Au Duc : Camping Du Lac Slg6718\" data-id=\"963\" data-link=\"https:\/\/camping-lac-au-duc.fr\/camping-du-lac_slg6718-2\/\" class=\"wp-image-963\"\/><\/figure><\/li><li class=\"blocks-gallery-item\"><figure><img src=\"https:\/\/camping-lac-au-duc.fr\/wp-content\/uploads\/2021\/07\/Camping-du-Lac_SLG6719.webp\" alt=\"Lac Au Duc : Camping Du Lac Slg6719\" data-id=\"915\" data-link=\"https:\/\/camping-lac-au-duc.fr\/camping-du-lac_slg6719\/\" class=\"wp-image-915\"\/><\/figure><\/li><\/ul><\/figure>\n\n\n\n<h2 class=\"has-text-align-center titre_2\">Im Herzen der Natur und des Morbihan<\/h2>\n\n\n\n<p class=\"has-text-align-center\"> F\u00fcr Ihren n\u00e4chsten <a href=\"https:\/\/camping-lac-au-duc.fr\/de\/tourismus\/\" target=\"_blank\" rel=\"noreferrer noopener\">bretonischen Aufenthalt<\/a> auf dem Campingplatz gibt es zahlreiche Mietunterk\u00fcnfte und Stellpl\u00e4tze, damit Sie die Region voll und ganz genie\u00dfen k\u00f6nnen. De ideale ligging van camping lac au duc \u00e0 Taupon is vlakbij het <a href=\"https:\/\/camping-lac-au-duc.fr\/de\/camping-foret-de-broceliande\/\">bos van Broc\u00e9liande<\/a>, <a href=\"https:\/\/camping-lac-au-duc.fr\/de\/camping-josselin\/\">Josselin<\/a>, <strong>La Gacilly<\/strong> en vele andere plaatsen die uw <strong>vakantie in Morbihan<\/strong> zo aangenaam mogelijk zullen maken.<\/p>\n<\/div><\/div>\n\n\n\n<div class=\"wp-block-columns alignfull section-images_texte\">\n<div class=\"wp-block-column images_3\">\n<figure class=\"wp-block-image size-large\"><img src=\"https:\/\/camping-lac-au-duc.fr\/wp-content\/uploads\/2021\/07\/Camping-du-Lac_SLG6718.webp\" alt=\"Lac Au Duc: Blick auf den See von einem Mobilheim auf dem Campingplatz Du Lac \" class=\"wp-image-814\"\/><\/figure>\n\n\n\n<figure class=\"wp-block-image size-large\"><img src=\"https:\/\/camping-lac-au-duc.fr\/wp-content\/uploads\/2021\/07\/Camping-du-Lac_SLG5433.webp\" alt=\"Lac Au Duc: Au\u00dfenansicht eines Mobilheims auf dem Campingplatz Du Lac\" class=\"wp-image-816\"\/><\/figure>\n\n\n\n<figure class=\"wp-block-image size-large\"><img src=\"https:\/\/camping-lac-au-duc.fr\/wp-content\/uploads\/2021\/07\/Camping-du-Lac_SLG5439.webp\" alt=\"Lac Au Duc: Inneneinrichtung Mobilheim Brocelainde auf Camping Du Lac \" class=\"wp-image-818\"\/><\/figure>\n\n\n\n<div class=\"wp-block-buttons is-content-justification-center btn_snd\">\n<div class=\"wp-block-button\"><a class=\"wp-block-button__link\" href=\"https:\/\/camping-lac-au-duc.fr\/de\/galerij\/\">Alle Fotos anzeigen<\/a><\/div>\n<\/div>\n<\/div>\n\n\n\n<div class=\"wp-block-column is-vertically-aligned-center\">\n<h2 class=\"has-text-align-center titre_1\">Mobilheim oder Chalet in der N\u00e4he des Waldes von Broc\u00e9liande<\/h2>\n\n\n\n<p class=\"has-text-align-center titre_2\">Die Bretagne, eine Region der Legenden<\/p>\n\n\n\n<p class=\"has-text-align-left\">Finden Sie alle Annehmlichkeiten des Hauses in der ruhigen Atmosph\u00e4re der Natur und in unmittelbarer N\u00e4he des wundersch\u00f6nen <strong>Tauponsee<\/strong>. Unsere Mobilheime verf\u00fcgen \u00fcber:<\/p>\n\n\n\n<ul id=\"block-8b567d54-2e94-48c6-87dd-9d3e0cc85e7e\"><li>Ausgestattete K\u00fcche mit K\u00fchlschrank, 4 Gaskochstellen, Sp\u00fcle, Mikrowelle,<\/li><li>Ein Komfortzimmer mit 1 Doppelbett oder 2 Einzelbetten, Schrank,<\/li><li>Badezimmer mit Waschbecken, Dusche und separatem WC,<\/li><li>Gartenm\u00f6bel mit Sonnenschirm.<\/li><\/ul>\n\n\n\n<p>Diese Ausstattungen und Annehmlichkeiten werden Ihnen den n\u00f6tigen Komfort w\u00e4hrend Ihres Aufenthalts auf dem C<strong>Campingplatz in der N\u00e4he des Waldes von Broc\u00e9liande<\/strong>.<\/p>\n\n\n\n<div class=\"wp-block-columns\">\n<div class=\"wp-block-column\">\n<p class=\"has-typo-color has-text-color\"><a href=\"https:\/\/camping-lac-au-duc.fr\/wp-content\/uploads\/2022\/09\/Inventaire-Mobil-Home.pdf\" target=\"_blank\" rel=\"noreferrer noopener\">Inventar Mobilheim<\/a><\/p>\n<\/div>\n\n\n\n<div class=\"wp-block-column\">\n<p class=\"has-typo-color has-text-color\"><a href=\"https:\/\/camping-lac-au-duc.fr\/wp-content\/uploads\/2022\/09\/Inventaire-Chalet.pdf\" target=\"_blank\" rel=\"noreferrer noopener\">Inventar chalet<\/a><\/p>\n<\/div>\n<\/div>\n\n\n\n<div class=\"wp-block-buttons is-content-justification-center btn_resa\">\n<div class=\"wp-block-button btn-mobil\"><a class=\"wp-block-button__link\">Siehe Preise und Verf\u00fcgbarkeit<\/a><\/div>\n<\/div>\n\n\n\n<p><\/p>\n<\/div>\n<\/div>\n\n\n\n<div class=\"wp-block-columns alignfull section-images_texte\">\n<div class=\"wp-block-column is-vertically-aligned-center\">\n<h2 class=\"has-text-align-center titre_1\">Stellplatz Campingwagen Morbihan <\/h2>\n\n\n\n<div style=\"height:19px\" aria-hidden=\"true\" class=\"wp-block-spacer\"><\/div>\n\n\n\n<p>Auf der Suche nach Ihrem n\u00e4chsten Campingplatz in Plo\u00ebrmel in der N\u00e4he der Natur und vieler Orte, die es zu entdecken gilt? Machen Sie es sich in der N\u00e4he des Sees gem\u00fctlich und entdecken Sie die unumg\u00e4nglichen D\u00f6rfer des Morbihan wie Josseline und sein Schloss, La Gacilly, aber auch den legend\u00e4ren Wald von Broc\u00e9liande und vieles mehr!<\/p>\n\n\n\n<h3>Zelt &#8211; Wohnwagen &#8211; Wohnmobil Morbihan in einer ruhigen und schattigen Umgebung <\/h3>\n\n\n\n<p class=\"has-text-align-left\">Met een directe, <strong>beveiligde <span class=\"has-inline-color has-typo-color\">toegang<\/span><\/strong> <strong>tot het meer<\/strong> kun je genieten van een ruime, <strong>schaduwrijke camping midden in de natuur<\/strong>, in Morbihan. <br>Genie\u00dfen Sie unsere schattigen Stellpl\u00e4tze in einer gr\u00fcnen Oase, in der die Ruhe des Wassers und eine \u00fcppige Vegetation aufeinandertreffen. De camping ligt aan het <strong>Lac au Duc<\/strong>, <strong>het grootste natuurlijke meer van Bretagne<\/strong>, met een <strong>beveiligde toegang<\/strong> voor tenten, caravans en campers in de buurt van Broc\u00e9liande. Ausgestattet mit Ihrem <strong>Zelt, Wohnmobil oder Wohnwagen<\/strong>, Sie werden von einer Umgebung profitieren, die zur Entspannung in einer gr\u00fcnen Umgebung in der N\u00e4he des Sees einl\u00e4dt.<\/p>\n\n\n\n<p class=\"has-text-align-left\">Nous proposons <strong>3 Arten von Campingpl\u00e4tzen<\/strong> nach Ihren Bed\u00fcrfnissen : <\/p>\n\n\n\n<ul><li><strong>Nature-Pauschale<\/strong> umfasst einen einfachen Stellplatz f\u00fcr ein Zelt, einen Wohnwagen oder ein Wohnmobil im Morbihan,<\/li><li><strong>Pauschale Komfort<\/strong> mit einem Stellplatz + Strom,<\/li><li><strong>Premium-Paket<\/strong> mit Stellplatz + Strom + private Sanit\u00e4ranlagen.<\/li><\/ul>\n\n\n\n<div class=\"wp-block-buttons is-content-justification-center btn_resa\">\n<div class=\"wp-block-button btn-mobil\"><a class=\"wp-block-button__link\">Siehe Preise und Verf\u00fcgbarkeit<\/a><\/div>\n<\/div>\n\n\n\n<p><\/p>\n<\/div>\n\n\n\n<div class=\"wp-block-column images_2\">\n<figure class=\"wp-block-image size-large\"><img src=\"https:\/\/camping-lac-au-duc.fr\/wp-content\/uploads\/2021\/07\/Camping-du-Lac_SLG5351.webp\" alt=\"Lac Au Duc : aire campingwagen broceliande Camping Du Lac\" class=\"wp-image-897\"\/><\/figure>\n\n\n\n<figure class=\"wp-block-image size-large\"><img width=\"1024\" height=\"683\" src=\"https:\/\/camping-lac-au-duc.fr\/wp-content\/uploads\/2022\/05\/pexels-andrea-piacquadio-3776821-1024x683.jpg\" alt=\"Camping Du Lac in Taupont: Zelt\" class=\"wp-image-1422\" srcset=\"https:\/\/camping-lac-au-duc.fr\/wp-content\/uploads\/2022\/05\/pexels-andrea-piacquadio-3776821-1024x683.jpg 1024w, https:\/\/camping-lac-au-duc.fr\/wp-content\/uploads\/2022\/05\/pexels-andrea-piacquadio-3776821-300x200.jpg 300w, https:\/\/camping-lac-au-duc.fr\/wp-content\/uploads\/2022\/05\/pexels-andrea-piacquadio-3776821-768x512.jpg 768w, https:\/\/camping-lac-au-duc.fr\/wp-content\/uploads\/2022\/05\/pexels-andrea-piacquadio-3776821-1536x1024.jpg 1536w, https:\/\/camping-lac-au-duc.fr\/wp-content\/uploads\/2022\/05\/pexels-andrea-piacquadio-3776821-2048x1365.jpg 2048w\" sizes=\"(max-width: 1024px) 100vw, 1024px\" \/><\/figure>\n\n\n\n<p><\/p>\n\n\n\n<p><\/p>\n\n\n\n<p><\/p>\n\n\n\n<p><\/p>\n\n\n\n<div class=\"wp-block-buttons is-content-justification-center btn_snd\">\n<div class=\"wp-block-button\"><a class=\"wp-block-button__link\" href=\"https:\/\/camping-lac-au-duc.fr\/de\/galerij\/\">Alle Fotos anzeigen<\/a><\/div>\n<\/div>\n\n\n\n<p><\/p>\n<\/div>\n<\/div>\n\n\n\n<div class=\"wp-block-columns\">\n<div class=\"wp-block-column\" style=\"flex-basis:50%\">\n<div class=\"wp-block-columns\">\n<div class=\"wp-block-column\" style=\"flex-basis:100%\">\n<div class=\"wp-block-group alignfull section-texte_milieu section_vagues has-blanc-background-color has-background\" style=\"padding-top:0px;padding-right:0px;padding-bottom:0px;padding-left:0px\"><div class=\"wp-block-group__inner-container\">\n<p><\/p>\n\n\n\n<h2 class=\"alignfull has-text-align-center titre_1\"><strong>Premium-Stellplatz mit eigener Sanit\u00e4ranlage<\/strong><\/h2>\n\n\n\n<p>Profitieren Sie von unseren <strong>Premium-Stellpl\u00e4tze mit eigener Sanit\u00e4ranlage<\/strong>. Das ganze Vergn\u00fcgen der Einfachheit und der Natur mit dem Komfort privater sanit\u00e4rer Anlagen, die Folgendes umfassen: Dusche, Waschbecken, WC und Sp\u00fclbecken. Sie m\u00fcssen sich keine Sanit\u00e4ranlagen mehr teilen, denn die Premium-Stellpl\u00e4tze bieten Ihnen eine kleine Ecke ganz f\u00fcr sich allein, damit Sie einen unbeschwerten Aufenthalt mit der Familie oder mit Freunden verbringen k\u00f6nnen.<\/p>\n\n\n\n<p><\/p>\n\n\n\n<div class=\"wp-block-image is-style-rounded\"><figure class=\"aligncenter size-large is-resized\"><img src=\"https:\/\/camping-lac-au-duc.fr\/wp-content\/uploads\/2021\/06\/caravane-camping.webp\" alt=\"Lac Au Duc: Wohnwagen Camping\" class=\"wp-image-465\" width=\"190\" height=\"234\"\/><\/figure><\/div>\n\n\n\n<p><\/p>\n<\/div><\/div>\n<\/div>\n<\/div>\n<\/div>\n\n\n\n<div class=\"wp-block-column\" style=\"flex-basis:50%\">\n<div class=\"wp-block-image is-style-rounded\"><figure class=\"aligncenter size-large is-resized\"><img src=\"https:\/\/camping-lac-au-duc.fr\/wp-content\/uploads\/2023\/11\/Camping-du-Lac_SLG6720-1024x684.jpg\" alt=\"Campingplatz Du Lac in Taupont : Campingplatz Du Lac Slg6720\" class=\"wp-image-2177\" width=\"512\" height=\"342\" srcset=\"https:\/\/camping-lac-au-duc.fr\/wp-content\/uploads\/2023\/11\/Camping-du-Lac_SLG6720-1024x684.jpg 1024w, https:\/\/camping-lac-au-duc.fr\/wp-content\/uploads\/2023\/11\/Camping-du-Lac_SLG6720-300x200.jpg 300w, https:\/\/camping-lac-au-duc.fr\/wp-content\/uploads\/2023\/11\/Camping-du-Lac_SLG6720-768x513.jpg 768w, https:\/\/camping-lac-au-duc.fr\/wp-content\/uploads\/2023\/11\/Camping-du-Lac_SLG6720-1536x1025.jpg 1536w, https:\/\/camping-lac-au-duc.fr\/wp-content\/uploads\/2023\/11\/Camping-du-Lac_SLG6720-2048x1367.jpg 2048w\" sizes=\"(max-width: 512px) 100vw, 512px\" \/><\/figure><\/div>\n\n\n\n<h2 class=\"alignfull has-text-align-center titre_1\">Auf den Stra\u00dfen mit dem Wohnmobil<\/h2>\n\n\n\n<p class=\"has-text-align-left\">Ons <strong>camperpark<\/strong>, ideaal gelegen in de buurt van Plo\u00ebrmel en Broc\u00e9liande, is de perfecte plek voor <strong>camperreizigers om de schilderachtige wegen van Morbihan te verkennen<\/strong>. Egal, ob Sie eine Nacht zum Parken oder einen l\u00e4ngeren Aufenthalt suchen, unser Campingplatz stellt Ihnen ger\u00e4umige und gut ausgestattete Stellpl\u00e4tze zur Verf\u00fcgung. Wasser- und Stromanschl\u00fcsse befinden sich in der N\u00e4he des <strong>Parkplatz f\u00fcr Ihr Wohnmobil<\/strong>.<\/p>\n\n\n\n<p class=\"has-text-align-left\">F\u00fcr Outdoor-Fans bieten unsere Stellpl\u00e4tze einen einfachen Zugang zum See und seiner Wassersportbasis. Erkunden Sie erhabene Landschaften auf Fahrrad- oder Wandertouren, lernen Sie die lokale Kultur kennen und genie\u00dfen Sie atemberaubende Ausblicke auf den See. Zu den unumg\u00e4nglichen Zielen in der N\u00e4he unseres Campingplatzes geh\u00f6ren <strong>atypische D\u00f6rfer wie Josselin, Malestroit und der geheimnisvolle Wald von Broc\u00e9liande<\/strong>.<\/p>\n\n\n\n<p class=\"has-text-align-left\">Vanaf onze camping kun je met de auto of camper de <strong>schatten en legendes van de Morbihan<\/strong> bezoeken, zoals <strong>Carnac, Vannes en de Golf van Morbihan<\/strong>. Sie k\u00f6nnen durch die touristischen Stra\u00dfen dieser charmanten K\u00fcstenst\u00e4dte schlendern, am Strand entspannen oder die historischen Stadtzentren besuchen, um das reiche kulturelle Erbe der Region zu entdecken.<\/p>\n\n\n\n<p class=\"has-text-align-left\"><strong>Unser Wohnmobilstellplatz ist der ideale Ort, um jeden Ihrer Besuche im Morbihan<\/strong> zu organisieren, Schritt f\u00fcr Schritt, Kilometer f\u00fcr Kilometer.<\/p>\n<\/div>\n<\/div>\n\n\n\n<div class=\"wp-block-columns alignfull section-images_texte\">\n<div class=\"wp-block-column images_3\">\n<figure class=\"wp-block-image size-large\"><img src=\"https:\/\/camping-lac-au-duc.fr\/wp-content\/uploads\/2022\/04\/Capture-decran-barrel-1.jpg\" alt=\"Camping Du Lac in Taupont : Ungew\u00f6hnliche Unterkunft broceliande en Barrel\" class=\"wp-image-1176\"\/><\/figure>\n\n\n\n<figure class=\"wp-block-image size-large\"><img src=\"https:\/\/camping-lac-au-duc.fr\/wp-content\/uploads\/2022\/04\/Capture-decran-pod.jpg\" alt=\"Camping Du Lac \u00e0 Taupont : Ungew\u00f6hnliche Vermietung Morbihan in Pod\" class=\"wp-image-1182\"\/><\/figure>\n\n\n\n<figure class=\"wp-block-image size-large\"><img width=\"977\" height=\"616\" src=\"https:\/\/camping-lac-au-duc.fr\/wp-content\/uploads\/2022\/04\/Capture-decran-cabane-randonneur.jpg\" alt=\"Camping Du Lac in Taupont: Ungew\u00f6hnliche \u00dcbernachtung in der Cabane Randonneur\" class=\"wp-image-1180\" srcset=\"https:\/\/camping-lac-au-duc.fr\/wp-content\/uploads\/2022\/04\/Capture-decran-cabane-randonneur.jpg 977w, https:\/\/camping-lac-au-duc.fr\/wp-content\/uploads\/2022\/04\/Capture-decran-cabane-randonneur-300x189.jpg 300w, https:\/\/camping-lac-au-duc.fr\/wp-content\/uploads\/2022\/04\/Capture-decran-cabane-randonneur-768x484.jpg 768w\" sizes=\"(max-width: 977px) 100vw, 977px\" \/><\/figure>\n\n\n\n<div class=\"wp-block-buttons is-content-justification-center btn_snd\">\n<div class=\"wp-block-button\"><a class=\"wp-block-button__link\" href=\"https:\/\/camping-lac-au-duc.fr\/de\/galerij\/\">Alle Fotos anzeigen<\/a><\/div>\n<\/div>\n<\/div>\n\n\n\n<div class=\"wp-block-column is-vertically-aligned-center\">\n<div style=\"height:28px\" aria-hidden=\"true\" class=\"wp-block-spacer\"><\/div>\n\n\n\n<h4 class=\"has-text-align-center\">NEU<\/h4>\n\n\n\n<h2 class=\"has-text-align-center titre_1\"> Ungew\u00f6hnlicher Campingplatz in der N\u00e4he von Broc\u00e9liande<\/h2>\n\n\n\n<p class=\"has-text-align-left\"><strong>Lust auf eine originelle Unterkunft im Morbihan f\u00fcr einen Urlaub abseits der \u00fcblichen Touristenpfade? <\/strong><\/p>\n\n\n\n<p class=\"has-text-align-left\">Ontdek onze <strong>drie bijzondere accommodaties<\/strong>: Trekkershut, Vat en Pod! <br>Op onze <strong>bijzondere camping<\/strong> in Bretagne bieden we <strong>3 soorten accommodaties<\/strong>, afhankelijk van je wensen en budget. Jede ungew\u00f6hnliche Unterkunft verf\u00fcgt \u00fcber ein Zimmer f\u00fcr 2 Personen und eine Au\u00dfenterrasse. Kollektive Sanit\u00e4ranlagen. <\/p>\n\n\n\n<div class=\"wp-block-buttons is-content-justification-center btn_resa\">\n<div class=\"wp-block-button btn-mobil\"><a class=\"wp-block-button__link\">Siehe Preise und Verf\u00fcgbarkeit<\/a><\/div>\n<\/div>\n<\/div>\n<\/div>\n\n\n\n<div class=\"wp-block-group alignfull section-texte_milieu section_vagues has-blanc-background-color has-background\" style=\"padding-top:0px;padding-right:0px;padding-bottom:0px;padding-left:0px\"><div class=\"wp-block-group__inner-container\">\n<p><\/p>\n\n\n\n<h3 class=\"has-text-align-center titre_1\">Ungew\u00f6hnliche Unterk\u00fcnfte Morbihan<\/h3>\n\n\n\n<p class=\"has-text-align-left\">Buchen Sie schnell Ihre Unterkunft, um einen angenehmen Aufenthalt in der Natur zu genie\u00dfen, auf unserem Campingplatz mit <strong>Ungew\u00f6hnliche Unterk\u00fcnfte in Morbihan<\/strong>. F\u00fcr Familien, die auf der Suche nach einem unvergesslichen, naturnahen Urlaubserlebnis sind, bieten unsere <strong>Cabanas <\/strong>, wie Pods oder Barrels, sind eine ideale Option. Diese <strong>Ungew\u00f6hnliche Unterk\u00fcnfte<\/strong> garantieren Ihnen Komfort und Ruhe.<\/p>\n\n\n\n<p class=\"has-text-align-left\">Unser Campingplatz liegt in der N\u00e4he des Waldes von Broc\u00e9liande und bietet eine ideale Lage f\u00fcr Liebhaber der Natur und der Artuslegende. Je kunt een ongewone <strong>nacht doorbrengen midden in het bos<\/strong>, op een <strong>steenworp afstand van het Lac au Duc en de voie verte<\/strong>, ideaal voor gezinswandelingen en fietstochten. Sie k\u00f6nnen auch die umliegenden D\u00f6rfer besuchen und so die <strong>Kultur und Traditionen der Bretagne<\/strong> w\u00e4hrend Ihres Aufenthalts.<\/p>\n\n\n\n<p class=\"has-text-align-left\">Z\u00f6gern Sie nicht, Ihre <strong>Ungew\u00f6hnliche Unterkunft<\/strong> jetzt, um ein au\u00dfergew\u00f6hnliches Abenteuer im Herzen der mystischen Landschaft von Broc\u00e9liande zu erleben. So k\u00f6nnen Sie die Region Morbihan entdecken und dabei den Komfort und die Authentizit\u00e4t unserer <strong>Ungew\u00f6hnliche Unterk\u00fcnfte<\/strong> f\u00fcr ein Wochenende oder einen l\u00e4ngeren Aufenthalt.<\/p>\n\n\n\n<p><\/p>\n<\/div><\/div>\n","protected":false},"excerpt":{"rendered":"<p>Mobilheim oder Chalet in der N\u00e4he des Waldes von Broc\u00e9liande Die Bretagne, eine Region der Legenden Finden Sie alle Annehmlichkeiten des Hauses in der ruhigen Atmosph\u00e4re der Natur und in unmittelbarer N\u00e4he des wundersch\u00f6nen Tauponsee. Unsere Mobilheime verf\u00fcgen \u00fcber: Ausgestattete K\u00fcche mit K\u00fchlschrank, 4 Gaskochstellen, Sp\u00fcle, Mikrowelle, Ein Komfortzimmer mit 1 Doppelbett oder 2 Einzelbetten, [&hellip;]<\/p>\n","protected":false},"author":1,"featured_media":0,"parent":0,"menu_order":1,"comment_status":"closed","ping_status":"closed","template":"","meta":[],"yoast_head":"<!-- This site is optimized with the Yoast SEO plugin v16.3 - https:\/\/yoast.com\/wordpress\/plugins\/seo\/ -->\n<title>Stellpl\u00e4tze &amp; Unterk\u00fcnfte in Plo\u00ebrmel | Broc\u00e9liande - Camping du lac<\/title>\n<meta name=\"description\" content=\"Bleiben Sie auf unserem 2* Campingplatz in der N\u00e4he von Broceliande, Loyat und Josselin am Ufer des Lac au Duc in Taupont auf Stellpl\u00e4tzen oder in Mietunterk\u00fcnften (Mobilheim oder Ungew\u00f6hnliches)\" \/>\n<meta name=\"robots\" content=\"index, follow, max-snippet:-1, max-image-preview:large, max-video-preview:-1\" \/>\n<link rel=\"canonical\" href=\"https:\/\/camping-lac-au-duc.fr\/de\/unterkuenfte\/\" \/>\n<meta property=\"og:locale\" content=\"de_DE\" \/>\n<meta property=\"og:type\" content=\"article\" \/>\n<meta property=\"og:title\" content=\"Stellpl\u00e4tze &amp; Unterk\u00fcnfte in Plo\u00ebrmel | Broc\u00e9liande - Camping du lac\" \/>\n<meta property=\"og:description\" content=\"Bleiben Sie auf unserem 2* Campingplatz in der N\u00e4he von Broceliande, Loyat und Josselin am Ufer des Lac au Duc in Taupont auf Stellpl\u00e4tzen oder in Mietunterk\u00fcnften (Mobilheim oder Ungew\u00f6hnliches)\" \/>\n<meta property=\"og:url\" content=\"https:\/\/camping-lac-au-duc.fr\/de\/unterkuenfte\/\" \/>\n<meta property=\"og:site_name\" content=\"Camping du Lac in Taupont\" \/>\n<meta property=\"article:modified_time\" content=\"2023-11-17T11:07:19+00:00\" \/>\n<meta property=\"og:image\" content=\"https:\/\/camping-lac-au-duc.fr\/wp-content\/uploads\/2022\/04\/Capture-decran-pod.jpg\" \/>\n<meta name=\"twitter:card\" content=\"summary_large_image\" \/>\n<meta name=\"twitter:label1\" content=\"Est. reading time\">\n\t<meta name=\"twitter:data1\" content=\"7 minutes\">\n<script type=\"application\/ld+json\" class=\"yoast-schema-graph\">{\"@context\":\"https:\/\/schema.org\",\"@graph\":[{\"@type\":\"WebSite\",\"@id\":\"https:\/\/camping-lac-au-duc.fr\/#website\",\"url\":\"https:\/\/camping-lac-au-duc.fr\/\",\"name\":\"Lac au duc\",\"description\":\"\",\"potentialAction\":[{\"@type\":\"SearchAction\",\"target\":\"https:\/\/camping-lac-au-duc.fr\/?s={search_term_string}\",\"query-input\":\"required name=search_term_string\"}],\"inLanguage\":\"de-DE\"},{\"@type\":\"ImageObject\",\"@id\":\"https:\/\/camping-lac-au-duc.fr\/de\/unterkuenfte\/#primaryimage\",\"inLanguage\":\"de-DE\",\"url\":\"https:\/\/camping-lac-au-duc.fr\/wp-content\/uploads\/2022\/04\/Capture-decran-pod.jpg\",\"contentUrl\":\"https:\/\/camping-lac-au-duc.fr\/wp-content\/uploads\/2022\/04\/Capture-decran-pod.jpg\"},{\"@type\":\"WebPage\",\"@id\":\"https:\/\/camping-lac-au-duc.fr\/de\/unterkuenfte\/#webpage\",\"url\":\"https:\/\/camping-lac-au-duc.fr\/de\/unterkuenfte\/\",\"name\":\"Stellpl\\u00e4tze & Unterk\\u00fcnfte in Plo\\u00ebrmel | Broc\\u00e9liande - Camping du lac\",\"isPartOf\":{\"@id\":\"https:\/\/camping-lac-au-duc.fr\/#website\"},\"primaryImageOfPage\":{\"@id\":\"https:\/\/camping-lac-au-duc.fr\/de\/unterkuenfte\/#primaryimage\"},\"datePublished\":\"2023-11-16T15:09:50+00:00\",\"dateModified\":\"2023-11-17T11:07:19+00:00\",\"description\":\"Bleiben Sie auf unserem 2* Campingplatz in der N\\u00e4he von Broceliande, Loyat und Josselin am Ufer des Lac au Duc in Taupont auf Stellpl\\u00e4tzen oder in Mietunterk\\u00fcnften (Mobilheim oder Ungew\\u00f6hnliches)\",\"breadcrumb\":{\"@id\":\"https:\/\/camping-lac-au-duc.fr\/de\/unterkuenfte\/#breadcrumb\"},\"inLanguage\":\"de-DE\",\"potentialAction\":[{\"@type\":\"ReadAction\",\"target\":[\"https:\/\/camping-lac-au-duc.fr\/de\/unterkuenfte\/\"]}]},{\"@type\":\"BreadcrumbList\",\"@id\":\"https:\/\/camping-lac-au-duc.fr\/de\/unterkuenfte\/#breadcrumb\",\"itemListElement\":[{\"@type\":\"ListItem\",\"position\":1,\"item\":{\"@type\":\"WebPage\",\"@id\":\"https:\/\/camping-lac-au-duc.fr\/de\/\",\"url\":\"https:\/\/camping-lac-au-duc.fr\/de\/\",\"name\":\"Home\"}},{\"@type\":\"ListItem\",\"position\":2,\"item\":{\"@id\":\"https:\/\/camping-lac-au-duc.fr\/de\/unterkuenfte\/#webpage\"}}]}]}<\/script>\n<!-- \/ Yoast SEO plugin. -->","_links":{"self":[{"href":"https:\/\/camping-lac-au-duc.fr\/de\/wp-json\/wp\/v2\/pages\/2514"}],"collection":[{"href":"https:\/\/camping-lac-au-duc.fr\/de\/wp-json\/wp\/v2\/pages"}],"about":[{"href":"https:\/\/camping-lac-au-duc.fr\/de\/wp-json\/wp\/v2\/types\/page"}],"author":[{"embeddable":true,"href":"https:\/\/camping-lac-au-duc.fr\/de\/wp-json\/wp\/v2\/users\/1"}],"replies":[{"embeddable":true,"href":"https:\/\/camping-lac-au-duc.fr\/de\/wp-json\/wp\/v2\/comments?post=2514"}],"version-history":[{"count":2,"href":"https:\/\/camping-lac-au-duc.fr\/de\/wp-json\/wp\/v2\/pages\/2514\/revisions"}],"predecessor-version":[{"id":2589,"href":"https:\/\/camping-lac-au-duc.fr\/de\/wp-json\/wp\/v2\/pages\/2514\/revisions\/2589"}],"wp:attachment":[{"href":"https:\/\/camping-lac-au-duc.fr\/de\/wp-json\/wp\/v2\/media?parent=2514"}],"curies":[{"name":"wp","href":"https:\/\/api.w.org\/{rel}","templated":true}]}}