{"id":2489,"date":"2023-11-16T14:31:45","date_gmt":"2023-11-16T13:31:45","guid":{"rendered":"https:\/\/camping-lac-au-duc.fr\/dienstleistungen\/"},"modified":"2024-02-27T16:48:45","modified_gmt":"2024-02-27T15:48:45","slug":"dienstleistungen","status":"publish","type":"page","link":"https:\/\/camping-lac-au-duc.fr\/de\/dienstleistungen\/","title":{"rendered":"Dienstleistungen"},"content":{"rendered":"\n<div class=\"wp-block-group alignfull section-presentation has-fond-background-color has-background\"><div class=\"wp-block-group__inner-container\">\n<h1 class=\"has-text-align-center titre_1\">Die Dienstleistungen des Campingplatzes<\/h1>\n\n\n\n<h2 class=\"has-text-align-center titre_2\">Eine ideale Umgebung und hochwertige Dienstleistungen, auf dem Campingplatz Lac au Duc<\/h2>\n\n\n\n<div class=\"wp-block-columns alignfull\">\n<div class=\"wp-block-column is-vertically-aligned-center\">\n<p class=\"has-text-align-center liste_pictos has-secondaire-color has-text-color\"><i class=\"fas fa-wifi\"><\/i> <i class=\"fas fa-bread-slice\"><\/i> <i class=\"fas fa-utensils\"><\/i> <i class=\"fas fa-glass-cheers\"><\/i> <i class=\"fas fa-bicycle\"><\/i> <i class=\"fas fa-hospital\"><\/i> <i class=\"fas fa-wheelchair\"><\/i> <i class=\"fas fa-dog\"><\/i><\/p>\n\n\n\n<h3>Qualitativ hochwertige Dienstleistungen auf dem Campingplatz du lac in Taupont<\/h3>\n\n\n\n<p class=\"has-text-align-left\">Wenn Ruhe und Natur den <a href=\"https:\/\/camping-lac-au-duc.fr\/de\/der-campinglatz\/\">Campingplatz<\/a> s\u00e4umen, bieten wir Ihnen eine Reihe von Dienstleistungen an, um Ihnen vor Ort ein Maximum an Serviceleistungen bieten zu k\u00f6nnen, damit Sie m\u00f6glichst viel Zeit f\u00fcr das Konto der <a href=\"https:\/\/camping-lac-au-duc.fr\/de\/aktivitaeten\/\">Aktivit\u00e4ten<\/a>, Besichtigungen und Entspannungsmomente frei haben.<\/p>\n\n\n\n<div style=\"height:47px\" aria-hidden=\"true\" class=\"wp-block-spacer\"><\/div>\n\n\n\n<h3>Snackverpflegung mit Seeblick<\/h3>\n\n\n\n<p>Genie\u00dfen Sie unseren <strong>Snackbereich<\/strong> mit Blick auf den See, wir bieten Qualit\u00e4tsgerichte an: <\/p>\n\n\n\n<ul><li>Pizzas usw.<\/li><\/ul>\n\n\n\n<p>Die Gerichte k\u00f6nnen zum Verzehr vor Ort oder zum Mitnehmen angeboten werden. <br\/>Und nicht zu vergessen die <strong>Bar<\/strong>, in der Sie einen kleinen Drink mit einem herrlichen Blick auf den Lac au Duc in Taupont genie\u00dfen k\u00f6nnen. <br\/>Der Campingplatz bietet in der Saison einen <strong>Br\u00f6tchenservice<\/strong> an.<\/p>\n<\/div>\n\n\n\n<div class=\"wp-block-column\">\n<h3>Die Dienstleistungen des Campingplatzes<\/h3>\n\n\n\n<ul class=\"card_texte\"><li>WLAN auf dem gesamten Campingplatz zu einem erschwinglichen Preis verf\u00fcgbar<\/li><li>Brotverkauf im Juli August<\/li><li>Gasflaschenservice<\/li><li>Waschraum mit Waschmaschine und Trockner<\/li><li>Restaurant- und Barservice<\/li><li>\u00dcbertragung von Sportereignissen auf TV<\/li><li>Konzerte in der Saison<\/li><\/ul>\n\n\n\n<h3>Dienstleistungen in der N\u00e4he des Campingplatzes<\/h3>\n\n\n\n<ul><li>Fahrradverleih, gegen\u00fcber dem Campingplatz<\/li><li>Ein Leclerc-Einkaufszentrum 2 km vom Campingplatz entfernt mit Radweg f\u00fcr Fahrr\u00e4der<\/li><li>Ein Krankenhaus, eine Apotheke usw.<\/li><\/ul>\n<\/div>\n<\/div>\n<\/div><\/div>\n\n<div class=\"wp-block-group alignfull section-bloc_images\"><div class=\"wp-block-group__inner-container\">\n<div class=\"wp-block-columns alignwide\">\n<div class=\"wp-block-column\" style=\"flex-basis:33.33%\">\n<figure class=\"wp-block-image size-large fade-left\"><img width=\"756\" height=\"1008\" src=\"https:\/\/camping-lac-au-duc.fr\/wp-content\/uploads\/2023\/11\/Resized_20230706_120418-1.jpg\" alt=\"Camping Du Lac in Taupont : Resized 20230706 120418 1\" class=\"wp-image-2190\" srcset=\"https:\/\/camping-lac-au-duc.fr\/wp-content\/uploads\/2023\/11\/Resized_20230706_120418-1.jpg 756w, https:\/\/camping-lac-au-duc.fr\/wp-content\/uploads\/2023\/11\/Resized_20230706_120418-1-225x300.jpg 225w\" sizes=\"(max-width: 756px) 100vw, 756px\" \/><\/figure>\n<\/div>\n\n\n\n<div class=\"wp-block-column\" style=\"flex-basis:66.66%\">\n<figure class=\"wp-block-image size-large fade-right\"><img src=\"https:\/\/camping-lac-au-duc.fr\/wp-content\/uploads\/2023\/11\/Camping-du-Lac_SLG5478-1024x683.jpg\" alt=\"Campingplatz Du Lac in Taupont : Camping Du Lac - Eingang des Campingplatzes\" class=\"wp-image-2185\"\/><\/figure>\n\n\n\n<figure class=\"wp-block-image size-large fade-up\"><img src=\"https:\/\/camping-lac-au-duc.fr\/wp-content\/uploads\/2021\/07\/Camping-du-Lac_SLG5353.webp\" alt=\"Lac Au Duc : Camping Du Lac Slg5353\" class=\"wp-image-833\"\/><\/figure>\n<\/div>\n<\/div>\n\n\n\n<div class=\"wp-block-buttons is-content-justification-center btn_snd\">\n<div class=\"wp-block-button\"><a class=\"wp-block-button__link\" href=\"https:\/\/camping-lac-au-duc.fr\/de\/galerij\/\">Alle Fotos ansehen<\/a><\/div>\n<\/div>\n<\/div><\/div>\n","protected":false},"excerpt":{"rendered":"","protected":false},"author":1,"featured_media":0,"parent":0,"menu_order":0,"comment_status":"closed","ping_status":"closed","template":"","meta":[],"yoast_head":"<!-- This site is optimized with the Yoast SEO plugin v16.3 - https:\/\/yoast.com\/wordpress\/plugins\/seo\/ -->\n<title>Dienstleistungen - Camping du Lac in Taupont<\/title>\n<meta name=\"description\" content=\"Genie\u00dfen Sie unsere Dienstleistungen auf unserem Campingplatz Loyat, am Ufer des Lac de Taupont und des Foret de Broc\u00e9liande\" \/>\n<meta name=\"robots\" content=\"index, follow, max-snippet:-1, max-image-preview:large, max-video-preview:-1\" \/>\n<link rel=\"canonical\" href=\"https:\/\/camping-lac-au-duc.fr\/de\/dienstleistungen\/\" \/>\n<meta property=\"og:locale\" content=\"de_DE\" \/>\n<meta property=\"og:type\" content=\"article\" \/>\n<meta property=\"og:title\" content=\"Dienstleistungen - Camping du Lac in Taupont\" \/>\n<meta property=\"og:description\" content=\"Genie\u00dfen Sie unsere Dienstleistungen auf unserem Campingplatz Loyat, am Ufer des Lac de Taupont und des Foret de Broc\u00e9liande\" \/>\n<meta property=\"og:url\" content=\"https:\/\/camping-lac-au-duc.fr\/de\/dienstleistungen\/\" \/>\n<meta property=\"og:site_name\" content=\"Camping du Lac in Taupont\" \/>\n<meta property=\"article:modified_time\" content=\"2024-02-27T15:48:45+00:00\" \/>\n<meta property=\"og:image\" content=\"https:\/\/camping-lac-au-duc.fr\/wp-content\/uploads\/2023\/11\/Resized_20230706_120418-1.jpg\" \/>\n<meta name=\"twitter:card\" content=\"summary_large_image\" \/>\n<meta name=\"twitter:label1\" content=\"Est. reading time\">\n\t<meta name=\"twitter:data1\" content=\"1 minute\">\n<script type=\"application\/ld+json\" class=\"yoast-schema-graph\">{\"@context\":\"https:\/\/schema.org\",\"@graph\":[{\"@type\":\"WebSite\",\"@id\":\"https:\/\/camping-lac-au-duc.fr\/#website\",\"url\":\"https:\/\/camping-lac-au-duc.fr\/\",\"name\":\"Lac au duc\",\"description\":\"\",\"potentialAction\":[{\"@type\":\"SearchAction\",\"target\":\"https:\/\/camping-lac-au-duc.fr\/?s={search_term_string}\",\"query-input\":\"required name=search_term_string\"}],\"inLanguage\":\"de-DE\"},{\"@type\":\"ImageObject\",\"@id\":\"https:\/\/camping-lac-au-duc.fr\/de\/dienstleistungen\/#primaryimage\",\"inLanguage\":\"de-DE\",\"url\":\"https:\/\/camping-lac-au-duc.fr\/wp-content\/uploads\/2023\/11\/Resized_20230706_120418-1.jpg\",\"contentUrl\":\"https:\/\/camping-lac-au-duc.fr\/wp-content\/uploads\/2023\/11\/Resized_20230706_120418-1.jpg\",\"width\":756,\"height\":1008,\"caption\":\"Camping Du Lac \\u00e0 Taupont : Resized 20230706 120418 1\"},{\"@type\":\"WebPage\",\"@id\":\"https:\/\/camping-lac-au-duc.fr\/de\/dienstleistungen\/#webpage\",\"url\":\"https:\/\/camping-lac-au-duc.fr\/de\/dienstleistungen\/\",\"name\":\"Dienstleistungen - Camping du Lac in Taupont\",\"isPartOf\":{\"@id\":\"https:\/\/camping-lac-au-duc.fr\/#website\"},\"primaryImageOfPage\":{\"@id\":\"https:\/\/camping-lac-au-duc.fr\/de\/dienstleistungen\/#primaryimage\"},\"datePublished\":\"2023-11-16T13:31:45+00:00\",\"dateModified\":\"2024-02-27T15:48:45+00:00\",\"description\":\"Genie\\u00dfen Sie unsere Dienstleistungen auf unserem Campingplatz Loyat, am Ufer des Lac de Taupont und des Foret de Broc\\u00e9liande\",\"breadcrumb\":{\"@id\":\"https:\/\/camping-lac-au-duc.fr\/de\/dienstleistungen\/#breadcrumb\"},\"inLanguage\":\"de-DE\",\"potentialAction\":[{\"@type\":\"ReadAction\",\"target\":[\"https:\/\/camping-lac-au-duc.fr\/de\/dienstleistungen\/\"]}]},{\"@type\":\"BreadcrumbList\",\"@id\":\"https:\/\/camping-lac-au-duc.fr\/de\/dienstleistungen\/#breadcrumb\",\"itemListElement\":[{\"@type\":\"ListItem\",\"position\":1,\"item\":{\"@type\":\"WebPage\",\"@id\":\"https:\/\/camping-lac-au-duc.fr\/de\/\",\"url\":\"https:\/\/camping-lac-au-duc.fr\/de\/\",\"name\":\"Home\"}},{\"@type\":\"ListItem\",\"position\":2,\"item\":{\"@id\":\"https:\/\/camping-lac-au-duc.fr\/de\/dienstleistungen\/#webpage\"}}]}]}<\/script>\n<!-- \/ Yoast SEO plugin. -->","_links":{"self":[{"href":"https:\/\/camping-lac-au-duc.fr\/de\/wp-json\/wp\/v2\/pages\/2489"}],"collection":[{"href":"https:\/\/camping-lac-au-duc.fr\/de\/wp-json\/wp\/v2\/pages"}],"about":[{"href":"https:\/\/camping-lac-au-duc.fr\/de\/wp-json\/wp\/v2\/types\/page"}],"author":[{"embeddable":true,"href":"https:\/\/camping-lac-au-duc.fr\/de\/wp-json\/wp\/v2\/users\/1"}],"replies":[{"embeddable":true,"href":"https:\/\/camping-lac-au-duc.fr\/de\/wp-json\/wp\/v2\/comments?post=2489"}],"version-history":[{"count":5,"href":"https:\/\/camping-lac-au-duc.fr\/de\/wp-json\/wp\/v2\/pages\/2489\/revisions"}],"predecessor-version":[{"id":3115,"href":"https:\/\/camping-lac-au-duc.fr\/de\/wp-json\/wp\/v2\/pages\/2489\/revisions\/3115"}],"wp:attachment":[{"href":"https:\/\/camping-lac-au-duc.fr\/de\/wp-json\/wp\/v2\/media?parent=2489"}],"curies":[{"name":"wp","href":"https:\/\/api.w.org\/{rel}","templated":true}]}}