{"id":2470,"date":"2023-11-16T14:21:39","date_gmt":"2023-11-16T13:21:39","guid":{"rendered":"https:\/\/camping-lac-au-duc.fr\/der-campinglatz\/"},"modified":"2024-02-27T16:47:18","modified_gmt":"2024-02-27T15:47:18","slug":"der-campinglatz","status":"publish","type":"page","link":"https:\/\/camping-lac-au-duc.fr\/de\/der-campinglatz\/","title":{"rendered":"Der Campingplatz"},"content":{"rendered":"\n<div class=\"wp-block-columns alignfull section-images_texte\">\n<div class=\"wp-block-column is-vertically-aligned-center\">\n<div style=\"height:61px\" aria-hidden=\"true\" class=\"wp-block-spacer\"><\/div>\n\n\n\n<h1 class=\"has-text-align-center titre_1\">Campingplatz Plo\u00ebrmel, Le Lac au Duc, in der N\u00e4he von Broc\u00e9liande<\/h1>\n\n\n\n<p class=\"has-text-align-center titre_2\">Inmitten von bewaldeten Fl\u00e4chen in einer ruhigen und nat\u00fcrlichen Umgebung<\/p>\n\n\n\n<p class=\"has-text-align-left\">Genie\u00dfen Sie unsere schattigen Stellpl\u00e4tze in einer gr\u00fcnen Oase, in der die Ruhe des Wassers und eine \u00fcppige Vegetation aufeinandertreffen. Der Campingplatz liegt am Ufer des <strong>Lac au duc<\/strong>, dem gr\u00f6\u00dften nat\u00fcrlichen See der Bretagne, und <strong>verf\u00fcgt \u00fcber einen gesicherten Zugang<\/strong>. <\/p>\n\n\n\n<div style=\"height:26px\" aria-hidden=\"true\" class=\"wp-block-spacer\"><\/div>\n\n\n\n<h3 class=\"has-text-align-left\">Mobilheim &#8211; ungew\u00f6hnliche Unterkunft &#8211; ger\u00e4umiger Stellplatz<\/h3>\n\n\n\n<p class=\"has-text-align-left\">Genie\u00dfen Sie unsere Premium-Lage mit privater Sanit\u00e4ranlage. Das ganze Vergn\u00fcgen der Einfachheit und der Natur mit dem Komfort der privaten Sanit\u00e4ranlagen, die Folgendes umfassen: Dusche, Waschbecken, WC und Sp\u00fclbecken. Sie m\u00fcssen sich keine Sanit\u00e4ranlagen mehr teilen, denn die Premium-Stellpl\u00e4tze bieten Ihnen eine kleine Ecke ganz f\u00fcr sich allein, damit Sie einen unbeschwerten Aufenthalt mit der Familie oder mit Freunden verbringen k\u00f6nnen. <\/p>\n\n\n\n<div style=\"height:26px\" aria-hidden=\"true\" class=\"wp-block-spacer\"><\/div>\n\n\n\n<h3 class=\"has-text-align-left\">Entdecken Sie die Region<\/h3>\n\n\n\n<p class=\"has-text-align-left\">Neben der Erholung, die Sie sich am Strand des Sees g\u00f6nnen k\u00f6nnen, haben Sie Zugang zu den <strong><a href=\"https:\/\/camping-lac-au-duc.fr\/de\/campingplatz-bei-weg-verte-in-ploermel\/\">Voies Vertes<\/a><\/strong> f\u00fcr eine Fahrradtour und zu zahlreichen Wanderwegen. Die Magie des Ortes wird durch die N\u00e4he zum legend\u00e4ren <strong><a href=\"https:\/\/camping-lac-au-duc.fr\/de\/camping-foret-de-broceliande\/\">Wald von Broc\u00e9liande<\/a><\/strong> vervollst\u00e4ndigt. <\/p>\n\n\n\n<div class=\"wp-block-buttons\">\n<div class=\"wp-block-button\"><a class=\"wp-block-button__link\" href=\"https:\/\/camping-lac-au-duc.fr\/de\/unterkuenfte\/\" target=\"_blank\" rel=\"noreferrer noopener\">Onze accommodatie<\/a><\/div>\n<\/div>\n<\/div>\n\n\n\n<div class=\"wp-block-column images_3\">\n<figure class=\"wp-block-image size-large fade-right\"><img src=\"https:\/\/camping-lac-au-duc.fr\/wp-content\/uploads\/2021\/07\/Camping-du-Lac_SLG5338-1.webp\" alt=\"Lac Au Duc: Campingplatz Du Lac Slg5338\" class=\"wp-image-955\"\/><\/figure>\n\n\n\n<figure class=\"wp-block-image size-large fade-left\"><img src=\"https:\/\/camping-lac-au-duc.fr\/wp-content\/uploads\/2021\/06\/chemin-des-hortensias.webp\" alt=\"Lac Au Duc : Chemin Des Hortensias\" class=\"wp-image-626\"\/><\/figure>\n\n\n\n<figure class=\"wp-block-image size-large fade-up\"><img width=\"1024\" height=\"683\" src=\"https:\/\/camping-lac-au-duc.fr\/wp-content\/uploads\/2022\/04\/bicycles-g2ff500242_1920-1024x683.jpg\" alt=\"Camping Du Lac in Taupont : Fahrr&#xE4;der G2ff500242 1920\" class=\"wp-image-1236\" srcset=\"https:\/\/camping-lac-au-duc.fr\/wp-content\/uploads\/2022\/04\/bicycles-g2ff500242_1920-1024x683.jpg 1024w, https:\/\/camping-lac-au-duc.fr\/wp-content\/uploads\/2022\/04\/bicycles-g2ff500242_1920-300x200.jpg 300w, https:\/\/camping-lac-au-duc.fr\/wp-content\/uploads\/2022\/04\/bicycles-g2ff500242_1920-768x512.jpg 768w, https:\/\/camping-lac-au-duc.fr\/wp-content\/uploads\/2022\/04\/bicycles-g2ff500242_1920-1536x1024.jpg 1536w, https:\/\/camping-lac-au-duc.fr\/wp-content\/uploads\/2022\/04\/bicycles-g2ff500242_1920.jpg 1920w\" sizes=\"(max-width: 1024px) 100vw, 1024px\" \/><\/figure>\n\n\n\n<div class=\"wp-block-buttons is-content-justification-center btn_snd\">\n<div class=\"wp-block-button\"><a class=\"wp-block-button__link\" href=\"https:\/\/camping-lac-au-duc.fr\/de\/galerij\/\">Alle Fotos ansehen<\/a><\/div>\n<\/div>\n<\/div>\n<\/div>\n\n<div class=\"wp-block-group alignfull section-textes_banniere has-fond-background-color has-background\"><div class=\"wp-block-group__inner-container\">\n<h2 class=\"has-text-align-center titre_1\"><em>Angeln<\/em> am Lac au Duc in Morbihan <\/h2>\n\n\n\n<div class=\"wp-block-columns alignfull\">\n<div class=\"wp-block-column\"><\/div>\n<\/div>\n\n\n\n<div class=\"wp-block-cover alignfull has-parallax\" style=\"background-image:url(https:\/\/camping-lac-au-duc.fr\/wp-content\/uploads\/2021\/06\/Peche-sur-le-lac.webp)\"><div class=\"wp-block-cover__inner-container\">\n<p class=\"has-text-align-center has-large-font-size\"><\/p>\n<\/div><\/div>\n<\/div><\/div>\n\n<div class=\"wp-block-columns alignfull section-images_texte\">\n<div class=\"wp-block-column images_2\">\n<figure class=\"wp-block-image size-large fade-left\"><img src=\"https:\/\/camping-lac-au-duc.fr\/wp-content\/uploads\/2021\/06\/arbre-broceliande.webp\" alt=\"Lac Au Duc: Broceliande-Baum\" class=\"wp-image-651\"\/><\/figure>\n\n\n\n<figure class=\"wp-block-image size-large fade-up\"><img src=\"https:\/\/camping-lac-au-duc.fr\/wp-content\/uploads\/2021\/06\/arbre-dore-de-broceliande.webp\" alt=\"Lac Au Duc: Goldener Baum von Broceliande\" class=\"wp-image-475\"\/><\/figure>\n\n\n\n<div class=\"wp-block-buttons is-content-justification-center btn_snd\">\n<div class=\"wp-block-button\"><a class=\"wp-block-button__link\" href=\"https:\/\/camping-lac-au-duc.fr\/de\/galerij\/\">Alle Fotos ansehen<\/a><\/div>\n<\/div>\n<\/div>\n\n\n\n<div class=\"wp-block-column is-vertically-aligned-center\">\n<h2 class=\"has-text-align-center titre_1\">Der Wald von Broc\u00e9liande, eine <strong><em>Legende<\/em><\/strong> im Herzen der Natur<\/h2>\n\n\n\n<p class=\"has-text-align-center titre_2\">Nehmen Sie den Charme der Bretagne in sich auf<\/p>\n\n\n\n<p class=\"has-text-align-left\">Ein Aufenthalt in Le Lac au Duc ist der ideale Ausgangspunkt, um den Wald von Broc\u00e9liande und seine Legenden zu entdecken.<\/p>\n\n\n\n<h3>Besuchen Sie Morbihan und Broc\u00e9liande<\/h3>\n\n\n\n<p class=\"has-text-align-left\">Zwischen Natur und Legende k\u00f6nnen Sie zahlreiche Orte entdecken, an denen Sie angenehme Momente im Kontakt mit der Natur und dem bretonischen Zauber erleben k\u00f6nnen. <br\/>Verpassen Sie nicht:<\/p>\n\n\n\n<ul><li>Der <strong>Wald von<\/strong> <a href=\"https:\/\/camping-lac-au-duc.fr\/de\/camping-foret-de-broceliande\/\"><strong>Broc\u00e9liande<\/strong><\/a>: Im Herzen der Artuslegende,<\/li><li>Der <strong>Hortensien-Rundweg<\/strong>: ein ruhiger und farbenfroher Spaziergang rund um 533 Sorten,<\/li><li><strong>Malestroit <\/strong>: kleine Stadt mit Charakter voller Charme und Geschichte,<\/li><li><strong>Pontivy<\/strong> und sein <strong>mittelalterliches Schloss<\/strong>,<\/li><li><strong>Der Kanal von Nantes und Brest<\/strong>, den man mit dem Fahrrad, zu Fu\u00df oder auf dem Wasser mit 236 Schleusen durchqueren kann,<\/li><li>Und noch viel mehr&#8230;<\/li><\/ul>\n\n\n\n<div class=\"wp-block-buttons is-content-justification-center\">\n<div class=\"wp-block-button\"><a class=\"wp-block-button__link\" href=\"https:\/\/camping-lac-au-duc.fr\/de\/tourismus\/\">Sehen Sie sich die Orte an, die Sie besuchen k\u00f6nnen<\/a><\/div>\n<\/div>\n<\/div>\n<\/div>\n\n<div class=\"wp-block-group alignfull section-texte_milieu section_vagues\"><div class=\"wp-block-group__inner-container\">\n<h2 class=\"has-text-align-center titre_1\">Eine Umgebung f\u00fcr <br\/><em>sich erholen<\/em><\/h2>\n\n\n\n<p class=\"has-text-align-left\">Der Campingplatz du lac au Duc bietet Ihnen eine ruhige und heitere Umgebung, die ideal ist, um mit der Familie oder mit Freunden neue Energie zu tanken. Auf dem Campingplatz und auf dem See von Taupont k\u00f6nnen Sie folgende Aktivit\u00e4ten aus\u00fcben <strong>zahlreiche<a href=\"https:\/\/camping-lac-au-duc.fr\/de\/aktivitaeten\/\">Aktivit\u00e4ten<\/a><\/strong><a href=\"https:\/\/camping-lac-au-duc.fr\/de\/aktivitaeten\/\"> <\/a>: Wassersport, Golf, Fahrrad, Strand, Spielplatz&#8230; Hier findet jeder sein Gl\u00fcck f\u00fcr einen gelungenen Urlaub in der s\u00fcdlichen Bretagne! <br\/>In der N\u00e4he des Campingplatzes finden Sie: Aktivit\u00e4ten, gr\u00fcne und historische Orte&#8230; Alles, was Sie brauchen, um den Moment zu genie\u00dfen und einen <strong>Ruhiger und erholsamer Urlaub<\/strong>.<\/p>\n\n\n\n<div style=\"height:53px\" aria-hidden=\"true\" class=\"wp-block-spacer\"><\/div>\n\n\n\n<h3 class=\"has-text-align-center\">Kleine Tipps f\u00fcr einen Spaziergang im For\u00eat de Broc\u00e9liande<\/h3>\n\n\n\n<p class=\"has-text-align-left\">Wenn dies Ihr erstes Mal auf unserem Campingplatz Broc\u00e9liande ist, haben wir einige Tipps f\u00fcr einen Aufenthalt voller Magie im Herzen der Natur f\u00fcr Sie zusammengestellt: <\/p>\n\n\n\n<ul><li>Entdecken Sie den <strong>immersiven Rundgang &#8220;La Porte des Secrets&#8221;<\/strong>, der zwischen Legenden, Geschichte und Natur alles \u00fcber den Wald von Broc\u00e9liande vermittelt,<\/li><li>Mit gutem <strong>Material wandern<\/strong>: Gute Schuhe und gutes Informationsmaterial von den Tourismusb\u00fcros,<\/li><li><strong>Begegnen Sie den<\/strong> Geschichtenerz\u00e4hlern, Druiden und K\u00fcnstlern, um sich in die Orte einzuf\u00fchlen. Sie werden Sie in die Legende von K\u00f6nig Artus und in die Geschichte der Orte entf\u00fchren.<\/li><\/ul>\n<\/div><\/div>\n","protected":false},"excerpt":{"rendered":"<p>Campingplatz Plo\u00ebrmel, Le Lac au Duc, in der N\u00e4he von Broc\u00e9liande Inmitten von bewaldeten Fl\u00e4chen in einer ruhigen und nat\u00fcrlichen Umgebung Genie\u00dfen Sie unsere schattigen Stellpl\u00e4tze in einer gr\u00fcnen Oase, in der die Ruhe des Wassers und eine \u00fcppige Vegetation aufeinandertreffen. Der Campingplatz liegt am Ufer des Lac au duc, dem gr\u00f6\u00dften nat\u00fcrlichen See der [&hellip;]<\/p>\n","protected":false},"author":1,"featured_media":0,"parent":0,"menu_order":0,"comment_status":"closed","ping_status":"closed","template":"","meta":[],"yoast_head":"<!-- This site is optimized with the Yoast SEO plugin v16.3 - https:\/\/yoast.com\/wordpress\/plugins\/seo\/ -->\n<title>Der Campingplatz Lac au Duc - In Plo\u00ebrmel in der N\u00e4he von Broc\u00e9liande<\/title>\n<meta name=\"description\" content=\"Campingplatz Lac au Duc in Plo\u00ebrmel, nur wenige Schritte vom Wald von Broc\u00e9liande und seinen fabelhaften Legenden entfernt: K\u00f6nig Artus, Lancelot, Merlin der Zauberer...\" \/>\n<meta name=\"robots\" content=\"index, follow, max-snippet:-1, max-image-preview:large, max-video-preview:-1\" \/>\n<link rel=\"canonical\" href=\"https:\/\/camping-lac-au-duc.fr\/de\/der-campinglatz\/\" \/>\n<meta property=\"og:locale\" content=\"de_DE\" \/>\n<meta property=\"og:type\" content=\"article\" \/>\n<meta property=\"og:title\" content=\"Der Campingplatz Lac au Duc - In Plo\u00ebrmel in der N\u00e4he von Broc\u00e9liande\" \/>\n<meta property=\"og:description\" content=\"Campingplatz Lac au Duc in Plo\u00ebrmel, nur wenige Schritte vom Wald von Broc\u00e9liande und seinen fabelhaften Legenden entfernt: K\u00f6nig Artus, Lancelot, Merlin der Zauberer...\" \/>\n<meta property=\"og:url\" content=\"https:\/\/camping-lac-au-duc.fr\/de\/der-campinglatz\/\" \/>\n<meta property=\"og:site_name\" content=\"Camping du Lac in Taupont\" \/>\n<meta property=\"article:modified_time\" content=\"2024-02-27T15:47:18+00:00\" \/>\n<meta property=\"og:image\" content=\"https:\/\/camping-lac-au-duc.fr\/wp-content\/uploads\/2021\/07\/Camping-du-Lac_SLG5338-1.webp\" \/>\n<meta name=\"twitter:card\" content=\"summary_large_image\" \/>\n<meta name=\"twitter:label1\" content=\"Est. reading time\">\n\t<meta name=\"twitter:data1\" content=\"4 minutes\">\n<script type=\"application\/ld+json\" class=\"yoast-schema-graph\">{\"@context\":\"https:\/\/schema.org\",\"@graph\":[{\"@type\":\"WebSite\",\"@id\":\"https:\/\/camping-lac-au-duc.fr\/#website\",\"url\":\"https:\/\/camping-lac-au-duc.fr\/\",\"name\":\"Lac au duc\",\"description\":\"\",\"potentialAction\":[{\"@type\":\"SearchAction\",\"target\":\"https:\/\/camping-lac-au-duc.fr\/?s={search_term_string}\",\"query-input\":\"required name=search_term_string\"}],\"inLanguage\":\"de-DE\"},{\"@type\":\"ImageObject\",\"@id\":\"https:\/\/camping-lac-au-duc.fr\/de\/der-campinglatz\/#primaryimage\",\"inLanguage\":\"de-DE\",\"url\":\"https:\/\/camping-lac-au-duc.fr\/wp-content\/uploads\/2021\/07\/Camping-du-Lac_SLG5338-1.webp\",\"contentUrl\":\"https:\/\/camping-lac-au-duc.fr\/wp-content\/uploads\/2021\/07\/Camping-du-Lac_SLG5338-1.webp\",\"caption\":\"Lac Au Duc : Camping Du Lac Slg5338\"},{\"@type\":\"WebPage\",\"@id\":\"https:\/\/camping-lac-au-duc.fr\/de\/der-campinglatz\/#webpage\",\"url\":\"https:\/\/camping-lac-au-duc.fr\/de\/der-campinglatz\/\",\"name\":\"Der Campingplatz Lac au Duc - In Plo\\u00ebrmel in der N\\u00e4he von Broc\\u00e9liande\",\"isPartOf\":{\"@id\":\"https:\/\/camping-lac-au-duc.fr\/#website\"},\"primaryImageOfPage\":{\"@id\":\"https:\/\/camping-lac-au-duc.fr\/de\/der-campinglatz\/#primaryimage\"},\"datePublished\":\"2023-11-16T13:21:39+00:00\",\"dateModified\":\"2024-02-27T15:47:18+00:00\",\"description\":\"Campingplatz Lac au Duc in Plo\\u00ebrmel, nur wenige Schritte vom Wald von Broc\\u00e9liande und seinen fabelhaften Legenden entfernt: K\\u00f6nig Artus, Lancelot, Merlin der Zauberer...\",\"breadcrumb\":{\"@id\":\"https:\/\/camping-lac-au-duc.fr\/de\/der-campinglatz\/#breadcrumb\"},\"inLanguage\":\"de-DE\",\"potentialAction\":[{\"@type\":\"ReadAction\",\"target\":[\"https:\/\/camping-lac-au-duc.fr\/de\/der-campinglatz\/\"]}]},{\"@type\":\"BreadcrumbList\",\"@id\":\"https:\/\/camping-lac-au-duc.fr\/de\/der-campinglatz\/#breadcrumb\",\"itemListElement\":[{\"@type\":\"ListItem\",\"position\":1,\"item\":{\"@type\":\"WebPage\",\"@id\":\"https:\/\/camping-lac-au-duc.fr\/de\/\",\"url\":\"https:\/\/camping-lac-au-duc.fr\/de\/\",\"name\":\"Home\"}},{\"@type\":\"ListItem\",\"position\":2,\"item\":{\"@id\":\"https:\/\/camping-lac-au-duc.fr\/de\/der-campinglatz\/#webpage\"}}]}]}<\/script>\n<!-- \/ Yoast SEO plugin. -->","_links":{"self":[{"href":"https:\/\/camping-lac-au-duc.fr\/de\/wp-json\/wp\/v2\/pages\/2470"}],"collection":[{"href":"https:\/\/camping-lac-au-duc.fr\/de\/wp-json\/wp\/v2\/pages"}],"about":[{"href":"https:\/\/camping-lac-au-duc.fr\/de\/wp-json\/wp\/v2\/types\/page"}],"author":[{"embeddable":true,"href":"https:\/\/camping-lac-au-duc.fr\/de\/wp-json\/wp\/v2\/users\/1"}],"replies":[{"embeddable":true,"href":"https:\/\/camping-lac-au-duc.fr\/de\/wp-json\/wp\/v2\/comments?post=2470"}],"version-history":[{"count":9,"href":"https:\/\/camping-lac-au-duc.fr\/de\/wp-json\/wp\/v2\/pages\/2470\/revisions"}],"predecessor-version":[{"id":3107,"href":"https:\/\/camping-lac-au-duc.fr\/de\/wp-json\/wp\/v2\/pages\/2470\/revisions\/3107"}],"wp:attachment":[{"href":"https:\/\/camping-lac-au-duc.fr\/de\/wp-json\/wp\/v2\/media?parent=2470"}],"curies":[{"name":"wp","href":"https:\/\/api.w.org\/{rel}","templated":true}]}}