{"id":2439,"date":"2023-11-16T12:01:48","date_gmt":"2023-11-16T11:01:48","guid":{"rendered":"https:\/\/camping-lac-au-duc.fr\/campingplatz-bei-weg-verte-in-ploermel\/"},"modified":"2024-02-27T16:43:00","modified_gmt":"2024-02-27T15:43:00","slug":"campingplatz-bei-weg-verte-in-ploermel","status":"publish","type":"page","link":"https:\/\/camping-lac-au-duc.fr\/de\/campingplatz-bei-weg-verte-in-ploermel\/","title":{"rendered":"Campingplatz Gr\u00fcner Weg"},"content":{"rendered":"\n<div class=\"wp-block-group alignfull section-texte_milieu section_vagues\"><div class=\"wp-block-group__inner-container\">\n<h1 class=\"has-text-align-center titre_1\">Ihr Campingplatz Voie Verte<\/h1>\n\n\n\n<h2 class=\"has-text-align-center titre_2 has-secondaire-color has-text-color\">Entdecken Sie unseren Campingplatz Voie Verte Morbihan, in Plo\u00ebrmel<\/h2>\n\n\n\n<p class=\"has-text-align-center liste_pictos\"><i class=\"fas fa-bicycle\"><\/i> <i class=\"fas fa-tree\"><\/i> <i class=\"fas fa-water\"><\/i> <i class=\"fas fa-umbrella-beach\"><\/i> <i class=\"fas fa-ship\"><\/i> <i class=\"fas fa-anchor\"><\/i> <i class=\"fas fa-snowboarding\"><\/i> <i class=\"fas fa-futbol\"><\/i>  <\/p>\n\n\n\n<div style=\"height:36px\" aria-hidden=\"true\" class=\"wp-block-spacer\"><\/div>\n\n\n\n<p>Am Ufer des <a href=\"https:\/\/camping-lac-au-duc.fr\/de\/lac-au-duc\/\" target=\"_blank\" rel=\"noreferrer noopener\"><strong>Lac au Duc<\/strong><\/a>, dem gr\u00f6\u00dften nat\u00fcrlichen See der Bretagne, mit <strong>gesichertem Zugang<\/strong> liegt der <strong>Campingplatz Voie Verte<\/strong> in einer gr\u00fcnen Oase, in der sich die Ruhe des Wassers und eine \u00fcppige Vegetation vereinen. Sie k\u00f6nnen sich nicht nur am Strand des Sees erholen, sondern haben auch <strong>Zugang zu den gr\u00fcnen Wegen<\/strong> f\u00fcr eine Fahrradtour und zu zahlreichen Wanderwegen. Die Magie des Ortes wird durch die N\u00e4he zum legend\u00e4ren <a href=\"https:\/\/camping-lac-au-duc.fr\/de\/camping-foret-de-broceliande\/\" target=\"_blank\" rel=\"noreferrer noopener\">Wald von Broc\u00e9liande<\/a> vervollst\u00e4ndigt&#8230; Entdecken Sie auch <a href=\"https:\/\/camping-lac-au-duc.fr\/de\/camping-malestroit\/\" target=\"_blank\" rel=\"noreferrer noopener\">Malestroit<\/a>, <a href=\"https:\/\/camping-lac-au-duc.fr\/de\/camping-josselin\/\" target=\"_blank\" rel=\"noreferrer noopener\">Josselin<\/a> und <a href=\"https:\/\/camping-lac-au-duc.fr\/de\/gacilly\/\" target=\"_blank\" rel=\"noreferrer noopener\">la Gacilly<\/a>, unumg\u00e4ngliche Stationen rund um den Campingplatz in Taupont <\/p>\n\n\n\n<div style=\"height:36px\" aria-hidden=\"true\" class=\"wp-block-spacer\"><\/div>\n\n\n\n<h2 class=\"alignwide has-text-align-center has-secondaire-color has-text-color\">Die Tour du Lac au Duc, in Ihrem Camping v\u00e9lo voie verte<\/h2>\n\n\n\n<h3 class=\"alignwide has-text-align-center has-secondaire-color has-text-color\">14 km lange Fahrradtour, bei der Sie der Natur ganz nahe kommen<\/h3>\n\n\n\n<div class=\"wp-block-image fade-up\"><figure class=\"aligncenter size-large is-resized\"><img src=\"https:\/\/camping-lac-au-duc.fr\/wp-content\/uploads\/2021\/10\/bridge-1075847_640.jpg\" alt=\"Campingplatz Du Lac in Taupont : Bridge 1075847 640\" class=\"wp-image-1122\" width=\"480\" height=\"360\" srcset=\"https:\/\/camping-lac-au-duc.fr\/wp-content\/uploads\/2021\/10\/bridge-1075847_640.jpg 640w, https:\/\/camping-lac-au-duc.fr\/wp-content\/uploads\/2021\/10\/bridge-1075847_640-300x225.jpg 300w\" sizes=\"(max-width: 480px) 100vw, 480px\" \/><\/figure><\/div>\n\n\n\n<p>Die Rennstrecke Lac au Duc liegt in der Gemeinde Plo\u00ebrmel, Morbihan (56) und ist etwa <strong>14 Kilometer<\/strong> lang. Diese Strecke, <strong>die ganz dem sanften Verkehr gewidmet ist<\/strong>, f\u00fchrt am Ufer des \u00c9tang au Duc entlang, bevor sie auf den Gr\u00fcnen Weg und den Wanderweg GR37 trifft.<\/p>\n\n\n\n<div style=\"height:36px\" aria-hidden=\"true\" class=\"wp-block-spacer\"><\/div>\n\n\n\n<h2 class=\"has-text-align-center has-secondaire-color has-text-color\">Machen Sie auf Ihrer Reise auf dem Gr\u00fcnen Weg in der Bretagne einen Halt am Lac au Duc;<\/h2>\n\n\n\n<p>F\u00fcr abenteuerlustige Menschen, <strong>die sich entspannen<\/strong> und die <strong>Sch\u00f6nheit der Natur genie\u00dfen k\u00f6nnen m\u00f6chten<\/strong>, ist der Campingplatz du Lac in Taupont eine ausgezeichnete Option. Der Campingplatz bietet ger\u00e4umige, ruhige und gut ausgestattete Stellpl\u00e4tze. Der Campingplatz ist au\u00dferdem einer <strong>der wenigen Campingpl\u00e4tze in der N\u00e4he des Gr\u00fcnen Wegs<\/strong>. Es liegt neben einem gro\u00dfen <strong>Gew\u00e4sser<\/strong>, in dem du baden oder Kanu fahren kannst, wenn du deine Reise abenteuerlicher gestalten oder dich an einem hei\u00dfen Tag einfach nur entspannen oder abk\u00fchlen m\u00f6chtest.<\/p>\n\n\n\n<div class=\"wp-block-image fade-up\"><figure class=\"aligncenter size-large is-resized\"><img src=\"https:\/\/camping-lac-au-duc.fr\/wp-content\/uploads\/2022\/04\/to-go-biking-gc39da6886_1920-1024x683.jpg\" alt=\"Campingplatz Du Lac in Taupont : Fahrrad Gr&#xFC;ner Weg\" class=\"wp-image-1238\" width=\"462\" height=\"308\" srcset=\"https:\/\/camping-lac-au-duc.fr\/wp-content\/uploads\/2022\/04\/to-go-biking-gc39da6886_1920-1024x683.jpg 1024w, https:\/\/camping-lac-au-duc.fr\/wp-content\/uploads\/2022\/04\/to-go-biking-gc39da6886_1920-300x200.jpg 300w, https:\/\/camping-lac-au-duc.fr\/wp-content\/uploads\/2022\/04\/to-go-biking-gc39da6886_1920-768x512.jpg 768w, https:\/\/camping-lac-au-duc.fr\/wp-content\/uploads\/2022\/04\/to-go-biking-gc39da6886_1920-1536x1024.jpg 1536w, https:\/\/camping-lac-au-duc.fr\/wp-content\/uploads\/2022\/04\/to-go-biking-gc39da6886_1920.jpg 1920w\" sizes=\"(max-width: 462px) 100vw, 462px\" \/><\/figure><\/div>\n\n\n\n<div style=\"height:58px\" aria-hidden=\"true\" class=\"wp-block-spacer\"><\/div>\n\n\n\n<h2 class=\"has-secondaire-color has-text-color\">Was ist ein Gr\u00fcner Weg ?<\/h2>\n\n\n\n<p>Der beste Weg, eine Stadt gr\u00fcn und gesund zu halten, besteht darin, eine Umgebung zu schaffen, in der sich die Menschen sicher bewegen und wohlf\u00fchlen k\u00f6nnen. Der Gr\u00fcne Weg ist <strong>eine verkehrsfreie Route<\/strong> f\u00fcr Fu\u00dfg\u00e4nger und Radfahrer, die denjenigen, <strong>die sie benutzen, Sicherheit, Bequemlichkeit und Ruhe bietet<\/strong>.<br\/>Ein gr\u00fcner Weg ist eine Einrichtung auf seinem eigenen Gel\u00e4nde, die dem <strong>nichtmotorisierten Verkehr<\/strong> vorbehalten ist. Er ist f\u00fcr Fu\u00dfg\u00e4nger, Radfahrer, Inlineskater, Menschen mit eingeschr\u00e4nkter Mobilit\u00e4t und Reiter gedacht. Ein gr\u00fcner Weg ist in der Regel eine Stra\u00dfe oder ein Weg, der so angelegt wurde, dass die Nutzung von Kraftfahrzeugen eingeschr\u00e4nkt und k\u00f6rperliche Aktivit\u00e4t gef\u00f6rdert wird, indem attraktive und sichere Fu\u00dfg\u00e4nger- und Radwege angeboten werden.<\/p>\n\n\n\n<h2 class=\"has-secondaire-color has-text-color\">Wo kann man in Plo\u00ebrmel in der Bretagne den Gr\u00fcnen Weg nehmen?<\/h2>\n\n\n\n<p>Sie ist ideal f\u00fcr Radfahrer und <strong>beginnt in der N\u00e4he des Waldes von Broc\u00e9liande<\/strong>, kreuzt Tr\u00e9horenteuc, bevor sie an Plo\u00ebrmel vorbeif\u00fchrt. Danach m\u00fcndet sie in den <strong>Kanal von Nantes nach Brest<\/strong> (6 km s\u00fcdlich von Plo\u00ebrmel).<br\/>Der Voie Verte Messac-Plo\u00ebrmel \u00fcberquert die Vilaine bis zum Voie Verte Mauron-Questembert. Der Weg von Messac nach Guer (Ille-et-Vilaine) besteht aus verdichtetem Sand. Im Morbihan, von Guer nach Plo\u00ebrmel, wechselt der Voie Verte zwischen verdichtetem Sand, zweischichtigem und glattem Putz; Er durchquert die bretonische Bocage und verl\u00e4uft entlang des Oyon von Guer bis hinter Augan.<\/p>\n\n\n\n<h3><strong>Lage<\/strong><\/h3>\n\n\n\n<p>Dieser gr\u00fcne Weg wurde <strong>auf einer stillgelegten Eisenbahnstrecke<\/strong> und verbindet den Fluss Vilaine mit Mauron-Questembert. Dieser gr\u00fcne Weg wurde vom Generalrat des Morbihan angelegt, sodass Radfahrer nun sicher von Rennes nach Redon fahren k\u00f6nnen.<\/p>\n\n\n\n<h3><strong>Eigenschaften<\/strong><\/h3>\n\n\n\n<p>Die Fahrbahnqualit\u00e4t auf dem ersten Abschnitt von Messac bis Guer (25 km) ist ziemlich gleichm\u00e4\u00dfig und gut. Im Gegensatz dazu ist die <strong>Qualit\u00e4t von Guer bis Plo\u00ebrmel<\/strong>(22 km) ausgezeichnet. Von Augan bis Plo\u00ebrmel (10 Kilometer) ist der gr\u00fcne Weg gr\u00f6\u00dftenteils asphaltiert, was das Erlebnis sehr fl\u00fcssig macht. <br\/>Vorsicht dennoch, die Bahn\u00fcberg\u00e4nge sind wenig entwickelt: keine klaren Schilder, Informationen \u00fcber Geschwindigkeitsbegrenzungen und Markierungen f\u00fcr den Bahn\u00fcbergang. Schlie\u00dflich wurden in den H\u00e4fen von Messac-Guipry, Lieuron und Maure-de-Bretagne Picknickpl\u00e4tze eingerichtet.<\/p>\n\n\n\n<h3><strong>Die Strecke<\/strong><\/h3>\n\n\n\n<p>In Messac beginnt der Voie Verte am rechten Ufer der Vilaine: Vor der Br\u00fccke gehen Sie am Fremdenverkehrsamt vorbei und biegen zur Apfelfabrik &#8220;La Fermi\u00e8re&#8221; ab, die sich etwa 50 m von hier entfernt befindet. Der Voie Verte \u00fcberquert den Fluss La Vilaine 200m vom Start entfernt. Er f\u00fchrt weiter auf einer schattigen B\u00f6schung und durchquert zahlreiche kleine St\u00e4dte wie Guer. Die Strecke verl\u00e4sst an einem bestimmten Punkt die alten Eisenbahngleise und beginnt, einer Industriepiste zu folgen. Von Augan aus folgt der Voie Verte dem Tal des Oyon. Von dort aus kann man das Dorf \u00fcber die D134 in Richtung Caro erreichen und dann auf die C4 in Richtung Monterrein wechseln.<br\/>Der Voie Verte wird in der N\u00e4he von Plo\u00ebrmel von der N24 gesperrt und ist nur mit dem Auto oder dem Fahrrad erreichbar. Die gut ausgeschilderte Strecke verl\u00e4uft auf einem geteilten Weg \u00fcber eine Gemeindestra\u00dfe, um dann wiederum \u00fcber die N24 zu f\u00fchren, bevor sie wieder auf die Schnellstra\u00dfe zur\u00fcckkehrt und die alte Strecke erreicht. Wir empfehlen, die <strong>Voie Verte von Plo\u00ebrmel nach Mauron<\/strong> zu nehmen. Dort trifft sie in Plo\u00ebrmel auf die Voie Verte Questembert-Mauron. Sie m\u00fcssen diesen nehmen, der in Richtung des Kanals verl\u00e4uft, und am Anfang des Abstiegs wieder rechts abbiegen.<br\/>Die Landschaft um den Gr\u00fcnen Weg besteht <strong>haupts\u00e4chlich aus land- und forstwirtschaftlichen<\/strong> Fl\u00e4chen. Die Hecken und Gr\u00e4ben, die sie durchziehen, sowie einige Kreuzungen mit W\u00e4ldern verst\u00e4rken das Erlebnis.<\/p>\n\n\n\n<h3><strong>Zugang TER<\/strong><\/h3>\n\n\n\n<p>Nehmen Sie die TER-Verbindung vom <strong>Bahnhof Messac-Guipry<\/strong> auf der Strecke Rennes-Redon.<\/p>\n\n\n\n<p><\/p>\n\n\n\n<div class=\"wp-block-image\"><figure class=\"aligncenter size-large is-resized\"><img src=\"https:\/\/camping-lac-au-duc.fr\/wp-content\/uploads\/2022\/04\/bicycles-g2ff500242_1920-1024x683.jpg\" alt=\"Campingplatz Du Lac in Taupont : Fahrrad Gr&#xFC;ner Weg\" class=\"wp-image-1236\" width=\"564\" height=\"376\" srcset=\"https:\/\/camping-lac-au-duc.fr\/wp-content\/uploads\/2022\/04\/bicycles-g2ff500242_1920-1024x683.jpg 1024w, https:\/\/camping-lac-au-duc.fr\/wp-content\/uploads\/2022\/04\/bicycles-g2ff500242_1920-300x200.jpg 300w, https:\/\/camping-lac-au-duc.fr\/wp-content\/uploads\/2022\/04\/bicycles-g2ff500242_1920-768x512.jpg 768w, https:\/\/camping-lac-au-duc.fr\/wp-content\/uploads\/2022\/04\/bicycles-g2ff500242_1920-1536x1024.jpg 1536w, https:\/\/camping-lac-au-duc.fr\/wp-content\/uploads\/2022\/04\/bicycles-g2ff500242_1920.jpg 1920w\" sizes=\"(max-width: 564px) 100vw, 564px\" \/><\/figure><\/div>\n\n\n\n<div style=\"height:56px\" aria-hidden=\"true\" class=\"wp-block-spacer\"><\/div>\n\n\n\n<h2 class=\"has-secondaire-color has-text-color\">Wo beginnt der Gr\u00fcne Weg in Frankreich?<\/h2>\n\n\n\n<p>Der Voie Verte-Weg beginnt an der <strong>Br\u00fccke Montcy-Notre-Dame<\/strong>, die 1,5 km vom Zentrum von Charleville-M\u00e9zi\u00e8res entfernt liegt.<\/p>\n\n\n\n<h3>Wo sind die gr\u00fcnen Wege?<\/h3>\n\n\n\n<p>Gr\u00fcne Wege sind <strong>Fu\u00dfg\u00e4nger- und Radwege<\/strong>, die normalerweise auf Treidelpfaden von Kan\u00e4len und Fl\u00fcssen, alten Eisenbahnlinien, K\u00fcstenpromenaden und Waldwegen zu finden sind. Diese Wege erm\u00f6glichen es, leicht von einem Ort zum anderen zu gelangen, ohne sich mit motorisierten Fahrzeugen auseinandersetzen zu m\u00fcssen.<\/p>\n\n\n\n<h3>Welches Fahrrad f\u00fcr gr\u00fcne Wege?<\/h3>\n\n\n\n<p>Das Fahrrad wird durch das K\u00fcrzel &#8220;VTC&#8221; erkannt, das f\u00fcr &#8220;V\u00e9lo Tout Chemin&#8221; steht. Es ist ein Fahrrad, mit dem Sie Fahrradtouren auf relativ einfachem Gel\u00e4nde unternehmen k\u00f6nnen: asphaltierte Stra\u00dfe, Treidelpfad usw.<br\/>Man kann Fahrr\u00e4der f\u00fcr alle Arten von <strong>Reisen nutzen, die Radfahren, Gehen und Trampen<\/strong> mit \u00f6ffentlichen Verkehrsmitteln kombinieren.. <br\/>Einige M\u00f6glichkeiten, dies zu tun, sind Radtourismus oder Fahrradtourismus, der <strong>Radfahren und<\/strong> <a href=\"https:\/\/camping-lac-au-duc.fr\/de\/\"><strong>Campen<\/strong><\/a> kombiniert, sowie Wandertourismus. Ein Radweg ist eine Mittel- oder Langstreckenroute f\u00fcr Radfahrer auf Kreis-, Regional- oder Nationalstra\u00dfen. <br\/>Diese Wege m\u00fcssen <strong>Linear, durchgehend und mit Schildern und Gehwegen markiert<\/strong>, um sicher und einfach zu benutzen zu sein. Fahrradwege verbinden die Regionen miteinander und erm\u00f6glichen es, St\u00e4dte unter guten Bedingungen zu durchqueren. Sie liegen auf angenehmen Strecken mit einem <strong>Minimaler H\u00f6henunterschied<\/strong> (nicht mehr als 3%) und sollten auch f\u00fcr die weniger Erfahrenen unter uns geeignet sein.<\/p>\n\n\n\n<p><\/p>\n\n\n\n<p>Nutzen Sie Ihren Aufenthalt in der Bretagne auf unserem Campingplatz zum Radfahren an der K\u00fcste oder im Wald, auf alten Eisenbahnstrecken und Treidelpfaden, im Landesinneren, entlang von Kan\u00e4len und Fl\u00fcssen f\u00fcr Tagesausfl\u00fcge und Wochenendtrips. Machen Sie all dies auf einer Wandertour und nehmen Sie sich die Zeit, auf einem Campingplatz zu \u00fcbernachten, damit Sie Ihre Reise Tag und Nacht weiter genie\u00dfen k\u00f6nnen. Wir bieten zahlreiche <a href=\"https:\/\/camping-lac-au-duc.fr\/de\/unterkuenfte\/\">Unterk\u00fcnfte<\/a> an: Mobilheime, Chalets und ungew\u00f6hnliche Unterk\u00fcnfte. Wenn Sie lieber mit dem Zelt anreisen m\u00f6chten, stellen wir zahlreiche Stellpl\u00e4tze zur Verf\u00fcgung. <\/p>\n\n\n\n<p><\/p>\n<\/div><\/div>\n\n<div class=\"wp-block-image\"><figure class=\"aligncenter size-large is-resized\"><img src=\"https:\/\/camping-lac-au-duc.fr\/wp-content\/uploads\/2021\/05\/martin-magnemyr-i82GSHzaPuY-unsplash-1024x683.jpg\" alt=\"Lac Au Duc : Martin Magnemyr I82gshzapuy Unsplash\" class=\"wp-image-399\" width=\"662\" height=\"441\" srcset=\"https:\/\/camping-lac-au-duc.fr\/wp-content\/uploads\/2021\/05\/martin-magnemyr-i82GSHzaPuY-unsplash-1024x683.jpg 1024w, https:\/\/camping-lac-au-duc.fr\/wp-content\/uploads\/2021\/05\/martin-magnemyr-i82GSHzaPuY-unsplash-300x200.jpg 300w, https:\/\/camping-lac-au-duc.fr\/wp-content\/uploads\/2021\/05\/martin-magnemyr-i82GSHzaPuY-unsplash-768x512.jpg 768w, https:\/\/camping-lac-au-duc.fr\/wp-content\/uploads\/2021\/05\/martin-magnemyr-i82GSHzaPuY-unsplash-1536x1024.jpg 1536w, https:\/\/camping-lac-au-duc.fr\/wp-content\/uploads\/2021\/05\/martin-magnemyr-i82GSHzaPuY-unsplash-2048x1365.jpg 2048w\" sizes=\"(max-width: 662px) 100vw, 662px\" \/><\/figure><\/div>\n\n<p><\/p>\n","protected":false},"excerpt":{"rendered":"","protected":false},"author":1,"featured_media":0,"parent":0,"menu_order":0,"comment_status":"closed","ping_status":"closed","template":"","meta":[],"yoast_head":"<!-- This site is optimized with the Yoast SEO plugin v16.3 - https:\/\/yoast.com\/wordpress\/plugins\/seo\/ -->\n<title>Campingplatz Gr\u00fcner Weg - Camping du Lac in Taupont<\/title>\n<meta name=\"description\" content=\"Fahren Sie auf dem Gr\u00fcnen Radweg in der Bretagne von unserem Campingplatz in Plo\u00ebrmel im Morbihan in der N\u00e4he des Waldes von Broc\u00e9liande. Mobilheim, Zigeunerwagen\" \/>\n<meta name=\"robots\" content=\"index, follow, max-snippet:-1, max-image-preview:large, max-video-preview:-1\" \/>\n<link rel=\"canonical\" href=\"https:\/\/camping-lac-au-duc.fr\/de\/campingplatz-bei-weg-verte-in-ploermel\/\" \/>\n<meta property=\"og:locale\" content=\"de_DE\" \/>\n<meta property=\"og:type\" content=\"article\" \/>\n<meta property=\"og:title\" content=\"Campingplatz Gr\u00fcner Weg - Camping du Lac in Taupont\" \/>\n<meta property=\"og:description\" content=\"Fahren Sie auf dem Gr\u00fcnen Radweg in der Bretagne von unserem Campingplatz in Plo\u00ebrmel im Morbihan in der N\u00e4he des Waldes von Broc\u00e9liande. Mobilheim, Zigeunerwagen\" \/>\n<meta property=\"og:url\" content=\"https:\/\/camping-lac-au-duc.fr\/de\/campingplatz-bei-weg-verte-in-ploermel\/\" \/>\n<meta property=\"og:site_name\" content=\"Camping du Lac in Taupont\" \/>\n<meta property=\"article:modified_time\" content=\"2024-02-27T15:43:00+00:00\" \/>\n<meta property=\"og:image\" content=\"https:\/\/camping-lac-au-duc.fr\/wp-content\/uploads\/2021\/10\/bridge-1075847_640.jpg\" \/>\n<meta name=\"twitter:card\" content=\"summary_large_image\" \/>\n<meta name=\"twitter:label1\" content=\"Est. reading time\">\n\t<meta name=\"twitter:data1\" content=\"7 minutes\">\n<script type=\"application\/ld+json\" class=\"yoast-schema-graph\">{\"@context\":\"https:\/\/schema.org\",\"@graph\":[{\"@type\":\"WebSite\",\"@id\":\"https:\/\/camping-lac-au-duc.fr\/#website\",\"url\":\"https:\/\/camping-lac-au-duc.fr\/\",\"name\":\"Lac au duc\",\"description\":\"\",\"potentialAction\":[{\"@type\":\"SearchAction\",\"target\":\"https:\/\/camping-lac-au-duc.fr\/?s={search_term_string}\",\"query-input\":\"required name=search_term_string\"}],\"inLanguage\":\"de-DE\"},{\"@type\":\"ImageObject\",\"@id\":\"https:\/\/camping-lac-au-duc.fr\/de\/campingplatz-bei-weg-verte-in-ploermel\/#primaryimage\",\"inLanguage\":\"de-DE\",\"url\":\"https:\/\/camping-lac-au-duc.fr\/wp-content\/uploads\/2021\/10\/bridge-1075847_640.jpg\",\"contentUrl\":\"https:\/\/camping-lac-au-duc.fr\/wp-content\/uploads\/2021\/10\/bridge-1075847_640.jpg\",\"width\":640,\"height\":480,\"caption\":\"Camping Du Lac \\u00e0 Taupont : Bridge 1075847 640\"},{\"@type\":\"WebPage\",\"@id\":\"https:\/\/camping-lac-au-duc.fr\/de\/campingplatz-bei-weg-verte-in-ploermel\/#webpage\",\"url\":\"https:\/\/camping-lac-au-duc.fr\/de\/campingplatz-bei-weg-verte-in-ploermel\/\",\"name\":\"Campingplatz Gr\\u00fcner Weg - Camping du Lac in Taupont\",\"isPartOf\":{\"@id\":\"https:\/\/camping-lac-au-duc.fr\/#website\"},\"primaryImageOfPage\":{\"@id\":\"https:\/\/camping-lac-au-duc.fr\/de\/campingplatz-bei-weg-verte-in-ploermel\/#primaryimage\"},\"datePublished\":\"2023-11-16T11:01:48+00:00\",\"dateModified\":\"2024-02-27T15:43:00+00:00\",\"description\":\"Fahren Sie auf dem Gr\\u00fcnen Radweg in der Bretagne von unserem Campingplatz in Plo\\u00ebrmel im Morbihan in der N\\u00e4he des Waldes von Broc\\u00e9liande. Mobilheim, Zigeunerwagen\",\"breadcrumb\":{\"@id\":\"https:\/\/camping-lac-au-duc.fr\/de\/campingplatz-bei-weg-verte-in-ploermel\/#breadcrumb\"},\"inLanguage\":\"de-DE\",\"potentialAction\":[{\"@type\":\"ReadAction\",\"target\":[\"https:\/\/camping-lac-au-duc.fr\/de\/campingplatz-bei-weg-verte-in-ploermel\/\"]}]},{\"@type\":\"BreadcrumbList\",\"@id\":\"https:\/\/camping-lac-au-duc.fr\/de\/campingplatz-bei-weg-verte-in-ploermel\/#breadcrumb\",\"itemListElement\":[{\"@type\":\"ListItem\",\"position\":1,\"item\":{\"@type\":\"WebPage\",\"@id\":\"https:\/\/camping-lac-au-duc.fr\/de\/\",\"url\":\"https:\/\/camping-lac-au-duc.fr\/de\/\",\"name\":\"Home\"}},{\"@type\":\"ListItem\",\"position\":2,\"item\":{\"@id\":\"https:\/\/camping-lac-au-duc.fr\/de\/campingplatz-bei-weg-verte-in-ploermel\/#webpage\"}}]}]}<\/script>\n<!-- \/ Yoast SEO plugin. -->","_links":{"self":[{"href":"https:\/\/camping-lac-au-duc.fr\/de\/wp-json\/wp\/v2\/pages\/2439"}],"collection":[{"href":"https:\/\/camping-lac-au-duc.fr\/de\/wp-json\/wp\/v2\/pages"}],"about":[{"href":"https:\/\/camping-lac-au-duc.fr\/de\/wp-json\/wp\/v2\/types\/page"}],"author":[{"embeddable":true,"href":"https:\/\/camping-lac-au-duc.fr\/de\/wp-json\/wp\/v2\/users\/1"}],"replies":[{"embeddable":true,"href":"https:\/\/camping-lac-au-duc.fr\/de\/wp-json\/wp\/v2\/comments?post=2439"}],"version-history":[{"count":7,"href":"https:\/\/camping-lac-au-duc.fr\/de\/wp-json\/wp\/v2\/pages\/2439\/revisions"}],"predecessor-version":[{"id":3086,"href":"https:\/\/camping-lac-au-duc.fr\/de\/wp-json\/wp\/v2\/pages\/2439\/revisions\/3086"}],"wp:attachment":[{"href":"https:\/\/camping-lac-au-duc.fr\/de\/wp-json\/wp\/v2\/media?parent=2439"}],"curies":[{"name":"wp","href":"https:\/\/api.w.org\/{rel}","templated":true}]}}