{"id":2259,"date":"2023-11-14T11:24:24","date_gmt":"2023-11-14T10:24:24","guid":{"rendered":"https:\/\/camping-lac-au-duc.fr\/camping-josselin-2\/"},"modified":"2024-02-27T16:37:47","modified_gmt":"2024-02-27T15:37:47","slug":"camping-josselin","status":"publish","type":"page","link":"https:\/\/camping-lac-au-duc.fr\/de\/camping-josselin\/","title":{"rendered":"Camping Josselin"},"content":{"rendered":"\n<div class=\"wp-block-columns alignfull section-images_texte section_vagues has-fond-background-color has-background\">\n<div class=\"wp-block-column images_2\">\n<figure class=\"wp-block-image size-large fade-left\"><img width=\"1024\" height=\"701\" src=\"https:\/\/camping-lac-au-duc.fr\/wp-content\/uploads\/2022\/07\/Josselin_Morbihan-1024x701.jpg\" alt=\"Camping Josselin, morbihan\" class=\"wp-image-1658\" srcset=\"https:\/\/camping-lac-au-duc.fr\/wp-content\/uploads\/2022\/07\/Josselin_Morbihan-1024x701.jpg 1024w, https:\/\/camping-lac-au-duc.fr\/wp-content\/uploads\/2022\/07\/Josselin_Morbihan-300x205.jpg 300w, https:\/\/camping-lac-au-duc.fr\/wp-content\/uploads\/2022\/07\/Josselin_Morbihan-768x526.jpg 768w, https:\/\/camping-lac-au-duc.fr\/wp-content\/uploads\/2022\/07\/Josselin_Morbihan-1536x1052.jpg 1536w, https:\/\/camping-lac-au-duc.fr\/wp-content\/uploads\/2022\/07\/Josselin_Morbihan-2048x1403.jpg 2048w\" sizes=\"(max-width: 1024px) 100vw, 1024px\" \/><\/figure>\n\n\n\n<figure class=\"wp-block-image size-large fade-up\"><img width=\"1024\" height=\"707\" src=\"https:\/\/camping-lac-au-duc.fr\/wp-content\/uploads\/2022\/07\/Josselin-village.jpg\" alt=\"Josselin bretagne\" class=\"wp-image-1660\" srcset=\"https:\/\/camping-lac-au-duc.fr\/wp-content\/uploads\/2022\/07\/Josselin-village.jpg 1024w, https:\/\/camping-lac-au-duc.fr\/wp-content\/uploads\/2022\/07\/Josselin-village-300x207.jpg 300w, https:\/\/camping-lac-au-duc.fr\/wp-content\/uploads\/2022\/07\/Josselin-village-768x530.jpg 768w\" sizes=\"(max-width: 1024px) 100vw, 1024px\" \/><\/figure>\n<\/div>\n\n\n\n<div class=\"wp-block-column\">\n<h1 class=\"has-text-align-center titre_1 has-primaire-color has-text-color\">Camping Josselin<\/h1>\n\n\n\n<h2 class=\"alignwide has-text-align-center titre_2\"> Aufenthalt auf dem Campingplatz &#8220;Lac au duc&#8221; bei Josselin<\/h2>\n\n\n\n<div style=\"height:11px\" aria-hidden=\"true\" class=\"wp-block-spacer\"><\/div>\n\n\n\n<p class=\"has-text-align-left\">M\u00f6chten Sie einen Urlaub in der Bretagne, dem Land der Mythen und Legenden, verbringen? Besuchen Sie mit Kindern eine Burg und erz\u00e4hlen Sie Geschichten von Rittern, Wundern und einem verwunschenen Wald Entscheiden Sie sich f\u00fcr einen Campingurlaub in der N\u00e4he von Josselin, einer kleinen Stadt mit Charakter im Morbihan! <\/p>\n\n\n\n<p class=\"has-text-align-left\">Der Camping du Lac in Taupon, am Ufer des Lac au Duc, empf\u00e4ngt Sie inmitten der Natur in einer friedlichen und ruhigen Umgebung; Hier werden Sie unvergessliche Momente mit Ihrer Familie verbringen, sowohl wegen der Qualit\u00e4t unserer Einrichtungen als auch wegen der zahlreichen Aktivit\u00e4ten und Besichtigungen, die Sie in Josselin unternehmen k\u00f6nnen;<\/p>\n\n\n\n<h2 class=\"has-text-align-left\">Was kann man in Josselin in der N\u00e4he unseres Campingplatzes unternehmen?<\/h2>\n\n\n\n<h3 class=\"has-text-align-left\">Das Schloss von Josselin<\/h3>\n\n\n\n<p class=\"has-text-align-left\">Die Stadt Josselin liegt am Ufer des Flusses Oust und wird von ihrem majest\u00e4tischen Schloss \u00fcberragt, einer mittelalterlichen Festung, die im Laufe der Zeit mehrmals umgebaut wurde.<br\/>Auf der Flussseite beeindrucken seine drei runden T\u00fcrme, die sich im Wasserlauf spiegeln. Sie zeugen von seinen feudalen Urspr\u00fcngen. Auf der Gartenseite ist die Fassade im Stil der Flamboyant-Gotik, die in der Renaissance ver\u00e4ndert wurde, beeindruckend; Seltenerweise ist dieses prunkvolle Bauwerk seit \u00fcber 1000 Jahren im Besitz der Familie Rohan! Ein Besuch lohnt sich. Die Eintrittskarte f\u00fcr die <a href=\"https:\/\/www.chateaudejosselin.com\/\">Schloss<\/a> beinhaltet den Zugang zur ersten Etage, zu den G\u00e4rten und zum Puppen- und Spielzeugmuseum, um den Tag mit begeisterten Kindern ausklingen zu lassen.<\/p>\n\n\n\n<h3 class=\"has-text-align-left\">Familienaktivit\u00e4ten in Josselin<\/h3>\n\n\n\n<p class=\"has-text-align-left\">Um dieses denkmalgesch\u00fctzte Geb\u00e4ude aus einem anderen Blickwinkel zu entdecken, hier zwei Aktivit\u00e4ten, die Sie mit Ihren Kleinkindern teilen k\u00f6nnen:<\/p>\n\n\n\n<ul><li>Eine Fahrt mit dem Kanu oder einem Elektroboot auf dem Kanal von Nantes nach Brest.<\/li><li>Ein Spaziergang zu Fu\u00df. Auf einem Rundwanderweg k\u00f6nnen Sie in 3,6 km Fu\u00dfmarsch das gesamte Kulturerbe dieser charaktervollen Stadt entdecken.<\/li><\/ul>\n\n\n\n<p class=\"has-text-align-left\">So wunderbar die Festung auch ist, vergessen Sie nicht, sich in der Stadt und ihrem bemerkenswerten mittelalterlichen Vorort umzusehen. Auf dem Programm stehen:<\/p>\n\n\n\n<ul><li>Das Viertel Sainte-Croix mit seinen Fachwerkh\u00e4usern ;<\/li><li>Die Basilika Notre-Dame-du-Roncier, ein romanisches Geb\u00e4ude, das im 9. Jahrhundert dank einer wundersamen Statue der Jungfrau Maria, die einer Blinden das Augenlicht zur\u00fcckgegeben haben soll, zu einem wichtigen bretonischen Pilgerort wurde.<\/li><\/ul>\n<\/div>\n<\/div>\n\n<div class=\"wp-block-columns alignfull section-images_texte\">\n<div class=\"wp-block-column\">\n<h2 class=\"has-text-align-center titre_1 has-primaire-color has-text-color\">Aufenthalt in Josselin auf dem Campingplatz<\/h2>\n\n\n\n<h3 class=\"has-text-align-center titre_2\"><strong><br\/>Wohnmobilstellplatz<\/strong> Josselin und <strong>Vermietung<\/strong> von Mobilheimen<\/h3>\n\n\n\n<p class=\"has-text-align-left\">Der Campingplatz du Lac in Taupont liegt auf halbem Weg zwischen Josselin und dem mythischen <a href=\"https:\/\/camping-lac-au-duc.fr\/de\/camping-foret-de-broceliande\/\">Wald von Broc\u00e9liande<\/a>. Von Ihrem Urlaubsort aus ben\u00f6tigen Sie weniger als 15 Minuten mit dem Auto, um die charaktervolle Stadt und ihr Schloss zu erreichen. Die Gemeinde Plo\u00ebrmel und alle ihre Einrichtungen sind weniger als 5 km entfernt.<\/p>\n\n\n\n<h3 class=\"has-text-align-left\"><br\/>Der Campingplatz du Lac in einer au\u00dfergew\u00f6hnlichen Umgebung<\/h3>\n\n\n\n<p class=\"has-text-align-left\">Am Rande unseres <a href=\"https:\/\/camping-lac-au-duc.fr\/de\/\">Campingplatzes Lac au Duc<\/a> ist die Umgebung friedlich und ideal f\u00fcr einen Aufenthalt mit der Familie oder mit Freunden. Gr\u00fcn, entspannend, erholsam &#8211; ein Urlaub, in dem Sie sich entspannen und gleichzeitig von den zahlreichen Dienstleistungen und Aktivit\u00e4ten profitieren k\u00f6nnen, die Ihnen auf unserem 2-Sterne-Campingplatz zur Verf\u00fcgung stehen.<\/p>\n\n\n\n<p class=\"has-text-align-left\">Unser Campingplatz liegt inmitten der Natur und verf\u00fcgt \u00fcber einen direkten und sicheren Zugang zum See. Er l\u00e4dt mit seinem feinen Sandstrand und den M\u00f6glichkeiten f\u00fcr ruhige Wassersportarten (Tretboot, Elektroboot) zum Faulenzen ein. Auch Sportbegeisterte kommen beim Segeln, Kajakfahren oder Paddeln auf ihre Kosten. F\u00fcr Angelfreunde sei au\u00dferdem gesagt, dass der Lac au Duc zu den besten <strong>Angelpl\u00e4tzen<\/strong> Frankreichs geh\u00f6rt!<\/p>\n\n\n\n<h3 class=\"has-text-align-left\">Zahlreiche Aktivit\u00e4ten auf dem Campingplatz<\/h3>\n\n\n\n<p class=\"has-text-align-left\">In unmittelbarer N\u00e4he des Campingplatzes gibt es daher zahlreiche Aktivit\u00e4ten: Spielpl\u00e4tze, Tennis, Fahrradverleih, direkter Zugang zum <a href=\"https:\/\/camping-lac-au-duc.fr\/de\/campingplatz-bei-weg-verte-in-ploermel\/\">Gr\u00fcnen Weg<\/a> nach Saint-Malo, Wandern, Golf, etc. Unm\u00f6glich, dass sich Ihre Kinder langweilen. Entdecken Sie die St\u00e4dte in der Umgebung des Campingplatzes: <a href=\"https:\/\/camping-lac-au-duc.fr\/de\/camping-malestroit\/\" target=\"_blank\" rel=\"noreferrer noopener\">Malestroit<\/a>, <a href=\"https:\/\/camping-lac-au-duc.fr\/de\/gacilly\/\" target=\"_blank\" rel=\"noreferrer noopener\">La Gacilly<\/a>, etc. <\/p>\n\n\n\n<p class=\"has-text-align-left\">Um den Eltern den Alltag auf dem Campingplatz zu erleichtern, gibt es einen Restaurantservice, einen Br\u00f6tchenservice und eine Waschk\u00fcche mit Waschmaschine und Trockner.<br\/><\/p>\n\n\n\n<h3 class=\"has-text-align-left\">Unterkunft und Wohnmobilstellplatz<\/h3>\n\n\n\n<p class=\"has-text-align-left\">W\u00e4hlen Sie aus <a href=\"https:\/\/camping-lac-au-duc.fr\/de\/unterkuenfte\/\">unseren<\/a> Mobilheimen und Chalets Ihre Unterkunft aus oder schlagen Sie Ihr Lager auf einem gro\u00dfen, schattigen Stellplatz auf. Wir hei\u00dfen jeden auf unserem Anwesen am See herzlich willkommen. Ob Zeltplanen, Wohnwagen, Vans oder Wohnmobile &#8211; hier finden Sie das passende Gel\u00e4nde. Bleiben Sie auf unserem Campingplatz und nutzen <a href=\"https:\/\/camping-lac-au-duc.fr\/broceliande-camping-car\/\">Sie unseren Zeltplatz in der N\u00e4he von Josselin<\/a>. <\/p>\n\n\n\n<p class=\"has-text-align-left\">Radwanderer, Urlauber ohne Ausr\u00fcstung auf der Suche nach einem Natururlaub? Entscheiden Sie sich f\u00fcr unsere ungew\u00f6hnliche Unterkunft im Freien, im S\u00fcden Morbihans!<\/p>\n<\/div>\n\n\n\n<div class=\"wp-block-column images_2\">\n<div class=\"wp-block-image fade-right\"><figure class=\"aligncenter size-large\"><img src=\"https:\/\/camping-lac-au-duc.fr\/wp-content\/uploads\/2021\/07\/Camping-du-Lac_SLG5308.webp\" alt=\"Wohnmobilstellplatz Taupont\" class=\"wp-image-893\"\/><\/figure><\/div>\n\n\n\n<figure class=\"wp-block-image size-large fade-up\"><img src=\"https:\/\/camping-lac-au-duc.fr\/wp-content\/uploads\/2022\/04\/Capture-decran-pod.jpg\" alt=\"ungew&#xF6;hnliche unterkunft morbihan pod\" class=\"wp-image-1182\"\/><\/figure>\n<\/div>\n<\/div>\n","protected":false},"excerpt":{"rendered":"<p>Camping Josselin Aufenthalt auf dem Campingplatz &#8220;Lac au duc&#8221; bei Josselin M\u00f6chten Sie einen Urlaub in der Bretagne, dem Land der Mythen und Legenden, verbringen? Besuchen Sie mit Kindern eine Burg und erz\u00e4hlen Sie Geschichten von Rittern, Wundern und einem verwunschenen Wald Entscheiden Sie sich f\u00fcr einen Campingurlaub in der N\u00e4he von Josselin, einer kleinen [&hellip;]<\/p>\n","protected":false},"author":1,"featured_media":0,"parent":0,"menu_order":0,"comment_status":"closed","ping_status":"closed","template":"","meta":[],"yoast_head":"<!-- This site is optimized with the Yoast SEO plugin v16.3 - https:\/\/yoast.com\/wordpress\/plugins\/seo\/ -->\n<title>Camping Josselin - Camping du Lac in Taupont<\/title>\n<meta name=\"description\" content=\"\u00dcbernachten Sie auf unserem Campingplatz in der N\u00e4he von Josselin, dem Lac au duc am Ufer des Lac de Taupont in Ploermel. Mobilheim, ungew\u00f6hnliche Unterkunft, Wohnmobilstellplatz\" \/>\n<meta name=\"robots\" content=\"index, follow, max-snippet:-1, max-image-preview:large, max-video-preview:-1\" \/>\n<link rel=\"canonical\" href=\"https:\/\/camping-lac-au-duc.fr\/de\/camping-josselin\/\" \/>\n<meta property=\"og:locale\" content=\"de_DE\" \/>\n<meta property=\"og:type\" content=\"article\" \/>\n<meta property=\"og:title\" content=\"Camping Josselin - Camping du Lac in Taupont\" \/>\n<meta property=\"og:description\" content=\"\u00dcbernachten Sie auf unserem Campingplatz in der N\u00e4he von Josselin, dem Lac au duc am Ufer des Lac de Taupont in Ploermel. Mobilheim, ungew\u00f6hnliche Unterkunft, Wohnmobilstellplatz\" \/>\n<meta property=\"og:url\" content=\"https:\/\/camping-lac-au-duc.fr\/de\/camping-josselin\/\" \/>\n<meta property=\"og:site_name\" content=\"Camping du Lac in Taupont\" \/>\n<meta property=\"article:modified_time\" content=\"2024-02-27T15:37:47+00:00\" \/>\n<meta property=\"og:image\" content=\"https:\/\/camping-lac-au-duc.fr\/wp-content\/uploads\/2022\/07\/Josselin_Morbihan-1024x701.jpg\" \/>\n<meta name=\"twitter:card\" content=\"summary_large_image\" \/>\n<meta name=\"twitter:label1\" content=\"Est. reading time\">\n\t<meta name=\"twitter:data1\" content=\"4 minutes\">\n<script type=\"application\/ld+json\" class=\"yoast-schema-graph\">{\"@context\":\"https:\/\/schema.org\",\"@graph\":[{\"@type\":\"WebSite\",\"@id\":\"https:\/\/camping-lac-au-duc.fr\/#website\",\"url\":\"https:\/\/camping-lac-au-duc.fr\/\",\"name\":\"Lac au duc\",\"description\":\"\",\"potentialAction\":[{\"@type\":\"SearchAction\",\"target\":\"https:\/\/camping-lac-au-duc.fr\/?s={search_term_string}\",\"query-input\":\"required name=search_term_string\"}],\"inLanguage\":\"de-DE\"},{\"@type\":\"ImageObject\",\"@id\":\"https:\/\/camping-lac-au-duc.fr\/de\/camping-josselin\/#primaryimage\",\"inLanguage\":\"de-DE\",\"url\":\"https:\/\/camping-lac-au-duc.fr\/wp-content\/uploads\/2022\/07\/Josselin_Morbihan-1024x701.jpg\",\"contentUrl\":\"https:\/\/camping-lac-au-duc.fr\/wp-content\/uploads\/2022\/07\/Josselin_Morbihan-1024x701.jpg\"},{\"@type\":\"WebPage\",\"@id\":\"https:\/\/camping-lac-au-duc.fr\/de\/camping-josselin\/#webpage\",\"url\":\"https:\/\/camping-lac-au-duc.fr\/de\/camping-josselin\/\",\"name\":\"Camping Josselin - Camping du Lac in Taupont\",\"isPartOf\":{\"@id\":\"https:\/\/camping-lac-au-duc.fr\/#website\"},\"primaryImageOfPage\":{\"@id\":\"https:\/\/camping-lac-au-duc.fr\/de\/camping-josselin\/#primaryimage\"},\"datePublished\":\"2023-11-14T10:24:24+00:00\",\"dateModified\":\"2024-02-27T15:37:47+00:00\",\"description\":\"\\u00dcbernachten Sie auf unserem Campingplatz in der N\\u00e4he von Josselin, dem Lac au duc am Ufer des Lac de Taupont in Ploermel. Mobilheim, ungew\\u00f6hnliche Unterkunft, Wohnmobilstellplatz\",\"breadcrumb\":{\"@id\":\"https:\/\/camping-lac-au-duc.fr\/de\/camping-josselin\/#breadcrumb\"},\"inLanguage\":\"de-DE\",\"potentialAction\":[{\"@type\":\"ReadAction\",\"target\":[\"https:\/\/camping-lac-au-duc.fr\/de\/camping-josselin\/\"]}]},{\"@type\":\"BreadcrumbList\",\"@id\":\"https:\/\/camping-lac-au-duc.fr\/de\/camping-josselin\/#breadcrumb\",\"itemListElement\":[{\"@type\":\"ListItem\",\"position\":1,\"item\":{\"@type\":\"WebPage\",\"@id\":\"https:\/\/camping-lac-au-duc.fr\/de\/\",\"url\":\"https:\/\/camping-lac-au-duc.fr\/de\/\",\"name\":\"Home\"}},{\"@type\":\"ListItem\",\"position\":2,\"item\":{\"@id\":\"https:\/\/camping-lac-au-duc.fr\/de\/camping-josselin\/#webpage\"}}]}]}<\/script>\n<!-- \/ Yoast SEO plugin. -->","_links":{"self":[{"href":"https:\/\/camping-lac-au-duc.fr\/de\/wp-json\/wp\/v2\/pages\/2259"}],"collection":[{"href":"https:\/\/camping-lac-au-duc.fr\/de\/wp-json\/wp\/v2\/pages"}],"about":[{"href":"https:\/\/camping-lac-au-duc.fr\/de\/wp-json\/wp\/v2\/types\/page"}],"author":[{"embeddable":true,"href":"https:\/\/camping-lac-au-duc.fr\/de\/wp-json\/wp\/v2\/users\/1"}],"replies":[{"embeddable":true,"href":"https:\/\/camping-lac-au-duc.fr\/de\/wp-json\/wp\/v2\/comments?post=2259"}],"version-history":[{"count":7,"href":"https:\/\/camping-lac-au-duc.fr\/de\/wp-json\/wp\/v2\/pages\/2259\/revisions"}],"predecessor-version":[{"id":3076,"href":"https:\/\/camping-lac-au-duc.fr\/de\/wp-json\/wp\/v2\/pages\/2259\/revisions\/3076"}],"wp:attachment":[{"href":"https:\/\/camping-lac-au-duc.fr\/de\/wp-json\/wp\/v2\/media?parent=2259"}],"curies":[{"name":"wp","href":"https:\/\/api.w.org\/{rel}","templated":true}]}}