{"id":2224,"date":"2023-11-13T12:11:54","date_gmt":"2023-11-13T11:11:54","guid":{"rendered":"https:\/\/camping-lac-au-duc.fr\/aktivitaten\/"},"modified":"2024-02-27T16:26:22","modified_gmt":"2024-02-27T15:26:22","slug":"aktivitaeten","status":"publish","type":"page","link":"https:\/\/camping-lac-au-duc.fr\/de\/aktivitaeten\/","title":{"rendered":"Aktivit\u00e4ten"},"content":{"rendered":"\n<div class=\"wp-block-group alignfull section-texte_milieu section_vagues\"><div class=\"wp-block-group__inner-container\">\n<h1 class=\"has-text-align-center titre_1\">Aktivit\u00e4ten rund um den <em>Lac au Duc<\/em> und Plo\u00ebrmel<\/h1>\n\n\n\n<h2 class=\"has-text-align-center titre_2\">Spa\u00df mit Sicherheit<\/h2>\n\n\n\n<p class=\"has-text-align-center\">Auch wenn auf unserem 2-Sterne-Campingplatz Ruhe und Entspannung herrschen, finden Sie zahlreiche Aktivit\u00e4ten, bei denen Sie sich austoben, eine neue Leidenschaft entdecken oder die Sch\u00f6nheit des Sees genie\u00dfen k\u00f6nnen.<\/p>\n\n\n\n<p class=\"has-text-align-center liste_pictos has-secondaire-color has-text-color\"><i class=\"fas fa-umbrella-beach\"><\/i> <i class=\"fas fa-ship\"><\/i> <i class=\"fas fa-anchor\"><\/i> <i class=\"fas fa-snowboarding\"><\/i> <i class=\"fas fa-water\"><\/i> <i class=\"fas fa-futbol\"><\/i> <i class=\"fas fa-bicycle\"><\/i> <i class=\"fas fa-tree\"><\/i><\/p>\n\n\n\n<ul class=\"liste_mots has-primaire-color has-text-color\"><li>Angelegter Strand<\/li><li>Spielplatz<\/li><li>Tennis<\/li><li>Fahrrad<\/li><li>Gr\u00fcner Weg<\/li><li>Golf<\/li><li>Wanderung<\/li><li>Segel<\/li><li>Kajak<\/li><li>Wassersportliche Aktivit\u00e4ten<\/li><\/ul>\n<\/div><\/div>\n\n<div class=\"wp-block-columns alignfull section-images_texte section_vagues has-fondsecondaire-background-color has-background\">\n<div class=\"wp-block-column images_3\">\n<figure class=\"wp-block-image size-large fade-left\"><img src=\"https:\/\/camping-lac-au-duc.fr\/wp-content\/uploads\/2021\/06\/canoe_lac-au-duc.webp\" alt=\"Lac Au Duc : Canoe Lac Au Duc\" class=\"wp-image-552\"\/><\/figure>\n\n\n\n<figure class=\"wp-block-image size-large fade-right\"><img src=\"https:\/\/camping-lac-au-duc.fr\/wp-content\/uploads\/2021\/06\/Ski-nautique.webp\" alt=\"Lac Au Duc : Ski Nautique\" class=\"wp-image-680\"\/><\/figure>\n\n\n\n<figure class=\"wp-block-image size-large fade-up\"><img src=\"https:\/\/camping-lac-au-duc.fr\/wp-content\/uploads\/2021\/06\/Voile-sur-le-lac.webp\" alt=\"Lac Au Duc : Voile Sur Le Lac\" class=\"wp-image-682\"\/><\/figure>\n\n\n\n<div class=\"wp-block-buttons is-content-justification-center btn_snd\">\n<div class=\"wp-block-button\"><a class=\"wp-block-button__link\" href=\"https:\/\/camping-lac-au-duc.fr\/de\/galerij\/\">Alle Fotos ansehen<\/a><\/div>\n<\/div>\n<\/div>\n\n\n\n<div class=\"wp-block-column is-vertically-aligned-center\">\n<h2 class=\"has-text-align-center titre_1\"><em>Wassersportaktivit\u00e4ten<\/em> auf dem Lac au duc<\/h2>\n\n\n\n<p class=\"has-text-align-left\">Nur wenige Gehminuten vom Campingplatz entfernt bietet Ihnen der <a href=\"https:\/\/www.club-nautique-ploermel-broceliande.com\/\" target=\"_blank\" rel=\"noreferrer noopener nofollow\">Wassersportclub<\/a> zahlreiche Wassersportaktivit\u00e4ten auf dem See an:<\/p>\n\n\n\n<ul><li>Vom <strong>Segeln<\/strong><\/li><li><strong>Kajakfahren<\/strong><\/li><li>Vom <strong>Paddle<\/strong><\/li><li>Du <strong>Riesenpaddle<\/strong>: Ein Paddle, auf dem bis zu 8 Personen Platz finden.<\/li><li>Vom <strong>&#8220;Stepper&#8221;-Paddle<\/strong>: Keine Paddel, bewegen Sie sich mit der Kraft Ihrer Beine vorw\u00e4rts.<\/li><li><strong>Wasserski<\/strong>: Bi-Ski oder Monoski, Sie haben die Wahl!<\/li><li><strong>Baby-Ski<\/strong>: Ab 4 Jahren k\u00f6nnen sich auch die Kleinen wie die Gro\u00dfen am\u00fcsieren.<\/li><li><strong>Wakeboarding<\/strong><\/li><li>Vom <strong>Wakeskaten<\/strong><\/li><li>Von der <strong>Schleppboje<\/strong>: ab 6 Jahren. Nervenkitzel und Lachen sind angesagt!<\/li><li><strong>Elektroboote<\/strong>: Bis zu 5 Personen, der See geh\u00f6rt Ihnen!<\/li><li><strong>Tretboot<\/strong>: bis zu 5 Personen.<\/li><\/ul>\n\n\n\n<p>Seine Wassersportaktivit\u00e4ten k\u00f6nnen Sie mieten, aber auch als Praktikum oder Kurs belegen. <br\/><\/p>\n\n\n\n<h3>Sind Sie eher f\u00fcr Nervenkitzel oder Entspannung? <\/h3>\n\n\n\n<p>Auf dem Lac au duc werden Sie die passende Aktivit\u00e4t f\u00fcr sich finden, sei es eine Familienaktivit\u00e4t mit Kindern (Segeln, Tretbootfahren&#8230;), Teenagern (Boje ziehen, Wasserski&#8230;) oder als Paar (Paddel, Kajak&#8230;). <\/p>\n<\/div>\n<\/div>\n\n<div class=\"wp-block-columns alignfull section-images_texte\">\n<div class=\"wp-block-column is-vertically-aligned-center\">\n<h2 class=\"has-text-align-center titre_1\">Pl\u00e4tze f\u00fcr Ihre <em>Lieblingssportarten<\/em><\/h2>\n\n\n\n<p class=\"has-text-align-center titre_2\">Das Ganze neben dem Campingplatz<\/p>\n\n\n\n<h3>Golf du Lac au Duc in Plo\u00ebrmel<\/h3>\n\n\n\n<p class=\"has-text-align-left\">In der N\u00e4he des Campingplatzes befindet sich ein <strong>Golfplatz<\/strong> (10min mit dem Auto) mit <strong>9 L\u00f6chern<\/strong> und 2935 Metern L\u00e4nge. Sie k\u00f6nnen neben dem Golfplatz auch \u00fcben, aber auch <strong>Zugang<\/strong> zu Golfkursen haben.<\/p>\n\n\n\n<h3>Tennis<\/h3>\n\n\n\n<p>F\u00fcr <strong>Tennisfans<\/strong> gibt es einen neuen Platz, der 2021 neu gestaltet wird und nur wenige Minuten vom Campingplatz entfernt liegt.<\/p>\n\n\n\n<div class=\"wp-block-buttons is-content-justification-center\">\n<div class=\"wp-block-button\"><a class=\"wp-block-button__link\" href=\"https:\/\/camping-lac-au-duc.fr\/de\/dienstleistungen\/\">Entdecken Sie die Dienste<\/a><\/div>\n<\/div>\n<\/div>\n\n\n\n<div class=\"wp-block-column images_2\">\n<figure class=\"wp-block-image size-large fade-right\"><img width=\"1024\" height=\"683\" src=\"https:\/\/camping-lac-au-duc.fr\/wp-content\/uploads\/2023\/11\/Camping-du-Lac_SLG5382-1024x683.jpg\" alt=\"Campingplatz Du Lac in Taupont : Camping Du Lac - Sport- und Aktivit&#xE4;tsgel&#xE4;nde\" class=\"wp-image-2164\" srcset=\"https:\/\/camping-lac-au-duc.fr\/wp-content\/uploads\/2023\/11\/Camping-du-Lac_SLG5382-1024x683.jpg 1024w, https:\/\/camping-lac-au-duc.fr\/wp-content\/uploads\/2023\/11\/Camping-du-Lac_SLG5382-300x200.jpg 300w, https:\/\/camping-lac-au-duc.fr\/wp-content\/uploads\/2023\/11\/Camping-du-Lac_SLG5382-768x512.jpg 768w, https:\/\/camping-lac-au-duc.fr\/wp-content\/uploads\/2023\/11\/Camping-du-Lac_SLG5382-1536x1024.jpg 1536w, https:\/\/camping-lac-au-duc.fr\/wp-content\/uploads\/2023\/11\/Camping-du-Lac_SLG5382-2048x1365.jpg 2048w\" sizes=\"(max-width: 1024px) 100vw, 1024px\" \/><\/figure>\n\n\n\n<figure class=\"wp-block-image size-large fade-up\"><img width=\"1024\" height=\"683\" src=\"https:\/\/camping-lac-au-duc.fr\/wp-content\/uploads\/2023\/11\/Camping-du-Lac_SLG5379-1-1024x683.jpg\" alt=\"Camping Du Lac &#xE0; Taupont : Camping Du Lac - terrain de jeu pour enfants\" class=\"wp-image-2166\" srcset=\"https:\/\/camping-lac-au-duc.fr\/wp-content\/uploads\/2023\/11\/Camping-du-Lac_SLG5379-1-1024x683.jpg 1024w, https:\/\/camping-lac-au-duc.fr\/wp-content\/uploads\/2023\/11\/Camping-du-Lac_SLG5379-1-300x200.jpg 300w, https:\/\/camping-lac-au-duc.fr\/wp-content\/uploads\/2023\/11\/Camping-du-Lac_SLG5379-1-768x512.jpg 768w, https:\/\/camping-lac-au-duc.fr\/wp-content\/uploads\/2023\/11\/Camping-du-Lac_SLG5379-1-1536x1024.jpg 1536w, https:\/\/camping-lac-au-duc.fr\/wp-content\/uploads\/2023\/11\/Camping-du-Lac_SLG5379-1-2048x1365.jpg 2048w\" sizes=\"(max-width: 1024px) 100vw, 1024px\" \/><\/figure>\n\n\n\n<div class=\"wp-block-buttons is-content-justification-center btn_snd\">\n<div class=\"wp-block-button\"><a class=\"wp-block-button__link\" href=\"https:\/\/camping-lac-au-duc.fr\/de\/galerij\/\">Alle Fotos ansehen<\/a><\/div>\n<\/div>\n<\/div>\n<\/div>\n\n<div class=\"wp-block-group alignfull section-texte_milieu section_vagues has-fond-background-color has-background\"><div class=\"wp-block-group__inner-container\">\n<h2 class=\"has-text-align-center titre_1\"><em>Spiele &amp; Aktivit\u00e4ten<\/em> f\u00fcr alle Altersgruppen auf dem Campingplatz in der N\u00e4he von Loyat<\/h2>\n\n\n\n<p class=\"has-text-align-center titre_2\"><\/p>\n\n\n\n<p class=\"has-text-align-center\">Die Aktivit\u00e4ten gehen noch weiter! F\u00fcr einen sportlichen und familienfreundlichen Aufenthalt sind zahlreiche Sportarten vom Campingplatz le Lac au duc in der N\u00e4he von Loyat aus zug\u00e4nglich :<\/p>\n\n\n\n<ul><li><strong>Mountainbiking<\/strong>: Leihen Sie sich ein Mountainbike, wenn Sie kein eigenes haben, und fahren Sie auf dem Gr\u00fcnen Weg oder anderswohin, es gibt viele Wege!<\/li><li><strong>Bogenschie\u00dfen<\/strong>: \u00dcben Sie diesen Sport auf dem Wassersportzentrum aus, das nur wenige Gehminuten vom Campingplatz entfernt ist.<\/li><li><strong>Volleyball<\/strong><\/li><li><strong>Badminton<\/strong>: Sie haben freien Zugang zu einem Hartplatz. Das Spielfeld ist im Freien, es handelt sich um AirBadminton, und das Spielfeld ist brandneu!<\/li><li>Ein <strong>Fu\u00dfballplatz<\/strong> befindet sich ebenfalls 15 Autominuten entfernt.<\/li><\/ul>\n\n\n\n<div style=\"height:51px\" aria-hidden=\"true\" class=\"wp-block-spacer\"><\/div>\n\n\n\n<h2 class=\"has-text-align-center\">Spezielle Aktivit\u00e4ten f\u00fcr Kinder<\/h2>\n\n\n\n<p>Auf dem Campingplatz und in der <strong>Umgebung finden Sie Kinderspielpl\u00e4tze<\/strong>. <br\/>Um ihren Urlaub noch mehr zu genie\u00dfen, k\u00f6nnen die Kinder den <strong>Strand<\/strong>, eine <strong>Segelschule<\/strong> oder auch einen <strong>aufblasbaren Spielpark<\/strong> (kostenpflichtig) nutzen, die nur wenige Gehminuten vom Campingplatz entfernt sind! <\/p>\n\n\n\n<p><strong>Ein Aufenthalt auf dem Campingplatz du Lac in Taupont<\/strong> ist ideal f\u00fcr Familien mit Kindern, da Ihnen zahlreiche Aktivit\u00e4ten auf dem Wasser und an Land angeboten werden. Sie k\u00f6nnen nat\u00fcrlich auch <strong>Ausfl\u00fcge in die Umgebung des Campingplatzes<\/strong> unternehmen und die h\u00fcbschen D\u00f6rfer Josselin und Malestroit entdecken oder mit dem Wald von <strong>Broc\u00e9liande<\/strong> in die Legende eingehen. <\/p>\n<\/div><\/div>\n\n<div class=\"wp-block-group alignfull section-bloc_images\"><div class=\"wp-block-group__inner-container\">\n<div class=\"wp-block-columns alignwide\">\n<div class=\"wp-block-column\" style=\"flex-basis:30%\">\n<figure class=\"wp-block-image size-large fade-left\"><img width=\"756\" height=\"1008\" src=\"https:\/\/camping-lac-au-duc.fr\/wp-content\/uploads\/2023\/11\/Resized_20230712_200302.jpg\" alt=\"Camping Du Lac &#xE0; Taupont : vue sur le lac\" class=\"wp-image-2172\" srcset=\"https:\/\/camping-lac-au-duc.fr\/wp-content\/uploads\/2023\/11\/Resized_20230712_200302.jpg 756w, https:\/\/camping-lac-au-duc.fr\/wp-content\/uploads\/2023\/11\/Resized_20230712_200302-225x300.jpg 225w\" sizes=\"(max-width: 756px) 100vw, 756px\" \/><\/figure>\n<\/div>\n\n\n\n<div class=\"wp-block-column\" style=\"flex-basis:50%\">\n<figure class=\"wp-block-image size-large fade-down\"><img width=\"1024\" height=\"684\" src=\"https:\/\/camping-lac-au-duc.fr\/wp-content\/uploads\/2023\/11\/Camping-du-Lac_SLG6746-1024x684.jpg\" alt=\"Camping Du Lac &#xE0; Taupont : Camping Du Lac - base nautique\" class=\"wp-image-2168\" srcset=\"https:\/\/camping-lac-au-duc.fr\/wp-content\/uploads\/2023\/11\/Camping-du-Lac_SLG6746-1024x684.jpg 1024w, https:\/\/camping-lac-au-duc.fr\/wp-content\/uploads\/2023\/11\/Camping-du-Lac_SLG6746-300x200.jpg 300w, https:\/\/camping-lac-au-duc.fr\/wp-content\/uploads\/2023\/11\/Camping-du-Lac_SLG6746-768x513.jpg 768w, https:\/\/camping-lac-au-duc.fr\/wp-content\/uploads\/2023\/11\/Camping-du-Lac_SLG6746-1536x1025.jpg 1536w, https:\/\/camping-lac-au-duc.fr\/wp-content\/uploads\/2023\/11\/Camping-du-Lac_SLG6746-2048x1367.jpg 2048w\" sizes=\"(max-width: 1024px) 100vw, 1024px\" \/><\/figure>\n\n\n\n<figure class=\"wp-block-image size-large fade-up\"><img width=\"1024\" height=\"576\" src=\"https:\/\/camping-lac-au-duc.fr\/wp-content\/uploads\/2023\/11\/Camping-du-Lac_SLG6743-1024x576.jpg\" alt=\"Camping Du Lac &#xE0; Taupont : Camping Du Lac - vue sur le lac\" class=\"wp-image-2170\" srcset=\"https:\/\/camping-lac-au-duc.fr\/wp-content\/uploads\/2023\/11\/Camping-du-Lac_SLG6743-1024x576.jpg 1024w, https:\/\/camping-lac-au-duc.fr\/wp-content\/uploads\/2023\/11\/Camping-du-Lac_SLG6743-300x169.jpg 300w, https:\/\/camping-lac-au-duc.fr\/wp-content\/uploads\/2023\/11\/Camping-du-Lac_SLG6743-768x432.jpg 768w, https:\/\/camping-lac-au-duc.fr\/wp-content\/uploads\/2023\/11\/Camping-du-Lac_SLG6743-1536x864.jpg 1536w, https:\/\/camping-lac-au-duc.fr\/wp-content\/uploads\/2023\/11\/Camping-du-Lac_SLG6743-2048x1152.jpg 2048w\" sizes=\"(max-width: 1024px) 100vw, 1024px\" \/><\/figure>\n<\/div>\n\n\n\n<div class=\"wp-block-column\" style=\"flex-basis:20%\">\n<figure class=\"wp-block-image size-large fade-right\"><img width=\"756\" height=\"1008\" src=\"https:\/\/camping-lac-au-duc.fr\/wp-content\/uploads\/2023\/11\/Resized_20230706_120418.jpg\" alt=\"Camping Du Lac &#xE0; Taupont : terrasse du restaurant\" class=\"wp-image-2174\" srcset=\"https:\/\/camping-lac-au-duc.fr\/wp-content\/uploads\/2023\/11\/Resized_20230706_120418.jpg 756w, https:\/\/camping-lac-au-duc.fr\/wp-content\/uploads\/2023\/11\/Resized_20230706_120418-225x300.jpg 225w\" sizes=\"(max-width: 756px) 100vw, 756px\" \/><\/figure>\n<\/div>\n<\/div>\n\n\n\n<div class=\"wp-block-buttons is-content-justification-center btn_snd\">\n<div class=\"wp-block-button\"><a class=\"wp-block-button__link\" href=\"https:\/\/camping-lac-au-duc.fr\/de\/galerij\/\">Alle Fotos ansehen<\/a><\/div>\n<\/div>\n<\/div><\/div>\n","protected":false},"excerpt":{"rendered":"<p>Wassersportaktivit\u00e4ten auf dem Lac au duc Nur wenige Gehminuten vom Campingplatz entfernt bietet Ihnen der Wassersportclub zahlreiche Wassersportaktivit\u00e4ten auf dem See an: Vom Segeln Kajakfahren Vom Paddle Du Riesenpaddle: Ein Paddle, auf dem bis zu 8 Personen Platz finden. Vom &#8220;Stepper&#8221;-Paddle: Keine Paddel, bewegen Sie sich mit der Kraft Ihrer Beine vorw\u00e4rts. Wasserski: Bi-Ski oder [&hellip;]<\/p>\n","protected":false},"author":1,"featured_media":0,"parent":0,"menu_order":0,"comment_status":"closed","ping_status":"closed","template":"","meta":[],"yoast_head":"<!-- This site is optimized with the Yoast SEO plugin v16.3 - https:\/\/yoast.com\/wordpress\/plugins\/seo\/ -->\n<title>Aktivit\u00e4ten - Camping du Lac in Taupont<\/title>\n<meta name=\"description\" content=\"Verbringen Sie Ihren Aufenthalt auf unserem Campingplatz am Ufer des Lac au Duc in Taupon, in der N\u00e4he von Broceliande. Nombreuses activit\u00e9s pour les enfantsVerbringen Sie Ihren Aufenthalt auf unserem Campingplatz am Ufer des Lac au Duc in Taupon, in der N\u00e4he von Broceliande. et les parents \u00e0 Loyat\" \/>\n<meta name=\"robots\" content=\"index, follow, max-snippet:-1, max-image-preview:large, max-video-preview:-1\" \/>\n<link rel=\"canonical\" href=\"https:\/\/camping-lac-au-duc.fr\/de\/aktivitaeten\/\" \/>\n<meta property=\"og:locale\" content=\"de_DE\" \/>\n<meta property=\"og:type\" content=\"article\" \/>\n<meta property=\"og:title\" content=\"Aktivit\u00e4ten - Camping du Lac in Taupont\" \/>\n<meta property=\"og:description\" content=\"Verbringen Sie Ihren Aufenthalt auf unserem Campingplatz am Ufer des Lac au Duc in Taupon, in der N\u00e4he von Broceliande. Nombreuses activit\u00e9s pour les enfantsVerbringen Sie Ihren Aufenthalt auf unserem Campingplatz am Ufer des Lac au Duc in Taupon, in der N\u00e4he von Broceliande. et les parents \u00e0 Loyat\" \/>\n<meta property=\"og:url\" content=\"https:\/\/camping-lac-au-duc.fr\/de\/aktivitaeten\/\" \/>\n<meta property=\"og:site_name\" content=\"Camping du Lac in Taupont\" \/>\n<meta property=\"article:modified_time\" content=\"2024-02-27T15:26:22+00:00\" \/>\n<meta property=\"og:image\" content=\"https:\/\/camping-lac-au-duc.fr\/wp-content\/uploads\/2021\/06\/canoe_lac-au-duc.webp\" \/>\n<meta name=\"twitter:card\" content=\"summary_large_image\" \/>\n<meta name=\"twitter:label1\" content=\"Est. reading time\">\n\t<meta name=\"twitter:data1\" content=\"3 minutes\">\n<script type=\"application\/ld+json\" class=\"yoast-schema-graph\">{\"@context\":\"https:\/\/schema.org\",\"@graph\":[{\"@type\":\"WebSite\",\"@id\":\"https:\/\/camping-lac-au-duc.fr\/#website\",\"url\":\"https:\/\/camping-lac-au-duc.fr\/\",\"name\":\"Lac au duc\",\"description\":\"\",\"potentialAction\":[{\"@type\":\"SearchAction\",\"target\":\"https:\/\/camping-lac-au-duc.fr\/?s={search_term_string}\",\"query-input\":\"required name=search_term_string\"}],\"inLanguage\":\"de-DE\"},{\"@type\":\"ImageObject\",\"@id\":\"https:\/\/camping-lac-au-duc.fr\/de\/aktivitaeten\/#primaryimage\",\"inLanguage\":\"de-DE\",\"url\":\"https:\/\/camping-lac-au-duc.fr\/wp-content\/uploads\/2021\/06\/canoe_lac-au-duc.webp\",\"contentUrl\":\"https:\/\/camping-lac-au-duc.fr\/wp-content\/uploads\/2021\/06\/canoe_lac-au-duc.webp\",\"caption\":\"Lac Au Duc : Canoe Lac Au Duc\"},{\"@type\":\"WebPage\",\"@id\":\"https:\/\/camping-lac-au-duc.fr\/de\/aktivitaeten\/#webpage\",\"url\":\"https:\/\/camping-lac-au-duc.fr\/de\/aktivitaeten\/\",\"name\":\"Aktivit\\u00e4ten - Camping du Lac in Taupont\",\"isPartOf\":{\"@id\":\"https:\/\/camping-lac-au-duc.fr\/#website\"},\"primaryImageOfPage\":{\"@id\":\"https:\/\/camping-lac-au-duc.fr\/de\/aktivitaeten\/#primaryimage\"},\"datePublished\":\"2023-11-13T11:11:54+00:00\",\"dateModified\":\"2024-02-27T15:26:22+00:00\",\"description\":\"Verbringen Sie Ihren Aufenthalt auf unserem Campingplatz am Ufer des Lac au Duc in Taupon, in der N\\u00e4he von Broceliande. Nombreuses activit\\u00e9s pour les enfantsVerbringen Sie Ihren Aufenthalt auf unserem Campingplatz am Ufer des Lac au Duc in Taupon, in der N\\u00e4he von Broceliande. et les parents \\u00e0 Loyat\",\"breadcrumb\":{\"@id\":\"https:\/\/camping-lac-au-duc.fr\/de\/aktivitaeten\/#breadcrumb\"},\"inLanguage\":\"de-DE\",\"potentialAction\":[{\"@type\":\"ReadAction\",\"target\":[\"https:\/\/camping-lac-au-duc.fr\/de\/aktivitaeten\/\"]}]},{\"@type\":\"BreadcrumbList\",\"@id\":\"https:\/\/camping-lac-au-duc.fr\/de\/aktivitaeten\/#breadcrumb\",\"itemListElement\":[{\"@type\":\"ListItem\",\"position\":1,\"item\":{\"@type\":\"WebPage\",\"@id\":\"https:\/\/camping-lac-au-duc.fr\/de\/\",\"url\":\"https:\/\/camping-lac-au-duc.fr\/de\/\",\"name\":\"Home\"}},{\"@type\":\"ListItem\",\"position\":2,\"item\":{\"@id\":\"https:\/\/camping-lac-au-duc.fr\/de\/aktivitaeten\/#webpage\"}}]}]}<\/script>\n<!-- \/ Yoast SEO plugin. -->","_links":{"self":[{"href":"https:\/\/camping-lac-au-duc.fr\/de\/wp-json\/wp\/v2\/pages\/2224"}],"collection":[{"href":"https:\/\/camping-lac-au-duc.fr\/de\/wp-json\/wp\/v2\/pages"}],"about":[{"href":"https:\/\/camping-lac-au-duc.fr\/de\/wp-json\/wp\/v2\/types\/page"}],"author":[{"embeddable":true,"href":"https:\/\/camping-lac-au-duc.fr\/de\/wp-json\/wp\/v2\/users\/1"}],"replies":[{"embeddable":true,"href":"https:\/\/camping-lac-au-duc.fr\/de\/wp-json\/wp\/v2\/comments?post=2224"}],"version-history":[{"count":5,"href":"https:\/\/camping-lac-au-duc.fr\/de\/wp-json\/wp\/v2\/pages\/2224\/revisions"}],"predecessor-version":[{"id":3044,"href":"https:\/\/camping-lac-au-duc.fr\/de\/wp-json\/wp\/v2\/pages\/2224\/revisions\/3044"}],"wp:attachment":[{"href":"https:\/\/camping-lac-au-duc.fr\/de\/wp-json\/wp\/v2\/media?parent=2224"}],"curies":[{"name":"wp","href":"https:\/\/api.w.org\/{rel}","templated":true}]}}